{"id":1494,"date":"2019-11-07T16:03:59","date_gmt":"2019-11-07T15:03:59","guid":{"rendered":"https:\/\/cave-joly.ch\/boutique\/merlot-lavaux\/"},"modified":"2024-12-19T08:50:47","modified_gmt":"2024-12-19T07:50:47","slug":"merlot-lavaux-2","status":"publish","type":"product","link":"https:\/\/cave-joly.ch\/de\/produit\/merlot-lavaux-2\/","title":{"rendered":"&#8220;Merlot&#8221; Lavaux"},"content":{"rendered":"","protected":false},"excerpt":{"rendered":"<p>Durch die S\u00fcdlage gedeiht diese mediterrane Rebsorte, die in der Schweiz zunehmend an Beliebtheit gewinnt, wunderbar. Die sch\u00f6ne Struktur und die geschmeidigen Tannine werden durch die 16 Monate im Holzfass verst\u00e4rkt. Dieser Wein passt wunderbar zu rotem Fleisch und allen Schmorgerichten.<\/p>\n<p><strong>Rebsorte :\u00a0<\/strong>Merlot<br \/>\n<strong>Besonderheit :\u00a0<\/strong>Typische Rebsorte der Region Bordeaux, vermehrte Anpflanzung in der Schweiz<br \/>\n<strong>Charakter :\u00a0<\/strong>Intensive rote Farbe mit einem w\u00fcrzigen und fruchtigen Aroma. Die Aromen von roten Fr\u00fcchten sind anhaltend und vermischen sich im Abgang mit Mokkanoten. Am Gaumen geschmeidig mit ausgepr\u00e4gten Tanninen. Der Merlot ist ein strukturierter und komplexer Wein<br \/>\n<strong>Empfehlung :\u00a0<\/strong>Hauptgericht, rotes Fleisch und in Sauce, Wild, Risotto<br \/>\n<strong>Temperatur :\u00a0<\/strong>13 bis 15\u00b0 C<br \/>\n<strong>Haltbarkeit :\u00a0<\/strong>4 bis 8 Jahre, gutes Alterungspotential<\/p>\n","protected":false},"featured_media":1359,"template":"","meta":[],"product_brand":[],"product_cat":[112],"product_tag":[],"class_list":{"0":"post-1494","1":"product","2":"type-product","3":"status-publish","4":"has-post-thumbnail","6":"product_cat-sortiment-m","8":"first","9":"instock","10":"shipping-taxable","11":"purchasable","12":"product-type-simple"},"yoast_head":"<!-- This site is optimized with the Yoast SEO plugin v27.4 - https:\/\/yoast.com\/product\/yoast-seo-wordpress\/ -->\n<title>&quot;Merlot&quot; Lavaux - Cave Joly - Vignerons Encaveurs<\/title>\n<meta name=\"robots\" content=\"index, follow, max-snippet:-1, max-image-preview:large, max-video-preview:-1\" \/>\n<link rel=\"canonical\" href=\"https:\/\/cave-joly.ch\/de\/produit\/merlot-lavaux-2\/\" \/>\n<meta property=\"og:locale\" content=\"de_DE\" \/>\n<meta property=\"og:type\" content=\"article\" \/>\n<meta property=\"og:title\" content=\"&quot;Merlot&quot; Lavaux - Cave Joly - Vignerons Encaveurs\" \/>\n<meta property=\"og:description\" content=\"Durch die S\u00fcdlage gedeiht diese mediterrane Rebsorte, die in der Schweiz zunehmend an Beliebtheit gewinnt, wunderbar. Die sch\u00f6ne Struktur und die geschmeidigen Tannine werden durch die 16 Monate im Holzfass verst\u00e4rkt. Dieser Wein passt wunderbar zu rotem Fleisch und allen Schmorgerichten.  Rebsorte :\u00a0Merlot Besonderheit :\u00a0Typische Rebsorte der Region Bordeaux, vermehrte Anpflanzung in der Schweiz Charakter :\u00a0Intensive rote Farbe mit einem w\u00fcrzigen und fruchtigen Aroma. Die Aromen von roten Fr\u00fcchten sind anhaltend und vermischen sich im Abgang mit Mokkanoten. Am Gaumen geschmeidig mit ausgepr\u00e4gten Tanninen. Der Merlot ist ein strukturierter und komplexer Wein Empfehlung :\u00a0Hauptgericht, rotes Fleisch und in Sauce, Wild, Risotto Temperatur :\u00a013 bis 15\u00b0 C Haltbarkeit :\u00a04 bis 8 Jahre, gutes Alterungspotential\" \/>\n<meta property=\"og:url\" content=\"https:\/\/cave-joly.ch\/de\/produit\/merlot-lavaux-2\/\" \/>\n<meta property=\"og:site_name\" content=\"Cave Joly - Vignerons Encaveurs\" \/>\n<meta property=\"article:publisher\" content=\"https:\/\/www.facebook.com\/cavejoly\" \/>\n<meta property=\"article:modified_time\" content=\"2024-12-19T07:50:47+00:00\" \/>\n<meta property=\"og:image\" content=\"https:\/\/cave-joly.ch\/wp-content\/uploads\/2019\/11\/merlot_web.jpg\" \/>\n\t<meta property=\"og:image:width\" content=\"800\" \/>\n\t<meta property=\"og:image:height\" content=\"1200\" \/>\n\t<meta property=\"og:image:type\" content=\"image\/jpeg\" \/>\n<meta name=\"twitter:card\" content=\"summary_large_image\" \/>\n<script type=\"application\/ld+json\" class=\"yoast-schema-graph\">{\"@context\":\"https:\\\/\\\/schema.org\",\"@graph\":[{\"@type\":\"WebPage\",\"@id\":\"https:\\\/\\\/cave-joly.ch\\\/de\\\/produit\\\/merlot-lavaux-2\\\/\",\"url\":\"https:\\\/\\\/cave-joly.ch\\\/de\\\/produit\\\/merlot-lavaux-2\\\/\",\"name\":\"\\\"Merlot\\\" Lavaux - Cave Joly - Vignerons Encaveurs\",\"isPartOf\":{\"@id\":\"https:\\\/\\\/cave-joly.ch\\\/#website\"},\"primaryImageOfPage\":{\"@id\":\"https:\\\/\\\/cave-joly.ch\\\/de\\\/produit\\\/merlot-lavaux-2\\\/#primaryimage\"},\"image\":{\"@id\":\"https:\\\/\\\/cave-joly.ch\\\/de\\\/produit\\\/merlot-lavaux-2\\\/#primaryimage\"},\"thumbnailUrl\":\"https:\\\/\\\/cave-joly.ch\\\/wp-content\\\/uploads\\\/2019\\\/11\\\/merlot_web.jpg\",\"datePublished\":\"2019-11-07T15:03:59+00:00\",\"dateModified\":\"2024-12-19T07:50:47+00:00\",\"breadcrumb\":{\"@id\":\"https:\\\/\\\/cave-joly.ch\\\/de\\\/produit\\\/merlot-lavaux-2\\\/#breadcrumb\"},\"inLanguage\":\"de\",\"potentialAction\":[{\"@type\":\"ReadAction\",\"target\":[\"https:\\\/\\\/cave-joly.ch\\\/de\\\/produit\\\/merlot-lavaux-2\\\/\"]}]},{\"@type\":\"ImageObject\",\"inLanguage\":\"de\",\"@id\":\"https:\\\/\\\/cave-joly.ch\\\/de\\\/produit\\\/merlot-lavaux-2\\\/#primaryimage\",\"url\":\"https:\\\/\\\/cave-joly.ch\\\/wp-content\\\/uploads\\\/2019\\\/11\\\/merlot_web.jpg\",\"contentUrl\":\"https:\\\/\\\/cave-joly.ch\\\/wp-content\\\/uploads\\\/2019\\\/11\\\/merlot_web.jpg\",\"width\":800,\"height\":1200},{\"@type\":\"BreadcrumbList\",\"@id\":\"https:\\\/\\\/cave-joly.ch\\\/de\\\/produit\\\/merlot-lavaux-2\\\/#breadcrumb\",\"itemListElement\":[{\"@type\":\"ListItem\",\"position\":1,\"name\":\"Home\",\"item\":\"https:\\\/\\\/cave-joly.ch\\\/de\\\/home-de\\\/\"},{\"@type\":\"ListItem\",\"position\":2,\"name\":\"Shop\",\"item\":\"https:\\\/\\\/cave-joly.ch\\\/de\\\/boutique\\\/\"},{\"@type\":\"ListItem\",\"position\":3,\"name\":\"&#8220;Merlot&#8221; Lavaux\"}]},{\"@type\":\"WebSite\",\"@id\":\"https:\\\/\\\/cave-joly.ch\\\/#website\",\"url\":\"https:\\\/\\\/cave-joly.ch\\\/\",\"name\":\"Cave Jacques & Aur\u00e9lia Joly - Vignerons \u00e0 Lavaux\",\"description\":\"\",\"publisher\":{\"@id\":\"https:\\\/\\\/cave-joly.ch\\\/#organization\"},\"potentialAction\":[{\"@type\":\"SearchAction\",\"target\":{\"@type\":\"EntryPoint\",\"urlTemplate\":\"https:\\\/\\\/cave-joly.ch\\\/?s={search_term_string}\"},\"query-input\":{\"@type\":\"PropertyValueSpecification\",\"valueRequired\":true,\"valueName\":\"search_term_string\"}}],\"inLanguage\":\"de\"},{\"@type\":\"Organization\",\"@id\":\"https:\\\/\\\/cave-joly.ch\\\/#organization\",\"name\":\"Cave Jacques & Aur\u00e9lia Joly, Vignerons \u00e0 Lavaux\",\"url\":\"https:\\\/\\\/cave-joly.ch\\\/\",\"logo\":{\"@type\":\"ImageObject\",\"inLanguage\":\"de\",\"@id\":\"https:\\\/\\\/cave-joly.ch\\\/#\\\/schema\\\/logo\\\/image\\\/\",\"url\":\"https:\\\/\\\/cave-joly.ch\\\/wp-content\\\/uploads\\\/2016\\\/01\\\/Logosite.png\",\"contentUrl\":\"https:\\\/\\\/cave-joly.ch\\\/wp-content\\\/uploads\\\/2016\\\/01\\\/Logosite.png\",\"width\":319,\"height\":240,\"caption\":\"Cave Jacques & Aur\u00e9lia Joly, Vignerons \u00e0 Lavaux\"},\"image\":{\"@id\":\"https:\\\/\\\/cave-joly.ch\\\/#\\\/schema\\\/logo\\\/image\\\/\"},\"sameAs\":[\"https:\\\/\\\/www.facebook.com\\\/cavejoly\",\"https:\\\/\\\/www.instagram.com\\\/cavejoly\\\/\"]}]}<\/script>\n<!-- \/ Yoast SEO plugin. -->","yoast_head_json":{"title":"\"Merlot\" Lavaux - Cave Joly - Vignerons Encaveurs","robots":{"index":"index","follow":"follow","max-snippet":"max-snippet:-1","max-image-preview":"max-image-preview:large","max-video-preview":"max-video-preview:-1"},"canonical":"https:\/\/cave-joly.ch\/de\/produit\/merlot-lavaux-2\/","og_locale":"de_DE","og_type":"article","og_title":"\"Merlot\" Lavaux - Cave Joly - Vignerons Encaveurs","og_description":"Durch die S\u00fcdlage gedeiht diese mediterrane Rebsorte, die in der Schweiz zunehmend an Beliebtheit gewinnt, wunderbar. Die sch\u00f6ne Struktur und die geschmeidigen Tannine werden durch die 16 Monate im Holzfass verst\u00e4rkt. Dieser Wein passt wunderbar zu rotem Fleisch und allen Schmorgerichten.  Rebsorte :\u00a0Merlot Besonderheit :\u00a0Typische Rebsorte der Region Bordeaux, vermehrte Anpflanzung in der Schweiz Charakter :\u00a0Intensive rote Farbe mit einem w\u00fcrzigen und fruchtigen Aroma. Die Aromen von roten Fr\u00fcchten sind anhaltend und vermischen sich im Abgang mit Mokkanoten. Am Gaumen geschmeidig mit ausgepr\u00e4gten Tanninen. Der Merlot ist ein strukturierter und komplexer Wein Empfehlung :\u00a0Hauptgericht, rotes Fleisch und in Sauce, Wild, Risotto Temperatur :\u00a013 bis 15\u00b0 C Haltbarkeit :\u00a04 bis 8 Jahre, gutes Alterungspotential","og_url":"https:\/\/cave-joly.ch\/de\/produit\/merlot-lavaux-2\/","og_site_name":"Cave Joly - Vignerons Encaveurs","article_publisher":"https:\/\/www.facebook.com\/cavejoly","article_modified_time":"2024-12-19T07:50:47+00:00","og_image":[{"width":800,"height":1200,"url":"https:\/\/cave-joly.ch\/wp-content\/uploads\/2019\/11\/merlot_web.jpg","type":"image\/jpeg"}],"twitter_card":"summary_large_image","schema":{"@context":"https:\/\/schema.org","@graph":[{"@type":"WebPage","@id":"https:\/\/cave-joly.ch\/de\/produit\/merlot-lavaux-2\/","url":"https:\/\/cave-joly.ch\/de\/produit\/merlot-lavaux-2\/","name":"\"Merlot\" Lavaux - Cave Joly - Vignerons Encaveurs","isPartOf":{"@id":"https:\/\/cave-joly.ch\/#website"},"primaryImageOfPage":{"@id":"https:\/\/cave-joly.ch\/de\/produit\/merlot-lavaux-2\/#primaryimage"},"image":{"@id":"https:\/\/cave-joly.ch\/de\/produit\/merlot-lavaux-2\/#primaryimage"},"thumbnailUrl":"https:\/\/cave-joly.ch\/wp-content\/uploads\/2019\/11\/merlot_web.jpg","datePublished":"2019-11-07T15:03:59+00:00","dateModified":"2024-12-19T07:50:47+00:00","breadcrumb":{"@id":"https:\/\/cave-joly.ch\/de\/produit\/merlot-lavaux-2\/#breadcrumb"},"inLanguage":"de","potentialAction":[{"@type":"ReadAction","target":["https:\/\/cave-joly.ch\/de\/produit\/merlot-lavaux-2\/"]}]},{"@type":"ImageObject","inLanguage":"de","@id":"https:\/\/cave-joly.ch\/de\/produit\/merlot-lavaux-2\/#primaryimage","url":"https:\/\/cave-joly.ch\/wp-content\/uploads\/2019\/11\/merlot_web.jpg","contentUrl":"https:\/\/cave-joly.ch\/wp-content\/uploads\/2019\/11\/merlot_web.jpg","width":800,"height":1200},{"@type":"BreadcrumbList","@id":"https:\/\/cave-joly.ch\/de\/produit\/merlot-lavaux-2\/#breadcrumb","itemListElement":[{"@type":"ListItem","position":1,"name":"Home","item":"https:\/\/cave-joly.ch\/de\/home-de\/"},{"@type":"ListItem","position":2,"name":"Shop","item":"https:\/\/cave-joly.ch\/de\/boutique\/"},{"@type":"ListItem","position":3,"name":"&#8220;Merlot&#8221; Lavaux"}]},{"@type":"WebSite","@id":"https:\/\/cave-joly.ch\/#website","url":"https:\/\/cave-joly.ch\/","name":"Cave Jacques & Aur\u00e9lia Joly - Vignerons \u00e0 Lavaux","description":"","publisher":{"@id":"https:\/\/cave-joly.ch\/#organization"},"potentialAction":[{"@type":"SearchAction","target":{"@type":"EntryPoint","urlTemplate":"https:\/\/cave-joly.ch\/?s={search_term_string}"},"query-input":{"@type":"PropertyValueSpecification","valueRequired":true,"valueName":"search_term_string"}}],"inLanguage":"de"},{"@type":"Organization","@id":"https:\/\/cave-joly.ch\/#organization","name":"Cave Jacques & Aur\u00e9lia Joly, Vignerons \u00e0 Lavaux","url":"https:\/\/cave-joly.ch\/","logo":{"@type":"ImageObject","inLanguage":"de","@id":"https:\/\/cave-joly.ch\/#\/schema\/logo\/image\/","url":"https:\/\/cave-joly.ch\/wp-content\/uploads\/2016\/01\/Logosite.png","contentUrl":"https:\/\/cave-joly.ch\/wp-content\/uploads\/2016\/01\/Logosite.png","width":319,"height":240,"caption":"Cave Jacques & Aur\u00e9lia Joly, Vignerons \u00e0 Lavaux"},"image":{"@id":"https:\/\/cave-joly.ch\/#\/schema\/logo\/image\/"},"sameAs":["https:\/\/www.facebook.com\/cavejoly","https:\/\/www.instagram.com\/cavejoly\/"]}]}},"tiered_pricing_type":"fixed","tiered_pricing_fixed_rules":[],"tiered_pricing_product_settings":{"layout":"default","base_unit_name":{"singular":null,"plural":null},"default_variation":null},"tiered_pricing_minimum_quantity":null,"tiered_pricing_roles_data":[],"tiered_pricing_percentage_rules":[],"tiered_pricing_maximum_quantity":null,"tiered_pricing_quantity_step":null,"_links":{"self":[{"href":"https:\/\/cave-joly.ch\/de\/wp-json\/wp\/v2\/product\/1494","targetHints":{"allow":["GET"]}}],"collection":[{"href":"https:\/\/cave-joly.ch\/de\/wp-json\/wp\/v2\/product"}],"about":[{"href":"https:\/\/cave-joly.ch\/de\/wp-json\/wp\/v2\/types\/product"}],"wp:featuredmedia":[{"embeddable":true,"href":"https:\/\/cave-joly.ch\/de\/wp-json\/wp\/v2\/media\/1359"}],"wp:attachment":[{"href":"https:\/\/cave-joly.ch\/de\/wp-json\/wp\/v2\/media?parent=1494"}],"wp:term":[{"taxonomy":"product_brand","embeddable":true,"href":"https:\/\/cave-joly.ch\/de\/wp-json\/wp\/v2\/product_brand?post=1494"},{"taxonomy":"product_cat","embeddable":true,"href":"https:\/\/cave-joly.ch\/de\/wp-json\/wp\/v2\/product_cat?post=1494"},{"taxonomy":"product_tag","embeddable":true,"href":"https:\/\/cave-joly.ch\/de\/wp-json\/wp\/v2\/product_tag?post=1494"}],"curies":[{"name":"wp","href":"https:\/\/api.w.org\/{rel}","templated":true}]}}