{"id":1495,"date":"2019-11-07T16:01:55","date_gmt":"2019-11-07T15:01:55","guid":{"rendered":"https:\/\/cave-joly.ch\/boutique\/malbec-lavaux\/"},"modified":"2024-12-19T08:50:47","modified_gmt":"2024-12-19T07:50:47","slug":"malbec-lavaux","status":"publish","type":"product","link":"https:\/\/cave-joly.ch\/de\/produit\/malbec-lavaux\/","title":{"rendered":"&#8220;Malbec&#8221; Lavaux"},"content":{"rendered":"","protected":false},"excerpt":{"rendered":"<p>Malbec im Herzen von Lavaux? Das ist m\u00f6glich und sogar eine grossartige Entdeckung! Diese Rebsorte ist \u00e4usserst lebhaft und weist anhaltende Tannine auf. Durch die 16-monatige Reifung im Holzfass wird dieser Wein jedoch geschmeidig und angenehm rund.<\/p>\n<p><strong>Rebsorte :\u00a0<\/strong>Malbec<br \/>\n<strong>Besonderheit :\u00a0<\/strong>Nach S\u00fcden in der N\u00e4he des Dorfes Grandvaux gepflanzt<br \/>\n<strong>Charakter :<\/strong>Dunkelrote Farbe, der Gaumen ist volumin\u00f6s, voll und dicht. Rote Fr\u00fcchte wie schwarze Kirschen kommen in der Nase bereits voll zum Ausdruck. Am Gaumen ist dieser Malbec \u00fcppig und komplex, sch\u00f6ne Fruchtintensit\u00e4t<br \/>\n<strong>Empfehlung : <\/strong>Hauptgericht, rotes Fleisch, Wild<br \/>\n<strong>Temperatur :\u00a0<\/strong>13 bis 15\u00b0 C<br \/>\n<strong>Haltbarkeit :\u00a0<\/strong>4 bis 8 Jahre, gutes Alterungspotential<\/p>\n","protected":false},"featured_media":1356,"template":"","meta":[],"product_brand":[],"product_cat":[112],"product_tag":[],"class_list":{"0":"post-1495","1":"product","2":"type-product","3":"status-publish","4":"has-post-thumbnail","6":"product_cat-sortiment-m","8":"first","9":"instock","10":"shipping-taxable","11":"purchasable","12":"product-type-simple"},"yoast_head":"<!-- This site is optimized with the Yoast SEO plugin v27.3 - https:\/\/yoast.com\/product\/yoast-seo-wordpress\/ -->\n<title>&quot;Malbec&quot; Lavaux - Cave Joly - Vignerons Encaveurs<\/title>\n<meta name=\"robots\" content=\"index, follow, max-snippet:-1, max-image-preview:large, max-video-preview:-1\" \/>\n<link rel=\"canonical\" href=\"https:\/\/cave-joly.ch\/de\/produit\/malbec-lavaux\/\" \/>\n<meta property=\"og:locale\" content=\"de_DE\" \/>\n<meta property=\"og:type\" content=\"article\" \/>\n<meta property=\"og:title\" content=\"&quot;Malbec&quot; Lavaux - Cave Joly - Vignerons Encaveurs\" \/>\n<meta property=\"og:description\" content=\"Malbec im Herzen von Lavaux? Das ist m\u00f6glich und sogar eine grossartige Entdeckung! Diese Rebsorte ist \u00e4usserst lebhaft und weist anhaltende Tannine auf. Durch die 16-monatige Reifung im Holzfass wird dieser Wein jedoch geschmeidig und angenehm rund.  Rebsorte :\u00a0Malbec Besonderheit :\u00a0Nach S\u00fcden in der N\u00e4he des Dorfes Grandvaux gepflanzt Charakter :Dunkelrote Farbe, der Gaumen ist volumin\u00f6s, voll und dicht. Rote Fr\u00fcchte wie schwarze Kirschen kommen in der Nase bereits voll zum Ausdruck. Am Gaumen ist dieser Malbec \u00fcppig und komplex, sch\u00f6ne Fruchtintensit\u00e4t Empfehlung : Hauptgericht, rotes Fleisch, Wild Temperatur :\u00a013 bis 15\u00b0 C Haltbarkeit :\u00a04 bis 8 Jahre, gutes Alterungspotential\" \/>\n<meta property=\"og:url\" content=\"https:\/\/cave-joly.ch\/de\/produit\/malbec-lavaux\/\" \/>\n<meta property=\"og:site_name\" content=\"Cave Joly - Vignerons Encaveurs\" \/>\n<meta property=\"article:publisher\" content=\"https:\/\/www.facebook.com\/cavejoly\" \/>\n<meta property=\"article:modified_time\" content=\"2024-12-19T07:50:47+00:00\" \/>\n<meta property=\"og:image\" content=\"https:\/\/cave-joly.ch\/wp-content\/uploads\/2019\/11\/malbec_web.jpg\" \/>\n\t<meta property=\"og:image:width\" content=\"800\" \/>\n\t<meta property=\"og:image:height\" content=\"1200\" \/>\n\t<meta property=\"og:image:type\" content=\"image\/jpeg\" \/>\n<meta name=\"twitter:card\" content=\"summary_large_image\" \/>\n<script type=\"application\/ld+json\" class=\"yoast-schema-graph\">{\"@context\":\"https:\\\/\\\/schema.org\",\"@graph\":[{\"@type\":\"WebPage\",\"@id\":\"https:\\\/\\\/cave-joly.ch\\\/de\\\/produit\\\/malbec-lavaux\\\/\",\"url\":\"https:\\\/\\\/cave-joly.ch\\\/de\\\/produit\\\/malbec-lavaux\\\/\",\"name\":\"\\\"Malbec\\\" Lavaux - Cave Joly - Vignerons Encaveurs\",\"isPartOf\":{\"@id\":\"https:\\\/\\\/cave-joly.ch\\\/#website\"},\"primaryImageOfPage\":{\"@id\":\"https:\\\/\\\/cave-joly.ch\\\/de\\\/produit\\\/malbec-lavaux\\\/#primaryimage\"},\"image\":{\"@id\":\"https:\\\/\\\/cave-joly.ch\\\/de\\\/produit\\\/malbec-lavaux\\\/#primaryimage\"},\"thumbnailUrl\":\"https:\\\/\\\/cave-joly.ch\\\/wp-content\\\/uploads\\\/2019\\\/11\\\/malbec_web.jpg\",\"datePublished\":\"2019-11-07T15:01:55+00:00\",\"dateModified\":\"2024-12-19T07:50:47+00:00\",\"breadcrumb\":{\"@id\":\"https:\\\/\\\/cave-joly.ch\\\/de\\\/produit\\\/malbec-lavaux\\\/#breadcrumb\"},\"inLanguage\":\"de\",\"potentialAction\":[{\"@type\":\"ReadAction\",\"target\":[\"https:\\\/\\\/cave-joly.ch\\\/de\\\/produit\\\/malbec-lavaux\\\/\"]}]},{\"@type\":\"ImageObject\",\"inLanguage\":\"de\",\"@id\":\"https:\\\/\\\/cave-joly.ch\\\/de\\\/produit\\\/malbec-lavaux\\\/#primaryimage\",\"url\":\"https:\\\/\\\/cave-joly.ch\\\/wp-content\\\/uploads\\\/2019\\\/11\\\/malbec_web.jpg\",\"contentUrl\":\"https:\\\/\\\/cave-joly.ch\\\/wp-content\\\/uploads\\\/2019\\\/11\\\/malbec_web.jpg\",\"width\":800,\"height\":1200},{\"@type\":\"BreadcrumbList\",\"@id\":\"https:\\\/\\\/cave-joly.ch\\\/de\\\/produit\\\/malbec-lavaux\\\/#breadcrumb\",\"itemListElement\":[{\"@type\":\"ListItem\",\"position\":1,\"name\":\"Home\",\"item\":\"https:\\\/\\\/cave-joly.ch\\\/de\\\/home-de\\\/\"},{\"@type\":\"ListItem\",\"position\":2,\"name\":\"Shop\",\"item\":\"https:\\\/\\\/cave-joly.ch\\\/de\\\/boutique\\\/\"},{\"@type\":\"ListItem\",\"position\":3,\"name\":\"&#8220;Malbec&#8221; Lavaux\"}]},{\"@type\":\"WebSite\",\"@id\":\"https:\\\/\\\/cave-joly.ch\\\/#website\",\"url\":\"https:\\\/\\\/cave-joly.ch\\\/\",\"name\":\"Cave Jacques & Aur\u00e9lia Joly - Vignerons \u00e0 Lavaux\",\"description\":\"\",\"publisher\":{\"@id\":\"https:\\\/\\\/cave-joly.ch\\\/#organization\"},\"potentialAction\":[{\"@type\":\"SearchAction\",\"target\":{\"@type\":\"EntryPoint\",\"urlTemplate\":\"https:\\\/\\\/cave-joly.ch\\\/?s={search_term_string}\"},\"query-input\":{\"@type\":\"PropertyValueSpecification\",\"valueRequired\":true,\"valueName\":\"search_term_string\"}}],\"inLanguage\":\"de\"},{\"@type\":\"Organization\",\"@id\":\"https:\\\/\\\/cave-joly.ch\\\/#organization\",\"name\":\"Cave Jacques & Aur\u00e9lia Joly, Vignerons \u00e0 Lavaux\",\"url\":\"https:\\\/\\\/cave-joly.ch\\\/\",\"logo\":{\"@type\":\"ImageObject\",\"inLanguage\":\"de\",\"@id\":\"https:\\\/\\\/cave-joly.ch\\\/#\\\/schema\\\/logo\\\/image\\\/\",\"url\":\"https:\\\/\\\/cave-joly.ch\\\/wp-content\\\/uploads\\\/2016\\\/01\\\/Logosite.png\",\"contentUrl\":\"https:\\\/\\\/cave-joly.ch\\\/wp-content\\\/uploads\\\/2016\\\/01\\\/Logosite.png\",\"width\":319,\"height\":240,\"caption\":\"Cave Jacques & Aur\u00e9lia Joly, Vignerons \u00e0 Lavaux\"},\"image\":{\"@id\":\"https:\\\/\\\/cave-joly.ch\\\/#\\\/schema\\\/logo\\\/image\\\/\"},\"sameAs\":[\"https:\\\/\\\/www.facebook.com\\\/cavejoly\",\"https:\\\/\\\/www.instagram.com\\\/cavejoly\\\/\"]}]}<\/script>\n<!-- \/ Yoast SEO plugin. -->","yoast_head_json":{"title":"\"Malbec\" Lavaux - Cave Joly - Vignerons Encaveurs","robots":{"index":"index","follow":"follow","max-snippet":"max-snippet:-1","max-image-preview":"max-image-preview:large","max-video-preview":"max-video-preview:-1"},"canonical":"https:\/\/cave-joly.ch\/de\/produit\/malbec-lavaux\/","og_locale":"de_DE","og_type":"article","og_title":"\"Malbec\" Lavaux - Cave Joly - Vignerons Encaveurs","og_description":"Malbec im Herzen von Lavaux? Das ist m\u00f6glich und sogar eine grossartige Entdeckung! Diese Rebsorte ist \u00e4usserst lebhaft und weist anhaltende Tannine auf. Durch die 16-monatige Reifung im Holzfass wird dieser Wein jedoch geschmeidig und angenehm rund.  Rebsorte :\u00a0Malbec Besonderheit :\u00a0Nach S\u00fcden in der N\u00e4he des Dorfes Grandvaux gepflanzt Charakter :Dunkelrote Farbe, der Gaumen ist volumin\u00f6s, voll und dicht. Rote Fr\u00fcchte wie schwarze Kirschen kommen in der Nase bereits voll zum Ausdruck. Am Gaumen ist dieser Malbec \u00fcppig und komplex, sch\u00f6ne Fruchtintensit\u00e4t Empfehlung : Hauptgericht, rotes Fleisch, Wild Temperatur :\u00a013 bis 15\u00b0 C Haltbarkeit :\u00a04 bis 8 Jahre, gutes Alterungspotential","og_url":"https:\/\/cave-joly.ch\/de\/produit\/malbec-lavaux\/","og_site_name":"Cave Joly - Vignerons Encaveurs","article_publisher":"https:\/\/www.facebook.com\/cavejoly","article_modified_time":"2024-12-19T07:50:47+00:00","og_image":[{"width":800,"height":1200,"url":"https:\/\/cave-joly.ch\/wp-content\/uploads\/2019\/11\/malbec_web.jpg","type":"image\/jpeg"}],"twitter_card":"summary_large_image","schema":{"@context":"https:\/\/schema.org","@graph":[{"@type":"WebPage","@id":"https:\/\/cave-joly.ch\/de\/produit\/malbec-lavaux\/","url":"https:\/\/cave-joly.ch\/de\/produit\/malbec-lavaux\/","name":"\"Malbec\" Lavaux - Cave Joly - Vignerons Encaveurs","isPartOf":{"@id":"https:\/\/cave-joly.ch\/#website"},"primaryImageOfPage":{"@id":"https:\/\/cave-joly.ch\/de\/produit\/malbec-lavaux\/#primaryimage"},"image":{"@id":"https:\/\/cave-joly.ch\/de\/produit\/malbec-lavaux\/#primaryimage"},"thumbnailUrl":"https:\/\/cave-joly.ch\/wp-content\/uploads\/2019\/11\/malbec_web.jpg","datePublished":"2019-11-07T15:01:55+00:00","dateModified":"2024-12-19T07:50:47+00:00","breadcrumb":{"@id":"https:\/\/cave-joly.ch\/de\/produit\/malbec-lavaux\/#breadcrumb"},"inLanguage":"de","potentialAction":[{"@type":"ReadAction","target":["https:\/\/cave-joly.ch\/de\/produit\/malbec-lavaux\/"]}]},{"@type":"ImageObject","inLanguage":"de","@id":"https:\/\/cave-joly.ch\/de\/produit\/malbec-lavaux\/#primaryimage","url":"https:\/\/cave-joly.ch\/wp-content\/uploads\/2019\/11\/malbec_web.jpg","contentUrl":"https:\/\/cave-joly.ch\/wp-content\/uploads\/2019\/11\/malbec_web.jpg","width":800,"height":1200},{"@type":"BreadcrumbList","@id":"https:\/\/cave-joly.ch\/de\/produit\/malbec-lavaux\/#breadcrumb","itemListElement":[{"@type":"ListItem","position":1,"name":"Home","item":"https:\/\/cave-joly.ch\/de\/home-de\/"},{"@type":"ListItem","position":2,"name":"Shop","item":"https:\/\/cave-joly.ch\/de\/boutique\/"},{"@type":"ListItem","position":3,"name":"&#8220;Malbec&#8221; Lavaux"}]},{"@type":"WebSite","@id":"https:\/\/cave-joly.ch\/#website","url":"https:\/\/cave-joly.ch\/","name":"Cave Jacques & Aur\u00e9lia Joly - Vignerons \u00e0 Lavaux","description":"","publisher":{"@id":"https:\/\/cave-joly.ch\/#organization"},"potentialAction":[{"@type":"SearchAction","target":{"@type":"EntryPoint","urlTemplate":"https:\/\/cave-joly.ch\/?s={search_term_string}"},"query-input":{"@type":"PropertyValueSpecification","valueRequired":true,"valueName":"search_term_string"}}],"inLanguage":"de"},{"@type":"Organization","@id":"https:\/\/cave-joly.ch\/#organization","name":"Cave Jacques & Aur\u00e9lia Joly, Vignerons \u00e0 Lavaux","url":"https:\/\/cave-joly.ch\/","logo":{"@type":"ImageObject","inLanguage":"de","@id":"https:\/\/cave-joly.ch\/#\/schema\/logo\/image\/","url":"https:\/\/cave-joly.ch\/wp-content\/uploads\/2016\/01\/Logosite.png","contentUrl":"https:\/\/cave-joly.ch\/wp-content\/uploads\/2016\/01\/Logosite.png","width":319,"height":240,"caption":"Cave Jacques & Aur\u00e9lia Joly, Vignerons \u00e0 Lavaux"},"image":{"@id":"https:\/\/cave-joly.ch\/#\/schema\/logo\/image\/"},"sameAs":["https:\/\/www.facebook.com\/cavejoly","https:\/\/www.instagram.com\/cavejoly\/"]}]}},"tiered_pricing_type":"fixed","tiered_pricing_fixed_rules":[],"tiered_pricing_product_settings":{"layout":"default","base_unit_name":{"singular":null,"plural":null},"default_variation":null},"tiered_pricing_minimum_quantity":null,"tiered_pricing_roles_data":[],"tiered_pricing_percentage_rules":[],"tiered_pricing_maximum_quantity":null,"tiered_pricing_quantity_step":null,"_links":{"self":[{"href":"https:\/\/cave-joly.ch\/de\/wp-json\/wp\/v2\/product\/1495","targetHints":{"allow":["GET"]}}],"collection":[{"href":"https:\/\/cave-joly.ch\/de\/wp-json\/wp\/v2\/product"}],"about":[{"href":"https:\/\/cave-joly.ch\/de\/wp-json\/wp\/v2\/types\/product"}],"wp:featuredmedia":[{"embeddable":true,"href":"https:\/\/cave-joly.ch\/de\/wp-json\/wp\/v2\/media\/1356"}],"wp:attachment":[{"href":"https:\/\/cave-joly.ch\/de\/wp-json\/wp\/v2\/media?parent=1495"}],"wp:term":[{"taxonomy":"product_brand","embeddable":true,"href":"https:\/\/cave-joly.ch\/de\/wp-json\/wp\/v2\/product_brand?post=1495"},{"taxonomy":"product_cat","embeddable":true,"href":"https:\/\/cave-joly.ch\/de\/wp-json\/wp\/v2\/product_cat?post=1495"},{"taxonomy":"product_tag","embeddable":true,"href":"https:\/\/cave-joly.ch\/de\/wp-json\/wp\/v2\/product_tag?post=1495"}],"curies":[{"name":"wp","href":"https:\/\/api.w.org\/{rel}","templated":true}]}}