{"id":1742,"date":"2020-11-10T08:44:26","date_gmt":"2020-11-10T07:44:26","guid":{"rendered":"https:\/\/cave-joly.ch\/boutique\/cuvee-blanche-villette-aoc-lavaux\/"},"modified":"2024-03-03T19:54:53","modified_gmt":"2024-03-03T18:54:53","slug":"cuvee-blanche-villette-aoc-lavaux-3","status":"publish","type":"product","link":"https:\/\/cave-joly.ch\/de\/produit\/cuvee-blanche-villette-aoc-lavaux-3\/","title":{"rendered":"Cuv\u00e9e Blanche &#8211; Villette AOC Lavaux"},"content":{"rendered":"","protected":false},"excerpt":{"rendered":"<p>F\u00fcr unsere erste Assemblage aus wei\u00dfen Rebsorten haben wir uns an eine neue Kreation gewagt. Die Idee zu diesem Produkt entstand bereits vor einigen Jahren, an den Toren der Weinlese 2019 wurde die Entscheidung getroffen.<\/p>\n<p><strong>Rebsorte<\/strong> : Chasselas violet, Charmont, Doral<br \/>\n<strong>Besonderheit<\/strong> : Assemblage aus wei\u00dfen Rebsorten, die zwischen Frische und F\u00fclle ausgewogen ist. Im traditionellen Tank vinifiziert.<br \/>\n<strong>Charakter<\/strong> : Zitronenakzente und das fruchtige Terroir von Villette ergeben einen s\u00fcffigen Wein.<\/p>\n<p><strong>Empfohlen<\/strong> : Frische Vorspeise oder Fisch<\/p>\n<p><strong>Temperatur<\/strong> : 10 bis 12\u00b0C<br \/>\n<strong>Lagerung<\/strong> : 1 bis 3 Jahre<\/p>\n","protected":false},"featured_media":1739,"template":"","meta":[],"product_brand":[],"product_cat":[109],"product_tag":[],"class_list":{"0":"post-1742","1":"product","2":"type-product","3":"status-publish","4":"has-post-thumbnail","6":"product_cat-unsere-favoriten","8":"first","9":"outofstock","10":"shipping-taxable","11":"purchasable","12":"product-type-variable","13":"has-default-attributes"},"yoast_head":"<!-- This site is optimized with the Yoast SEO plugin v27.4 - https:\/\/yoast.com\/product\/yoast-seo-wordpress\/ -->\n<title>Cuv\u00e9e Blanche - Villette AOC Lavaux - Cave Joly - Vignerons Encaveurs<\/title>\n<meta name=\"robots\" content=\"index, follow, max-snippet:-1, max-image-preview:large, max-video-preview:-1\" \/>\n<link rel=\"canonical\" href=\"https:\/\/cave-joly.ch\/de\/produit\/cuvee-blanche-villette-aoc-lavaux-3\/\" \/>\n<meta property=\"og:locale\" content=\"de_DE\" \/>\n<meta property=\"og:type\" content=\"article\" \/>\n<meta property=\"og:title\" content=\"Cuv\u00e9e Blanche - Villette AOC Lavaux - Cave Joly - Vignerons Encaveurs\" \/>\n<meta property=\"og:description\" content=\"F\u00fcr unsere erste Assemblage aus wei\u00dfen Rebsorten haben wir uns an eine neue Kreation gewagt. Die Idee zu diesem Produkt entstand bereits vor einigen Jahren, an den Toren der Weinlese 2019 wurde die Entscheidung getroffen.  Rebsorte : Chasselas violet, Charmont, Doral Besonderheit : Assemblage aus wei\u00dfen Rebsorten, die zwischen Frische und F\u00fclle ausgewogen ist. Im traditionellen Tank vinifiziert. Charakter : Zitronenakzente und das fruchtige Terroir von Villette ergeben einen s\u00fcffigen Wein.  Empfohlen : Frische Vorspeise oder Fisch  Temperatur : 10 bis 12\u00b0C Lagerung : 1 bis 3 Jahre\" \/>\n<meta property=\"og:url\" content=\"https:\/\/cave-joly.ch\/de\/produit\/cuvee-blanche-villette-aoc-lavaux-3\/\" \/>\n<meta property=\"og:site_name\" content=\"Cave Joly - Vignerons Encaveurs\" \/>\n<meta property=\"article:publisher\" content=\"https:\/\/www.facebook.com\/cavejoly\" \/>\n<meta property=\"article:modified_time\" content=\"2024-03-03T18:54:53+00:00\" \/>\n<meta property=\"og:image\" content=\"https:\/\/cave-joly.ch\/wp-content\/uploads\/2020\/11\/cuvee-blanche.jpg\" \/>\n\t<meta property=\"og:image:width\" content=\"800\" \/>\n\t<meta property=\"og:image:height\" content=\"1200\" \/>\n\t<meta property=\"og:image:type\" content=\"image\/jpeg\" \/>\n<meta name=\"twitter:card\" content=\"summary_large_image\" \/>\n<script type=\"application\/ld+json\" class=\"yoast-schema-graph\">{\"@context\":\"https:\\\/\\\/schema.org\",\"@graph\":[{\"@type\":\"WebPage\",\"@id\":\"https:\\\/\\\/cave-joly.ch\\\/de\\\/produit\\\/cuvee-blanche-villette-aoc-lavaux-3\\\/\",\"url\":\"https:\\\/\\\/cave-joly.ch\\\/de\\\/produit\\\/cuvee-blanche-villette-aoc-lavaux-3\\\/\",\"name\":\"Cuv\u00e9e Blanche - Villette AOC Lavaux - Cave Joly - Vignerons Encaveurs\",\"isPartOf\":{\"@id\":\"https:\\\/\\\/cave-joly.ch\\\/#website\"},\"primaryImageOfPage\":{\"@id\":\"https:\\\/\\\/cave-joly.ch\\\/de\\\/produit\\\/cuvee-blanche-villette-aoc-lavaux-3\\\/#primaryimage\"},\"image\":{\"@id\":\"https:\\\/\\\/cave-joly.ch\\\/de\\\/produit\\\/cuvee-blanche-villette-aoc-lavaux-3\\\/#primaryimage\"},\"thumbnailUrl\":\"https:\\\/\\\/cave-joly.ch\\\/wp-content\\\/uploads\\\/2020\\\/11\\\/cuvee-blanche.jpg\",\"datePublished\":\"2020-11-10T07:44:26+00:00\",\"dateModified\":\"2024-03-03T18:54:53+00:00\",\"breadcrumb\":{\"@id\":\"https:\\\/\\\/cave-joly.ch\\\/de\\\/produit\\\/cuvee-blanche-villette-aoc-lavaux-3\\\/#breadcrumb\"},\"inLanguage\":\"de\",\"potentialAction\":[{\"@type\":\"ReadAction\",\"target\":[\"https:\\\/\\\/cave-joly.ch\\\/de\\\/produit\\\/cuvee-blanche-villette-aoc-lavaux-3\\\/\"]}]},{\"@type\":\"ImageObject\",\"inLanguage\":\"de\",\"@id\":\"https:\\\/\\\/cave-joly.ch\\\/de\\\/produit\\\/cuvee-blanche-villette-aoc-lavaux-3\\\/#primaryimage\",\"url\":\"https:\\\/\\\/cave-joly.ch\\\/wp-content\\\/uploads\\\/2020\\\/11\\\/cuvee-blanche.jpg\",\"contentUrl\":\"https:\\\/\\\/cave-joly.ch\\\/wp-content\\\/uploads\\\/2020\\\/11\\\/cuvee-blanche.jpg\",\"width\":800,\"height\":1200},{\"@type\":\"BreadcrumbList\",\"@id\":\"https:\\\/\\\/cave-joly.ch\\\/de\\\/produit\\\/cuvee-blanche-villette-aoc-lavaux-3\\\/#breadcrumb\",\"itemListElement\":[{\"@type\":\"ListItem\",\"position\":1,\"name\":\"Home\",\"item\":\"https:\\\/\\\/cave-joly.ch\\\/de\\\/home-de\\\/\"},{\"@type\":\"ListItem\",\"position\":2,\"name\":\"Shop\",\"item\":\"https:\\\/\\\/cave-joly.ch\\\/de\\\/boutique\\\/\"},{\"@type\":\"ListItem\",\"position\":3,\"name\":\"Cuv\u00e9e Blanche &#8211; Villette AOC Lavaux\"}]},{\"@type\":\"WebSite\",\"@id\":\"https:\\\/\\\/cave-joly.ch\\\/#website\",\"url\":\"https:\\\/\\\/cave-joly.ch\\\/\",\"name\":\"Cave Jacques & Aur\u00e9lia Joly - Vignerons \u00e0 Lavaux\",\"description\":\"\",\"publisher\":{\"@id\":\"https:\\\/\\\/cave-joly.ch\\\/#organization\"},\"potentialAction\":[{\"@type\":\"SearchAction\",\"target\":{\"@type\":\"EntryPoint\",\"urlTemplate\":\"https:\\\/\\\/cave-joly.ch\\\/?s={search_term_string}\"},\"query-input\":{\"@type\":\"PropertyValueSpecification\",\"valueRequired\":true,\"valueName\":\"search_term_string\"}}],\"inLanguage\":\"de\"},{\"@type\":\"Organization\",\"@id\":\"https:\\\/\\\/cave-joly.ch\\\/#organization\",\"name\":\"Cave Jacques & Aur\u00e9lia Joly, Vignerons \u00e0 Lavaux\",\"url\":\"https:\\\/\\\/cave-joly.ch\\\/\",\"logo\":{\"@type\":\"ImageObject\",\"inLanguage\":\"de\",\"@id\":\"https:\\\/\\\/cave-joly.ch\\\/#\\\/schema\\\/logo\\\/image\\\/\",\"url\":\"https:\\\/\\\/cave-joly.ch\\\/wp-content\\\/uploads\\\/2016\\\/01\\\/Logosite.png\",\"contentUrl\":\"https:\\\/\\\/cave-joly.ch\\\/wp-content\\\/uploads\\\/2016\\\/01\\\/Logosite.png\",\"width\":319,\"height\":240,\"caption\":\"Cave Jacques & Aur\u00e9lia Joly, Vignerons \u00e0 Lavaux\"},\"image\":{\"@id\":\"https:\\\/\\\/cave-joly.ch\\\/#\\\/schema\\\/logo\\\/image\\\/\"},\"sameAs\":[\"https:\\\/\\\/www.facebook.com\\\/cavejoly\",\"https:\\\/\\\/www.instagram.com\\\/cavejoly\\\/\"]}]}<\/script>\n<!-- \/ Yoast SEO plugin. -->","yoast_head_json":{"title":"Cuv\u00e9e Blanche - Villette AOC Lavaux - Cave Joly - Vignerons Encaveurs","robots":{"index":"index","follow":"follow","max-snippet":"max-snippet:-1","max-image-preview":"max-image-preview:large","max-video-preview":"max-video-preview:-1"},"canonical":"https:\/\/cave-joly.ch\/de\/produit\/cuvee-blanche-villette-aoc-lavaux-3\/","og_locale":"de_DE","og_type":"article","og_title":"Cuv\u00e9e Blanche - Villette AOC Lavaux - Cave Joly - Vignerons Encaveurs","og_description":"F\u00fcr unsere erste Assemblage aus wei\u00dfen Rebsorten haben wir uns an eine neue Kreation gewagt. Die Idee zu diesem Produkt entstand bereits vor einigen Jahren, an den Toren der Weinlese 2019 wurde die Entscheidung getroffen.  Rebsorte : Chasselas violet, Charmont, Doral Besonderheit : Assemblage aus wei\u00dfen Rebsorten, die zwischen Frische und F\u00fclle ausgewogen ist. Im traditionellen Tank vinifiziert. Charakter : Zitronenakzente und das fruchtige Terroir von Villette ergeben einen s\u00fcffigen Wein.  Empfohlen : Frische Vorspeise oder Fisch  Temperatur : 10 bis 12\u00b0C Lagerung : 1 bis 3 Jahre","og_url":"https:\/\/cave-joly.ch\/de\/produit\/cuvee-blanche-villette-aoc-lavaux-3\/","og_site_name":"Cave Joly - Vignerons Encaveurs","article_publisher":"https:\/\/www.facebook.com\/cavejoly","article_modified_time":"2024-03-03T18:54:53+00:00","og_image":[{"width":800,"height":1200,"url":"https:\/\/cave-joly.ch\/wp-content\/uploads\/2020\/11\/cuvee-blanche.jpg","type":"image\/jpeg"}],"twitter_card":"summary_large_image","schema":{"@context":"https:\/\/schema.org","@graph":[{"@type":"WebPage","@id":"https:\/\/cave-joly.ch\/de\/produit\/cuvee-blanche-villette-aoc-lavaux-3\/","url":"https:\/\/cave-joly.ch\/de\/produit\/cuvee-blanche-villette-aoc-lavaux-3\/","name":"Cuv\u00e9e Blanche - Villette AOC Lavaux - Cave Joly - Vignerons Encaveurs","isPartOf":{"@id":"https:\/\/cave-joly.ch\/#website"},"primaryImageOfPage":{"@id":"https:\/\/cave-joly.ch\/de\/produit\/cuvee-blanche-villette-aoc-lavaux-3\/#primaryimage"},"image":{"@id":"https:\/\/cave-joly.ch\/de\/produit\/cuvee-blanche-villette-aoc-lavaux-3\/#primaryimage"},"thumbnailUrl":"https:\/\/cave-joly.ch\/wp-content\/uploads\/2020\/11\/cuvee-blanche.jpg","datePublished":"2020-11-10T07:44:26+00:00","dateModified":"2024-03-03T18:54:53+00:00","breadcrumb":{"@id":"https:\/\/cave-joly.ch\/de\/produit\/cuvee-blanche-villette-aoc-lavaux-3\/#breadcrumb"},"inLanguage":"de","potentialAction":[{"@type":"ReadAction","target":["https:\/\/cave-joly.ch\/de\/produit\/cuvee-blanche-villette-aoc-lavaux-3\/"]}]},{"@type":"ImageObject","inLanguage":"de","@id":"https:\/\/cave-joly.ch\/de\/produit\/cuvee-blanche-villette-aoc-lavaux-3\/#primaryimage","url":"https:\/\/cave-joly.ch\/wp-content\/uploads\/2020\/11\/cuvee-blanche.jpg","contentUrl":"https:\/\/cave-joly.ch\/wp-content\/uploads\/2020\/11\/cuvee-blanche.jpg","width":800,"height":1200},{"@type":"BreadcrumbList","@id":"https:\/\/cave-joly.ch\/de\/produit\/cuvee-blanche-villette-aoc-lavaux-3\/#breadcrumb","itemListElement":[{"@type":"ListItem","position":1,"name":"Home","item":"https:\/\/cave-joly.ch\/de\/home-de\/"},{"@type":"ListItem","position":2,"name":"Shop","item":"https:\/\/cave-joly.ch\/de\/boutique\/"},{"@type":"ListItem","position":3,"name":"Cuv\u00e9e Blanche &#8211; Villette AOC Lavaux"}]},{"@type":"WebSite","@id":"https:\/\/cave-joly.ch\/#website","url":"https:\/\/cave-joly.ch\/","name":"Cave Jacques & Aur\u00e9lia Joly - Vignerons \u00e0 Lavaux","description":"","publisher":{"@id":"https:\/\/cave-joly.ch\/#organization"},"potentialAction":[{"@type":"SearchAction","target":{"@type":"EntryPoint","urlTemplate":"https:\/\/cave-joly.ch\/?s={search_term_string}"},"query-input":{"@type":"PropertyValueSpecification","valueRequired":true,"valueName":"search_term_string"}}],"inLanguage":"de"},{"@type":"Organization","@id":"https:\/\/cave-joly.ch\/#organization","name":"Cave Jacques & Aur\u00e9lia Joly, Vignerons \u00e0 Lavaux","url":"https:\/\/cave-joly.ch\/","logo":{"@type":"ImageObject","inLanguage":"de","@id":"https:\/\/cave-joly.ch\/#\/schema\/logo\/image\/","url":"https:\/\/cave-joly.ch\/wp-content\/uploads\/2016\/01\/Logosite.png","contentUrl":"https:\/\/cave-joly.ch\/wp-content\/uploads\/2016\/01\/Logosite.png","width":319,"height":240,"caption":"Cave Jacques & Aur\u00e9lia Joly, Vignerons \u00e0 Lavaux"},"image":{"@id":"https:\/\/cave-joly.ch\/#\/schema\/logo\/image\/"},"sameAs":["https:\/\/www.facebook.com\/cavejoly","https:\/\/www.instagram.com\/cavejoly\/"]}]}},"tiered_pricing_type":"fixed","tiered_pricing_fixed_rules":[],"tiered_pricing_product_settings":{"layout":"default","base_unit_name":{"singular":null,"plural":null},"default_variation":null},"tiered_pricing_minimum_quantity":null,"tiered_pricing_roles_data":[],"tiered_pricing_percentage_rules":[],"tiered_pricing_maximum_quantity":null,"tiered_pricing_quantity_step":null,"_links":{"self":[{"href":"https:\/\/cave-joly.ch\/de\/wp-json\/wp\/v2\/product\/1742","targetHints":{"allow":["GET"]}}],"collection":[{"href":"https:\/\/cave-joly.ch\/de\/wp-json\/wp\/v2\/product"}],"about":[{"href":"https:\/\/cave-joly.ch\/de\/wp-json\/wp\/v2\/types\/product"}],"wp:featuredmedia":[{"embeddable":true,"href":"https:\/\/cave-joly.ch\/de\/wp-json\/wp\/v2\/media\/1739"}],"wp:attachment":[{"href":"https:\/\/cave-joly.ch\/de\/wp-json\/wp\/v2\/media?parent=1742"}],"wp:term":[{"taxonomy":"product_brand","embeddable":true,"href":"https:\/\/cave-joly.ch\/de\/wp-json\/wp\/v2\/product_brand?post=1742"},{"taxonomy":"product_cat","embeddable":true,"href":"https:\/\/cave-joly.ch\/de\/wp-json\/wp\/v2\/product_cat?post=1742"},{"taxonomy":"product_tag","embeddable":true,"href":"https:\/\/cave-joly.ch\/de\/wp-json\/wp\/v2\/product_tag?post=1742"}],"curies":[{"name":"wp","href":"https:\/\/api.w.org\/{rel}","templated":true}]}}