{"id":2422,"date":"2020-11-10T08:47:04","date_gmt":"2020-11-10T07:47:04","guid":{"rendered":"https:\/\/oy4aoamqux.preview.infomaniak.website\/produit\/blanc-de-blancs-brut-aoc-lavaux-2\/"},"modified":"2022-01-24T09:09:05","modified_gmt":"2022-01-24T08:09:05","slug":"blanc-de-blancs-brut-aoc-lavaux-5","status":"publish","type":"product","link":"https:\/\/cave-joly.ch\/de\/produit\/blanc-de-blancs-brut-aoc-lavaux-5\/","title":{"rendered":"Blanc de blancs Brut &#8211; AOC Lavaux"},"content":{"rendered":"","protected":false},"excerpt":{"rendered":"<p>Contrairement aux nombreux Champagnes issus de raisins rouges, notre premier vin mousseux est<br \/>\nce que l\u2019on appelle un BLANC DE BLANCS. Tout l\u2019art du vigneron est de trouver le bon assemblage afin d\u2019exprimer un style.<\/p>\n<p><strong>C\u00e9page<\/strong> : Charmont avec un peu de chasselas<br \/>\n<strong>Particularit\u00e9<\/strong> : Elabor\u00e9 selon la m\u00e9thode traditionnelle de vinification en bouteilles donnant fra\u00eecheur et finesse<br \/>\n<strong>Caract\u00e8re<\/strong> : d\u00e9licatesse, \u00e9l\u00e9gance et gras en bouche, avec de fines bulles et un joli volume<\/p>\n<p><strong>Recommand\u00e9<\/strong> : Pour f\u00eater un \u00e9v\u00e8nement ou tout simplement pour se faire plaisir, en ap\u00e9ritif ou en entr\u00e9e<\/p>\n<p><strong>Temp\u00e9rature<\/strong> : 10 \u00e0 12\u00b0C<br \/>\n<strong>Garde<\/strong> : 1 \u00e0 3 ans<\/p>\n","protected":false},"featured_media":1754,"template":"","meta":[],"product_brand":[],"product_cat":[109],"product_tag":[],"class_list":{"0":"post-2422","1":"product","2":"type-product","3":"status-publish","4":"has-post-thumbnail","6":"product_cat-unsere-favoriten","8":"first","9":"instock","10":"shipping-taxable","11":"purchasable","12":"product-type-simple"},"yoast_head":"<!-- This site is optimized with the Yoast SEO plugin v27.4 - https:\/\/yoast.com\/product\/yoast-seo-wordpress\/ -->\n<title>Blanc de blancs Brut - AOC Lavaux - Cave Joly - Vignerons Encaveurs<\/title>\n<meta name=\"robots\" content=\"index, follow, max-snippet:-1, max-image-preview:large, max-video-preview:-1\" \/>\n<link rel=\"canonical\" href=\"https:\/\/cave-joly.ch\/de\/produit\/blanc-de-blancs-brut-aoc-lavaux-5\/\" \/>\n<meta property=\"og:locale\" content=\"de_DE\" \/>\n<meta property=\"og:type\" content=\"article\" \/>\n<meta property=\"og:title\" content=\"Blanc de blancs Brut - AOC Lavaux - Cave Joly - Vignerons Encaveurs\" \/>\n<meta property=\"og:description\" content=\"Contrairement aux nombreux Champagnes issus de raisins rouges, notre premier vin mousseux est ce que l\u2019on appelle un BLANC DE BLANCS. Tout l\u2019art du vigneron est de trouver le bon assemblage afin d\u2019exprimer un style.  C\u00e9page : Charmont avec un peu de chasselas Particularit\u00e9 : Elabor\u00e9 selon la m\u00e9thode traditionnelle de vinification en bouteilles donnant fra\u00eecheur et finesse Caract\u00e8re : d\u00e9licatesse, \u00e9l\u00e9gance et gras en bouche, avec de fines bulles et un joli volume  Recommand\u00e9 : Pour f\u00eater un \u00e9v\u00e8nement ou tout simplement pour se faire plaisir, en ap\u00e9ritif ou en entr\u00e9e  Temp\u00e9rature : 10 \u00e0 12\u00b0C Garde : 1 \u00e0 3 ans\" \/>\n<meta property=\"og:url\" content=\"https:\/\/cave-joly.ch\/de\/produit\/blanc-de-blancs-brut-aoc-lavaux-5\/\" \/>\n<meta property=\"og:site_name\" content=\"Cave Joly - Vignerons Encaveurs\" \/>\n<meta property=\"article:publisher\" content=\"https:\/\/www.facebook.com\/cavejoly\" \/>\n<meta property=\"article:modified_time\" content=\"2022-01-24T08:09:05+00:00\" \/>\n<meta property=\"og:image\" content=\"https:\/\/cave-joly.ch\/wp-content\/uploads\/2020\/11\/blancdeblancsbrut_web.jpg\" \/>\n\t<meta property=\"og:image:width\" content=\"854\" \/>\n\t<meta property=\"og:image:height\" content=\"1280\" \/>\n\t<meta property=\"og:image:type\" content=\"image\/jpeg\" \/>\n<meta name=\"twitter:card\" content=\"summary_large_image\" \/>\n<script type=\"application\/ld+json\" class=\"yoast-schema-graph\">{\"@context\":\"https:\\\/\\\/schema.org\",\"@graph\":[{\"@type\":\"WebPage\",\"@id\":\"https:\\\/\\\/cave-joly.ch\\\/de\\\/produit\\\/blanc-de-blancs-brut-aoc-lavaux-5\\\/\",\"url\":\"https:\\\/\\\/cave-joly.ch\\\/de\\\/produit\\\/blanc-de-blancs-brut-aoc-lavaux-5\\\/\",\"name\":\"Blanc de blancs Brut - AOC Lavaux - Cave Joly - Vignerons Encaveurs\",\"isPartOf\":{\"@id\":\"https:\\\/\\\/cave-joly.ch\\\/#website\"},\"primaryImageOfPage\":{\"@id\":\"https:\\\/\\\/cave-joly.ch\\\/de\\\/produit\\\/blanc-de-blancs-brut-aoc-lavaux-5\\\/#primaryimage\"},\"image\":{\"@id\":\"https:\\\/\\\/cave-joly.ch\\\/de\\\/produit\\\/blanc-de-blancs-brut-aoc-lavaux-5\\\/#primaryimage\"},\"thumbnailUrl\":\"https:\\\/\\\/cave-joly.ch\\\/wp-content\\\/uploads\\\/2020\\\/11\\\/blancdeblancsbrut_web.jpg\",\"datePublished\":\"2020-11-10T07:47:04+00:00\",\"dateModified\":\"2022-01-24T08:09:05+00:00\",\"breadcrumb\":{\"@id\":\"https:\\\/\\\/cave-joly.ch\\\/de\\\/produit\\\/blanc-de-blancs-brut-aoc-lavaux-5\\\/#breadcrumb\"},\"inLanguage\":\"de\",\"potentialAction\":[{\"@type\":\"ReadAction\",\"target\":[\"https:\\\/\\\/cave-joly.ch\\\/de\\\/produit\\\/blanc-de-blancs-brut-aoc-lavaux-5\\\/\"]}]},{\"@type\":\"ImageObject\",\"inLanguage\":\"de\",\"@id\":\"https:\\\/\\\/cave-joly.ch\\\/de\\\/produit\\\/blanc-de-blancs-brut-aoc-lavaux-5\\\/#primaryimage\",\"url\":\"https:\\\/\\\/cave-joly.ch\\\/wp-content\\\/uploads\\\/2020\\\/11\\\/blancdeblancsbrut_web.jpg\",\"contentUrl\":\"https:\\\/\\\/cave-joly.ch\\\/wp-content\\\/uploads\\\/2020\\\/11\\\/blancdeblancsbrut_web.jpg\",\"width\":854,\"height\":1280},{\"@type\":\"BreadcrumbList\",\"@id\":\"https:\\\/\\\/cave-joly.ch\\\/de\\\/produit\\\/blanc-de-blancs-brut-aoc-lavaux-5\\\/#breadcrumb\",\"itemListElement\":[{\"@type\":\"ListItem\",\"position\":1,\"name\":\"Home\",\"item\":\"https:\\\/\\\/cave-joly.ch\\\/de\\\/home-de\\\/\"},{\"@type\":\"ListItem\",\"position\":2,\"name\":\"Shop\",\"item\":\"https:\\\/\\\/cave-joly.ch\\\/de\\\/boutique\\\/\"},{\"@type\":\"ListItem\",\"position\":3,\"name\":\"Blanc de blancs Brut &#8211; AOC Lavaux\"}]},{\"@type\":\"WebSite\",\"@id\":\"https:\\\/\\\/cave-joly.ch\\\/#website\",\"url\":\"https:\\\/\\\/cave-joly.ch\\\/\",\"name\":\"Cave Jacques & Aur\u00e9lia Joly - Vignerons \u00e0 Lavaux\",\"description\":\"\",\"publisher\":{\"@id\":\"https:\\\/\\\/cave-joly.ch\\\/#organization\"},\"potentialAction\":[{\"@type\":\"SearchAction\",\"target\":{\"@type\":\"EntryPoint\",\"urlTemplate\":\"https:\\\/\\\/cave-joly.ch\\\/?s={search_term_string}\"},\"query-input\":{\"@type\":\"PropertyValueSpecification\",\"valueRequired\":true,\"valueName\":\"search_term_string\"}}],\"inLanguage\":\"de\"},{\"@type\":\"Organization\",\"@id\":\"https:\\\/\\\/cave-joly.ch\\\/#organization\",\"name\":\"Cave Jacques & Aur\u00e9lia Joly, Vignerons \u00e0 Lavaux\",\"url\":\"https:\\\/\\\/cave-joly.ch\\\/\",\"logo\":{\"@type\":\"ImageObject\",\"inLanguage\":\"de\",\"@id\":\"https:\\\/\\\/cave-joly.ch\\\/#\\\/schema\\\/logo\\\/image\\\/\",\"url\":\"https:\\\/\\\/cave-joly.ch\\\/wp-content\\\/uploads\\\/2016\\\/01\\\/Logosite.png\",\"contentUrl\":\"https:\\\/\\\/cave-joly.ch\\\/wp-content\\\/uploads\\\/2016\\\/01\\\/Logosite.png\",\"width\":319,\"height\":240,\"caption\":\"Cave Jacques & Aur\u00e9lia Joly, Vignerons \u00e0 Lavaux\"},\"image\":{\"@id\":\"https:\\\/\\\/cave-joly.ch\\\/#\\\/schema\\\/logo\\\/image\\\/\"},\"sameAs\":[\"https:\\\/\\\/www.facebook.com\\\/cavejoly\",\"https:\\\/\\\/www.instagram.com\\\/cavejoly\\\/\"]}]}<\/script>\n<!-- \/ Yoast SEO plugin. -->","yoast_head_json":{"title":"Blanc de blancs Brut - AOC Lavaux - Cave Joly - Vignerons Encaveurs","robots":{"index":"index","follow":"follow","max-snippet":"max-snippet:-1","max-image-preview":"max-image-preview:large","max-video-preview":"max-video-preview:-1"},"canonical":"https:\/\/cave-joly.ch\/de\/produit\/blanc-de-blancs-brut-aoc-lavaux-5\/","og_locale":"de_DE","og_type":"article","og_title":"Blanc de blancs Brut - AOC Lavaux - Cave Joly - Vignerons Encaveurs","og_description":"Contrairement aux nombreux Champagnes issus de raisins rouges, notre premier vin mousseux est ce que l\u2019on appelle un BLANC DE BLANCS. Tout l\u2019art du vigneron est de trouver le bon assemblage afin d\u2019exprimer un style.  C\u00e9page : Charmont avec un peu de chasselas Particularit\u00e9 : Elabor\u00e9 selon la m\u00e9thode traditionnelle de vinification en bouteilles donnant fra\u00eecheur et finesse Caract\u00e8re : d\u00e9licatesse, \u00e9l\u00e9gance et gras en bouche, avec de fines bulles et un joli volume  Recommand\u00e9 : Pour f\u00eater un \u00e9v\u00e8nement ou tout simplement pour se faire plaisir, en ap\u00e9ritif ou en entr\u00e9e  Temp\u00e9rature : 10 \u00e0 12\u00b0C Garde : 1 \u00e0 3 ans","og_url":"https:\/\/cave-joly.ch\/de\/produit\/blanc-de-blancs-brut-aoc-lavaux-5\/","og_site_name":"Cave Joly - Vignerons Encaveurs","article_publisher":"https:\/\/www.facebook.com\/cavejoly","article_modified_time":"2022-01-24T08:09:05+00:00","og_image":[{"width":854,"height":1280,"url":"https:\/\/cave-joly.ch\/wp-content\/uploads\/2020\/11\/blancdeblancsbrut_web.jpg","type":"image\/jpeg"}],"twitter_card":"summary_large_image","schema":{"@context":"https:\/\/schema.org","@graph":[{"@type":"WebPage","@id":"https:\/\/cave-joly.ch\/de\/produit\/blanc-de-blancs-brut-aoc-lavaux-5\/","url":"https:\/\/cave-joly.ch\/de\/produit\/blanc-de-blancs-brut-aoc-lavaux-5\/","name":"Blanc de blancs Brut - AOC Lavaux - Cave Joly - Vignerons Encaveurs","isPartOf":{"@id":"https:\/\/cave-joly.ch\/#website"},"primaryImageOfPage":{"@id":"https:\/\/cave-joly.ch\/de\/produit\/blanc-de-blancs-brut-aoc-lavaux-5\/#primaryimage"},"image":{"@id":"https:\/\/cave-joly.ch\/de\/produit\/blanc-de-blancs-brut-aoc-lavaux-5\/#primaryimage"},"thumbnailUrl":"https:\/\/cave-joly.ch\/wp-content\/uploads\/2020\/11\/blancdeblancsbrut_web.jpg","datePublished":"2020-11-10T07:47:04+00:00","dateModified":"2022-01-24T08:09:05+00:00","breadcrumb":{"@id":"https:\/\/cave-joly.ch\/de\/produit\/blanc-de-blancs-brut-aoc-lavaux-5\/#breadcrumb"},"inLanguage":"de","potentialAction":[{"@type":"ReadAction","target":["https:\/\/cave-joly.ch\/de\/produit\/blanc-de-blancs-brut-aoc-lavaux-5\/"]}]},{"@type":"ImageObject","inLanguage":"de","@id":"https:\/\/cave-joly.ch\/de\/produit\/blanc-de-blancs-brut-aoc-lavaux-5\/#primaryimage","url":"https:\/\/cave-joly.ch\/wp-content\/uploads\/2020\/11\/blancdeblancsbrut_web.jpg","contentUrl":"https:\/\/cave-joly.ch\/wp-content\/uploads\/2020\/11\/blancdeblancsbrut_web.jpg","width":854,"height":1280},{"@type":"BreadcrumbList","@id":"https:\/\/cave-joly.ch\/de\/produit\/blanc-de-blancs-brut-aoc-lavaux-5\/#breadcrumb","itemListElement":[{"@type":"ListItem","position":1,"name":"Home","item":"https:\/\/cave-joly.ch\/de\/home-de\/"},{"@type":"ListItem","position":2,"name":"Shop","item":"https:\/\/cave-joly.ch\/de\/boutique\/"},{"@type":"ListItem","position":3,"name":"Blanc de blancs Brut &#8211; AOC Lavaux"}]},{"@type":"WebSite","@id":"https:\/\/cave-joly.ch\/#website","url":"https:\/\/cave-joly.ch\/","name":"Cave Jacques & Aur\u00e9lia Joly - Vignerons \u00e0 Lavaux","description":"","publisher":{"@id":"https:\/\/cave-joly.ch\/#organization"},"potentialAction":[{"@type":"SearchAction","target":{"@type":"EntryPoint","urlTemplate":"https:\/\/cave-joly.ch\/?s={search_term_string}"},"query-input":{"@type":"PropertyValueSpecification","valueRequired":true,"valueName":"search_term_string"}}],"inLanguage":"de"},{"@type":"Organization","@id":"https:\/\/cave-joly.ch\/#organization","name":"Cave Jacques & Aur\u00e9lia Joly, Vignerons \u00e0 Lavaux","url":"https:\/\/cave-joly.ch\/","logo":{"@type":"ImageObject","inLanguage":"de","@id":"https:\/\/cave-joly.ch\/#\/schema\/logo\/image\/","url":"https:\/\/cave-joly.ch\/wp-content\/uploads\/2016\/01\/Logosite.png","contentUrl":"https:\/\/cave-joly.ch\/wp-content\/uploads\/2016\/01\/Logosite.png","width":319,"height":240,"caption":"Cave Jacques & Aur\u00e9lia Joly, Vignerons \u00e0 Lavaux"},"image":{"@id":"https:\/\/cave-joly.ch\/#\/schema\/logo\/image\/"},"sameAs":["https:\/\/www.facebook.com\/cavejoly","https:\/\/www.instagram.com\/cavejoly\/"]}]}},"tiered_pricing_type":"fixed","tiered_pricing_fixed_rules":[],"tiered_pricing_product_settings":{"layout":"default","base_unit_name":{"singular":null,"plural":null},"default_variation":null},"tiered_pricing_minimum_quantity":null,"tiered_pricing_roles_data":[],"tiered_pricing_percentage_rules":[],"tiered_pricing_maximum_quantity":null,"tiered_pricing_quantity_step":null,"_links":{"self":[{"href":"https:\/\/cave-joly.ch\/de\/wp-json\/wp\/v2\/product\/2422","targetHints":{"allow":["GET"]}}],"collection":[{"href":"https:\/\/cave-joly.ch\/de\/wp-json\/wp\/v2\/product"}],"about":[{"href":"https:\/\/cave-joly.ch\/de\/wp-json\/wp\/v2\/types\/product"}],"wp:featuredmedia":[{"embeddable":true,"href":"https:\/\/cave-joly.ch\/de\/wp-json\/wp\/v2\/media\/1754"}],"wp:attachment":[{"href":"https:\/\/cave-joly.ch\/de\/wp-json\/wp\/v2\/media?parent=2422"}],"wp:term":[{"taxonomy":"product_brand","embeddable":true,"href":"https:\/\/cave-joly.ch\/de\/wp-json\/wp\/v2\/product_brand?post=2422"},{"taxonomy":"product_cat","embeddable":true,"href":"https:\/\/cave-joly.ch\/de\/wp-json\/wp\/v2\/product_cat?post=2422"},{"taxonomy":"product_tag","embeddable":true,"href":"https:\/\/cave-joly.ch\/de\/wp-json\/wp\/v2\/product_tag?post=2422"}],"curies":[{"name":"wp","href":"https:\/\/api.w.org\/{rel}","templated":true}]}}