{"id":283,"date":"2015-01-05T12:31:13","date_gmt":"2015-01-05T11:31:13","guid":{"rendered":"http:\/\/cave-joly.ch\/produit\/rose-de-gamay-vaudois-5070cl\/"},"modified":"2024-04-04T18:06:25","modified_gmt":"2024-04-04T17:06:25","slug":"joli-rose-aoc-vaudois-3","status":"publish","type":"product","link":"https:\/\/cave-joly.ch\/de\/produit\/joli-rose-aoc-vaudois-3\/","title":{"rendered":"Joli Ros\u00e9 AOC Vaudois"},"content":{"rendered":"","protected":false},"excerpt":{"rendered":"<p class=\"p1\">Liegt es am kurzen Einweichen der Beeren vor dem Pressen? Dies k\u00f6nnte das Geheimnis des milden JOLI ROS\u00c9 mit dem Aroma reifer Fr\u00fcchte sein. Geniesser trinken ihn als Aperitif oder zu einem sommerlich leichten Gericht. Der ideale Begleiter zu Gegrilltem an einem lauen Sommerabend auf der Terrasse!<\/p>\n<p><strong>Rebsorte :<\/strong> Gamay &amp; Blaubugunder<br \/>\n<strong>Besonderheit :<\/strong> Leichte Mazeration (physikalischen Verfahren bzw \u201eeinweichen\u201c) vor der Pressung. Auswahl von verschiedenen Gamaysorten<br \/>\n<strong>Charakter :<\/strong> Blasse Lachsfarbe, sch\u00f6ne Frische in der Nase, gute Struktur im Gaumen mit einer Note reifer Fr\u00fcchte verleihen diesem Ros\u00e9wein eine angenehme Milde<br \/>\n<strong>Empfehlung :<\/strong> Ap\u00e9ro, Gerichte nach eigenem Geschmack und nach Lust und Laune, ein Genuss mit Sommersalaten und gegrilltem Fleisch.<br \/>\n<strong>Temperatur\u00a0:<\/strong> 10 bis 12\u00b0 C<br \/>\n<strong>Haltbarkeit :<\/strong> 1- 2 Jahre<\/p>\n","protected":false},"featured_media":998,"template":"","meta":[],"product_brand":[],"product_cat":[113],"product_tag":[],"class_list":{"0":"post-283","1":"product","2":"type-product","3":"status-publish","4":"has-post-thumbnail","6":"product_cat-unsere-klassiker","8":"first","9":"instock","10":"shipping-taxable","11":"purchasable","12":"product-type-variable","13":"has-default-attributes"},"yoast_head":"<!-- This site is optimized with the Yoast SEO plugin v27.5 - https:\/\/yoast.com\/product\/yoast-seo-wordpress\/ -->\n<title>Joli Ros\u00e9 AOC Vaudois - Cave Joly - Vignerons Encaveurs<\/title>\n<meta name=\"robots\" content=\"index, follow, max-snippet:-1, max-image-preview:large, max-video-preview:-1\" \/>\n<link rel=\"canonical\" href=\"https:\/\/cave-joly.ch\/de\/produit\/joli-rose-aoc-vaudois-3\/\" \/>\n<meta property=\"og:locale\" content=\"de_DE\" \/>\n<meta property=\"og:type\" content=\"article\" \/>\n<meta property=\"og:title\" content=\"Joli Ros\u00e9 AOC Vaudois - Cave Joly - Vignerons Encaveurs\" \/>\n<meta property=\"og:description\" content=\"Liegt es am kurzen Einweichen der Beeren vor dem Pressen? Dies k\u00f6nnte das Geheimnis des milden JOLI ROS\u00c9 mit dem Aroma reifer Fr\u00fcchte sein. Geniesser trinken ihn als Aperitif oder zu einem sommerlich leichten Gericht. Der ideale Begleiter zu Gegrilltem an einem lauen Sommerabend auf der Terrasse! Rebsorte : Gamay &amp; Blaubugunder Besonderheit : Leichte Mazeration (physikalischen Verfahren bzw \u201eeinweichen\u201c) vor der Pressung. Auswahl von verschiedenen Gamaysorten Charakter : Blasse Lachsfarbe, sch\u00f6ne Frische in der Nase, gute Struktur im Gaumen mit einer Note reifer Fr\u00fcchte verleihen diesem Ros\u00e9wein eine angenehme Milde Empfehlung : Ap\u00e9ro, Gerichte nach eigenem Geschmack und nach Lust und Laune, ein Genuss mit Sommersalaten und gegrilltem Fleisch. Temperatur\u00a0: 10 bis 12\u00b0 C Haltbarkeit : 1- 2 Jahre\" \/>\n<meta property=\"og:url\" content=\"https:\/\/cave-joly.ch\/de\/produit\/joli-rose-aoc-vaudois-3\/\" \/>\n<meta property=\"og:site_name\" content=\"Cave Joly - Vignerons Encaveurs\" \/>\n<meta property=\"article:publisher\" content=\"https:\/\/www.facebook.com\/cavejoly\" \/>\n<meta property=\"article:modified_time\" content=\"2024-04-04T17:06:25+00:00\" \/>\n<meta property=\"og:image\" content=\"https:\/\/cave-joly.ch\/wp-content\/uploads\/2016\/08\/joli_rose_s6a3829.jpeg\" \/>\n\t<meta property=\"og:image:width\" content=\"1658\" \/>\n\t<meta property=\"og:image:height\" content=\"2484\" \/>\n\t<meta property=\"og:image:type\" content=\"image\/jpeg\" \/>\n<meta name=\"twitter:card\" content=\"summary_large_image\" \/>\n<script type=\"application\/ld+json\" class=\"yoast-schema-graph\">{\"@context\":\"https:\\\/\\\/schema.org\",\"@graph\":[{\"@type\":\"WebPage\",\"@id\":\"https:\\\/\\\/cave-joly.ch\\\/de\\\/produit\\\/joli-rose-aoc-vaudois-3\\\/\",\"url\":\"https:\\\/\\\/cave-joly.ch\\\/de\\\/produit\\\/joli-rose-aoc-vaudois-3\\\/\",\"name\":\"Joli Ros\u00e9 AOC Vaudois - Cave Joly - Vignerons Encaveurs\",\"isPartOf\":{\"@id\":\"https:\\\/\\\/cave-joly.ch\\\/#website\"},\"primaryImageOfPage\":{\"@id\":\"https:\\\/\\\/cave-joly.ch\\\/de\\\/produit\\\/joli-rose-aoc-vaudois-3\\\/#primaryimage\"},\"image\":{\"@id\":\"https:\\\/\\\/cave-joly.ch\\\/de\\\/produit\\\/joli-rose-aoc-vaudois-3\\\/#primaryimage\"},\"thumbnailUrl\":\"https:\\\/\\\/cave-joly.ch\\\/wp-content\\\/uploads\\\/2016\\\/08\\\/joli_rose_s6a3829.jpeg\",\"datePublished\":\"2015-01-05T11:31:13+00:00\",\"dateModified\":\"2024-04-04T17:06:25+00:00\",\"breadcrumb\":{\"@id\":\"https:\\\/\\\/cave-joly.ch\\\/de\\\/produit\\\/joli-rose-aoc-vaudois-3\\\/#breadcrumb\"},\"inLanguage\":\"de\",\"potentialAction\":[{\"@type\":\"ReadAction\",\"target\":[\"https:\\\/\\\/cave-joly.ch\\\/de\\\/produit\\\/joli-rose-aoc-vaudois-3\\\/\"]}]},{\"@type\":\"ImageObject\",\"inLanguage\":\"de\",\"@id\":\"https:\\\/\\\/cave-joly.ch\\\/de\\\/produit\\\/joli-rose-aoc-vaudois-3\\\/#primaryimage\",\"url\":\"https:\\\/\\\/cave-joly.ch\\\/wp-content\\\/uploads\\\/2016\\\/08\\\/joli_rose_s6a3829.jpeg\",\"contentUrl\":\"https:\\\/\\\/cave-joly.ch\\\/wp-content\\\/uploads\\\/2016\\\/08\\\/joli_rose_s6a3829.jpeg\",\"width\":1658,\"height\":2484},{\"@type\":\"BreadcrumbList\",\"@id\":\"https:\\\/\\\/cave-joly.ch\\\/de\\\/produit\\\/joli-rose-aoc-vaudois-3\\\/#breadcrumb\",\"itemListElement\":[{\"@type\":\"ListItem\",\"position\":1,\"name\":\"Home\",\"item\":\"https:\\\/\\\/cave-joly.ch\\\/de\\\/home-de\\\/\"},{\"@type\":\"ListItem\",\"position\":2,\"name\":\"Shop\",\"item\":\"https:\\\/\\\/cave-joly.ch\\\/de\\\/boutique\\\/\"},{\"@type\":\"ListItem\",\"position\":3,\"name\":\"Joli Ros\u00e9 AOC Vaudois\"}]},{\"@type\":\"WebSite\",\"@id\":\"https:\\\/\\\/cave-joly.ch\\\/#website\",\"url\":\"https:\\\/\\\/cave-joly.ch\\\/\",\"name\":\"Cave Jacques & Aur\u00e9lia Joly - Vignerons \u00e0 Lavaux\",\"description\":\"\",\"publisher\":{\"@id\":\"https:\\\/\\\/cave-joly.ch\\\/#organization\"},\"potentialAction\":[{\"@type\":\"SearchAction\",\"target\":{\"@type\":\"EntryPoint\",\"urlTemplate\":\"https:\\\/\\\/cave-joly.ch\\\/?s={search_term_string}\"},\"query-input\":{\"@type\":\"PropertyValueSpecification\",\"valueRequired\":true,\"valueName\":\"search_term_string\"}}],\"inLanguage\":\"de\"},{\"@type\":\"Organization\",\"@id\":\"https:\\\/\\\/cave-joly.ch\\\/#organization\",\"name\":\"Cave Jacques & Aur\u00e9lia Joly, Vignerons \u00e0 Lavaux\",\"url\":\"https:\\\/\\\/cave-joly.ch\\\/\",\"logo\":{\"@type\":\"ImageObject\",\"inLanguage\":\"de\",\"@id\":\"https:\\\/\\\/cave-joly.ch\\\/#\\\/schema\\\/logo\\\/image\\\/\",\"url\":\"https:\\\/\\\/cave-joly.ch\\\/wp-content\\\/uploads\\\/2016\\\/01\\\/Logosite.png\",\"contentUrl\":\"https:\\\/\\\/cave-joly.ch\\\/wp-content\\\/uploads\\\/2016\\\/01\\\/Logosite.png\",\"width\":319,\"height\":240,\"caption\":\"Cave Jacques & Aur\u00e9lia Joly, Vignerons \u00e0 Lavaux\"},\"image\":{\"@id\":\"https:\\\/\\\/cave-joly.ch\\\/#\\\/schema\\\/logo\\\/image\\\/\"},\"sameAs\":[\"https:\\\/\\\/www.facebook.com\\\/cavejoly\",\"https:\\\/\\\/www.instagram.com\\\/cavejoly\\\/\"]}]}<\/script>\n<!-- \/ Yoast SEO plugin. -->","yoast_head_json":{"title":"Joli Ros\u00e9 AOC Vaudois - Cave Joly - Vignerons Encaveurs","robots":{"index":"index","follow":"follow","max-snippet":"max-snippet:-1","max-image-preview":"max-image-preview:large","max-video-preview":"max-video-preview:-1"},"canonical":"https:\/\/cave-joly.ch\/de\/produit\/joli-rose-aoc-vaudois-3\/","og_locale":"de_DE","og_type":"article","og_title":"Joli Ros\u00e9 AOC Vaudois - Cave Joly - Vignerons Encaveurs","og_description":"Liegt es am kurzen Einweichen der Beeren vor dem Pressen? Dies k\u00f6nnte das Geheimnis des milden JOLI ROS\u00c9 mit dem Aroma reifer Fr\u00fcchte sein. Geniesser trinken ihn als Aperitif oder zu einem sommerlich leichten Gericht. Der ideale Begleiter zu Gegrilltem an einem lauen Sommerabend auf der Terrasse! Rebsorte : Gamay &amp; Blaubugunder Besonderheit : Leichte Mazeration (physikalischen Verfahren bzw \u201eeinweichen\u201c) vor der Pressung. Auswahl von verschiedenen Gamaysorten Charakter : Blasse Lachsfarbe, sch\u00f6ne Frische in der Nase, gute Struktur im Gaumen mit einer Note reifer Fr\u00fcchte verleihen diesem Ros\u00e9wein eine angenehme Milde Empfehlung : Ap\u00e9ro, Gerichte nach eigenem Geschmack und nach Lust und Laune, ein Genuss mit Sommersalaten und gegrilltem Fleisch. Temperatur\u00a0: 10 bis 12\u00b0 C Haltbarkeit : 1- 2 Jahre","og_url":"https:\/\/cave-joly.ch\/de\/produit\/joli-rose-aoc-vaudois-3\/","og_site_name":"Cave Joly - Vignerons Encaveurs","article_publisher":"https:\/\/www.facebook.com\/cavejoly","article_modified_time":"2024-04-04T17:06:25+00:00","og_image":[{"width":1658,"height":2484,"url":"https:\/\/cave-joly.ch\/wp-content\/uploads\/2016\/08\/joli_rose_s6a3829.jpeg","type":"image\/jpeg"}],"twitter_card":"summary_large_image","schema":{"@context":"https:\/\/schema.org","@graph":[{"@type":"WebPage","@id":"https:\/\/cave-joly.ch\/de\/produit\/joli-rose-aoc-vaudois-3\/","url":"https:\/\/cave-joly.ch\/de\/produit\/joli-rose-aoc-vaudois-3\/","name":"Joli Ros\u00e9 AOC Vaudois - Cave Joly - Vignerons Encaveurs","isPartOf":{"@id":"https:\/\/cave-joly.ch\/#website"},"primaryImageOfPage":{"@id":"https:\/\/cave-joly.ch\/de\/produit\/joli-rose-aoc-vaudois-3\/#primaryimage"},"image":{"@id":"https:\/\/cave-joly.ch\/de\/produit\/joli-rose-aoc-vaudois-3\/#primaryimage"},"thumbnailUrl":"https:\/\/cave-joly.ch\/wp-content\/uploads\/2016\/08\/joli_rose_s6a3829.jpeg","datePublished":"2015-01-05T11:31:13+00:00","dateModified":"2024-04-04T17:06:25+00:00","breadcrumb":{"@id":"https:\/\/cave-joly.ch\/de\/produit\/joli-rose-aoc-vaudois-3\/#breadcrumb"},"inLanguage":"de","potentialAction":[{"@type":"ReadAction","target":["https:\/\/cave-joly.ch\/de\/produit\/joli-rose-aoc-vaudois-3\/"]}]},{"@type":"ImageObject","inLanguage":"de","@id":"https:\/\/cave-joly.ch\/de\/produit\/joli-rose-aoc-vaudois-3\/#primaryimage","url":"https:\/\/cave-joly.ch\/wp-content\/uploads\/2016\/08\/joli_rose_s6a3829.jpeg","contentUrl":"https:\/\/cave-joly.ch\/wp-content\/uploads\/2016\/08\/joli_rose_s6a3829.jpeg","width":1658,"height":2484},{"@type":"BreadcrumbList","@id":"https:\/\/cave-joly.ch\/de\/produit\/joli-rose-aoc-vaudois-3\/#breadcrumb","itemListElement":[{"@type":"ListItem","position":1,"name":"Home","item":"https:\/\/cave-joly.ch\/de\/home-de\/"},{"@type":"ListItem","position":2,"name":"Shop","item":"https:\/\/cave-joly.ch\/de\/boutique\/"},{"@type":"ListItem","position":3,"name":"Joli Ros\u00e9 AOC Vaudois"}]},{"@type":"WebSite","@id":"https:\/\/cave-joly.ch\/#website","url":"https:\/\/cave-joly.ch\/","name":"Cave Jacques & Aur\u00e9lia Joly - Vignerons \u00e0 Lavaux","description":"","publisher":{"@id":"https:\/\/cave-joly.ch\/#organization"},"potentialAction":[{"@type":"SearchAction","target":{"@type":"EntryPoint","urlTemplate":"https:\/\/cave-joly.ch\/?s={search_term_string}"},"query-input":{"@type":"PropertyValueSpecification","valueRequired":true,"valueName":"search_term_string"}}],"inLanguage":"de"},{"@type":"Organization","@id":"https:\/\/cave-joly.ch\/#organization","name":"Cave Jacques & Aur\u00e9lia Joly, Vignerons \u00e0 Lavaux","url":"https:\/\/cave-joly.ch\/","logo":{"@type":"ImageObject","inLanguage":"de","@id":"https:\/\/cave-joly.ch\/#\/schema\/logo\/image\/","url":"https:\/\/cave-joly.ch\/wp-content\/uploads\/2016\/01\/Logosite.png","contentUrl":"https:\/\/cave-joly.ch\/wp-content\/uploads\/2016\/01\/Logosite.png","width":319,"height":240,"caption":"Cave Jacques & Aur\u00e9lia Joly, Vignerons \u00e0 Lavaux"},"image":{"@id":"https:\/\/cave-joly.ch\/#\/schema\/logo\/image\/"},"sameAs":["https:\/\/www.facebook.com\/cavejoly","https:\/\/www.instagram.com\/cavejoly\/"]}]}},"tiered_pricing_type":"fixed","tiered_pricing_fixed_rules":[],"tiered_pricing_product_settings":{"layout":"default","base_unit_name":{"singular":null,"plural":null},"default_variation":null},"tiered_pricing_minimum_quantity":null,"tiered_pricing_roles_data":[],"tiered_pricing_percentage_rules":[],"tiered_pricing_maximum_quantity":null,"tiered_pricing_quantity_step":null,"_links":{"self":[{"href":"https:\/\/cave-joly.ch\/de\/wp-json\/wp\/v2\/product\/283","targetHints":{"allow":["GET"]}}],"collection":[{"href":"https:\/\/cave-joly.ch\/de\/wp-json\/wp\/v2\/product"}],"about":[{"href":"https:\/\/cave-joly.ch\/de\/wp-json\/wp\/v2\/types\/product"}],"wp:featuredmedia":[{"embeddable":true,"href":"https:\/\/cave-joly.ch\/de\/wp-json\/wp\/v2\/media\/998"}],"wp:attachment":[{"href":"https:\/\/cave-joly.ch\/de\/wp-json\/wp\/v2\/media?parent=283"}],"wp:term":[{"taxonomy":"product_brand","embeddable":true,"href":"https:\/\/cave-joly.ch\/de\/wp-json\/wp\/v2\/product_brand?post=283"},{"taxonomy":"product_cat","embeddable":true,"href":"https:\/\/cave-joly.ch\/de\/wp-json\/wp\/v2\/product_cat?post=283"},{"taxonomy":"product_tag","embeddable":true,"href":"https:\/\/cave-joly.ch\/de\/wp-json\/wp\/v2\/product_tag?post=283"}],"curies":[{"name":"wp","href":"https:\/\/api.w.org\/{rel}","templated":true}]}}