{"id":287,"date":"2015-01-05T14:31:36","date_gmt":"2015-01-05T13:31:36","guid":{"rendered":"http:\/\/cave-joly.ch\/produit\/pinot-noir-vaudois-5070cl\/"},"modified":"2022-12-20T08:22:18","modified_gmt":"2022-12-20T07:22:18","slug":"pinot-noir-aoc-lavaux","status":"publish","type":"product","link":"https:\/\/cave-joly.ch\/de\/produit\/pinot-noir-aoc-lavaux\/","title":{"rendered":"Pinot Noir AOC Lavaux"},"content":{"rendered":"","protected":false},"excerpt":{"rendered":"<p class=\"p1\">Die Rebsorte Blauburgunder braucht keine Erkl\u00e4rung mehr, ist sie doch eine der beliebtesten in der Schweiz. Dies ist ein ausgewogener Wein, der viele Geniesser verf\u00fchren kann. Er ist vollmundig und das angenehme Tannin wird perfekt von seinem Kirscharoma erg\u00e4nzt. Der PINOT NOIR AOC ist der perfekte Begleiter f\u00fcr Fleischgerichte und K\u00e4se.<\/p>\n<p><strong>Rebsorte:<\/strong> Pinot Noir (Blauburgunder)<br \/>\n<strong>Besonderheit:<\/strong> Diese Rebsorte braucht ganz besondere Aufmerksamkeit w\u00e4hrend seiner Aufzucht<br \/>\n<strong>Charakter:<\/strong> Tr\u00e4gt die Note von roter Kirsche, lang im Gaumen und mit dem angenehmen Tannin gibt es diesem Wein ein gutes Gleichgewicht<br \/>\n<strong>Empfehlung:<\/strong> Geschmorte Gerichte und Aufl\u00e4ufe, wei\u00dfes und rotes Fleisch, K\u00e4se<br \/>\n<strong>Temperatur:<\/strong> 14 bis 18\u00b0 C<br \/>\n<strong>Haltbarkeit\u00a0:<\/strong> 2 bis 5 Jahre<\/p>\n","protected":false},"featured_media":1004,"template":"","meta":[],"product_brand":[],"product_cat":[113],"product_tag":[],"class_list":{"0":"post-287","1":"product","2":"type-product","3":"status-publish","4":"has-post-thumbnail","6":"product_cat-unsere-klassiker","8":"first","9":"instock","10":"shipping-taxable","11":"purchasable","12":"product-type-variable","13":"has-default-attributes"},"yoast_head":"<!-- This site is optimized with the Yoast SEO plugin v27.4 - https:\/\/yoast.com\/product\/yoast-seo-wordpress\/ -->\n<title>Pinot Noir AOC Lavaux - Cave Joly - Vignerons Encaveurs<\/title>\n<meta name=\"robots\" content=\"index, follow, max-snippet:-1, max-image-preview:large, max-video-preview:-1\" \/>\n<link rel=\"canonical\" href=\"https:\/\/cave-joly.ch\/de\/produit\/pinot-noir-aoc-lavaux\/\" \/>\n<meta property=\"og:locale\" content=\"de_DE\" \/>\n<meta property=\"og:type\" content=\"article\" \/>\n<meta property=\"og:title\" content=\"Pinot Noir AOC Lavaux - Cave Joly - Vignerons Encaveurs\" \/>\n<meta property=\"og:description\" content=\"Die Rebsorte Blauburgunder braucht keine Erkl\u00e4rung mehr, ist sie doch eine der beliebtesten in der Schweiz. Dies ist ein ausgewogener Wein, der viele Geniesser verf\u00fchren kann. Er ist vollmundig und das angenehme Tannin wird perfekt von seinem Kirscharoma erg\u00e4nzt. Der PINOT NOIR AOC ist der perfekte Begleiter f\u00fcr Fleischgerichte und K\u00e4se. Rebsorte: Pinot Noir (Blauburgunder) Besonderheit: Diese Rebsorte braucht ganz besondere Aufmerksamkeit w\u00e4hrend seiner Aufzucht Charakter: Tr\u00e4gt die Note von roter Kirsche, lang im Gaumen und mit dem angenehmen Tannin gibt es diesem Wein ein gutes Gleichgewicht Empfehlung: Geschmorte Gerichte und Aufl\u00e4ufe, wei\u00dfes und rotes Fleisch, K\u00e4se Temperatur: 14 bis 18\u00b0 C Haltbarkeit\u00a0: 2 bis 5 Jahre\" \/>\n<meta property=\"og:url\" content=\"https:\/\/cave-joly.ch\/de\/produit\/pinot-noir-aoc-lavaux\/\" \/>\n<meta property=\"og:site_name\" content=\"Cave Joly - Vignerons Encaveurs\" \/>\n<meta property=\"article:publisher\" content=\"https:\/\/www.facebook.com\/cavejoly\" \/>\n<meta property=\"article:modified_time\" content=\"2022-12-20T07:22:18+00:00\" \/>\n<meta property=\"og:image\" content=\"https:\/\/cave-joly.ch\/wp-content\/uploads\/2016\/08\/pinotnoir_2018.jpeg\" \/>\n\t<meta property=\"og:image:width\" content=\"1708\" \/>\n\t<meta property=\"og:image:height\" content=\"2562\" \/>\n\t<meta property=\"og:image:type\" content=\"image\/jpeg\" \/>\n<meta name=\"twitter:card\" content=\"summary_large_image\" \/>\n<script type=\"application\/ld+json\" class=\"yoast-schema-graph\">{\"@context\":\"https:\\\/\\\/schema.org\",\"@graph\":[{\"@type\":\"WebPage\",\"@id\":\"https:\\\/\\\/cave-joly.ch\\\/de\\\/produit\\\/pinot-noir-aoc-lavaux\\\/\",\"url\":\"https:\\\/\\\/cave-joly.ch\\\/de\\\/produit\\\/pinot-noir-aoc-lavaux\\\/\",\"name\":\"Pinot Noir AOC Lavaux - Cave Joly - Vignerons Encaveurs\",\"isPartOf\":{\"@id\":\"https:\\\/\\\/cave-joly.ch\\\/#website\"},\"primaryImageOfPage\":{\"@id\":\"https:\\\/\\\/cave-joly.ch\\\/de\\\/produit\\\/pinot-noir-aoc-lavaux\\\/#primaryimage\"},\"image\":{\"@id\":\"https:\\\/\\\/cave-joly.ch\\\/de\\\/produit\\\/pinot-noir-aoc-lavaux\\\/#primaryimage\"},\"thumbnailUrl\":\"https:\\\/\\\/cave-joly.ch\\\/wp-content\\\/uploads\\\/2016\\\/08\\\/pinotnoir_2018.jpeg\",\"datePublished\":\"2015-01-05T13:31:36+00:00\",\"dateModified\":\"2022-12-20T07:22:18+00:00\",\"breadcrumb\":{\"@id\":\"https:\\\/\\\/cave-joly.ch\\\/de\\\/produit\\\/pinot-noir-aoc-lavaux\\\/#breadcrumb\"},\"inLanguage\":\"de\",\"potentialAction\":[{\"@type\":\"ReadAction\",\"target\":[\"https:\\\/\\\/cave-joly.ch\\\/de\\\/produit\\\/pinot-noir-aoc-lavaux\\\/\"]}]},{\"@type\":\"ImageObject\",\"inLanguage\":\"de\",\"@id\":\"https:\\\/\\\/cave-joly.ch\\\/de\\\/produit\\\/pinot-noir-aoc-lavaux\\\/#primaryimage\",\"url\":\"https:\\\/\\\/cave-joly.ch\\\/wp-content\\\/uploads\\\/2016\\\/08\\\/pinotnoir_2018.jpeg\",\"contentUrl\":\"https:\\\/\\\/cave-joly.ch\\\/wp-content\\\/uploads\\\/2016\\\/08\\\/pinotnoir_2018.jpeg\",\"width\":1708,\"height\":2562},{\"@type\":\"BreadcrumbList\",\"@id\":\"https:\\\/\\\/cave-joly.ch\\\/de\\\/produit\\\/pinot-noir-aoc-lavaux\\\/#breadcrumb\",\"itemListElement\":[{\"@type\":\"ListItem\",\"position\":1,\"name\":\"Home\",\"item\":\"https:\\\/\\\/cave-joly.ch\\\/de\\\/home-de\\\/\"},{\"@type\":\"ListItem\",\"position\":2,\"name\":\"Shop\",\"item\":\"https:\\\/\\\/cave-joly.ch\\\/de\\\/boutique\\\/\"},{\"@type\":\"ListItem\",\"position\":3,\"name\":\"Pinot Noir AOC Lavaux\"}]},{\"@type\":\"WebSite\",\"@id\":\"https:\\\/\\\/cave-joly.ch\\\/#website\",\"url\":\"https:\\\/\\\/cave-joly.ch\\\/\",\"name\":\"Cave Jacques & Aur\u00e9lia Joly - Vignerons \u00e0 Lavaux\",\"description\":\"\",\"publisher\":{\"@id\":\"https:\\\/\\\/cave-joly.ch\\\/#organization\"},\"potentialAction\":[{\"@type\":\"SearchAction\",\"target\":{\"@type\":\"EntryPoint\",\"urlTemplate\":\"https:\\\/\\\/cave-joly.ch\\\/?s={search_term_string}\"},\"query-input\":{\"@type\":\"PropertyValueSpecification\",\"valueRequired\":true,\"valueName\":\"search_term_string\"}}],\"inLanguage\":\"de\"},{\"@type\":\"Organization\",\"@id\":\"https:\\\/\\\/cave-joly.ch\\\/#organization\",\"name\":\"Cave Jacques & Aur\u00e9lia Joly, Vignerons \u00e0 Lavaux\",\"url\":\"https:\\\/\\\/cave-joly.ch\\\/\",\"logo\":{\"@type\":\"ImageObject\",\"inLanguage\":\"de\",\"@id\":\"https:\\\/\\\/cave-joly.ch\\\/#\\\/schema\\\/logo\\\/image\\\/\",\"url\":\"https:\\\/\\\/cave-joly.ch\\\/wp-content\\\/uploads\\\/2016\\\/01\\\/Logosite.png\",\"contentUrl\":\"https:\\\/\\\/cave-joly.ch\\\/wp-content\\\/uploads\\\/2016\\\/01\\\/Logosite.png\",\"width\":319,\"height\":240,\"caption\":\"Cave Jacques & Aur\u00e9lia Joly, Vignerons \u00e0 Lavaux\"},\"image\":{\"@id\":\"https:\\\/\\\/cave-joly.ch\\\/#\\\/schema\\\/logo\\\/image\\\/\"},\"sameAs\":[\"https:\\\/\\\/www.facebook.com\\\/cavejoly\",\"https:\\\/\\\/www.instagram.com\\\/cavejoly\\\/\"]}]}<\/script>\n<!-- \/ Yoast SEO plugin. -->","yoast_head_json":{"title":"Pinot Noir AOC Lavaux - Cave Joly - Vignerons Encaveurs","robots":{"index":"index","follow":"follow","max-snippet":"max-snippet:-1","max-image-preview":"max-image-preview:large","max-video-preview":"max-video-preview:-1"},"canonical":"https:\/\/cave-joly.ch\/de\/produit\/pinot-noir-aoc-lavaux\/","og_locale":"de_DE","og_type":"article","og_title":"Pinot Noir AOC Lavaux - Cave Joly - Vignerons Encaveurs","og_description":"Die Rebsorte Blauburgunder braucht keine Erkl\u00e4rung mehr, ist sie doch eine der beliebtesten in der Schweiz. Dies ist ein ausgewogener Wein, der viele Geniesser verf\u00fchren kann. Er ist vollmundig und das angenehme Tannin wird perfekt von seinem Kirscharoma erg\u00e4nzt. Der PINOT NOIR AOC ist der perfekte Begleiter f\u00fcr Fleischgerichte und K\u00e4se. Rebsorte: Pinot Noir (Blauburgunder) Besonderheit: Diese Rebsorte braucht ganz besondere Aufmerksamkeit w\u00e4hrend seiner Aufzucht Charakter: Tr\u00e4gt die Note von roter Kirsche, lang im Gaumen und mit dem angenehmen Tannin gibt es diesem Wein ein gutes Gleichgewicht Empfehlung: Geschmorte Gerichte und Aufl\u00e4ufe, wei\u00dfes und rotes Fleisch, K\u00e4se Temperatur: 14 bis 18\u00b0 C Haltbarkeit\u00a0: 2 bis 5 Jahre","og_url":"https:\/\/cave-joly.ch\/de\/produit\/pinot-noir-aoc-lavaux\/","og_site_name":"Cave Joly - Vignerons Encaveurs","article_publisher":"https:\/\/www.facebook.com\/cavejoly","article_modified_time":"2022-12-20T07:22:18+00:00","og_image":[{"width":1708,"height":2562,"url":"https:\/\/cave-joly.ch\/wp-content\/uploads\/2016\/08\/pinotnoir_2018.jpeg","type":"image\/jpeg"}],"twitter_card":"summary_large_image","schema":{"@context":"https:\/\/schema.org","@graph":[{"@type":"WebPage","@id":"https:\/\/cave-joly.ch\/de\/produit\/pinot-noir-aoc-lavaux\/","url":"https:\/\/cave-joly.ch\/de\/produit\/pinot-noir-aoc-lavaux\/","name":"Pinot Noir AOC Lavaux - Cave Joly - Vignerons Encaveurs","isPartOf":{"@id":"https:\/\/cave-joly.ch\/#website"},"primaryImageOfPage":{"@id":"https:\/\/cave-joly.ch\/de\/produit\/pinot-noir-aoc-lavaux\/#primaryimage"},"image":{"@id":"https:\/\/cave-joly.ch\/de\/produit\/pinot-noir-aoc-lavaux\/#primaryimage"},"thumbnailUrl":"https:\/\/cave-joly.ch\/wp-content\/uploads\/2016\/08\/pinotnoir_2018.jpeg","datePublished":"2015-01-05T13:31:36+00:00","dateModified":"2022-12-20T07:22:18+00:00","breadcrumb":{"@id":"https:\/\/cave-joly.ch\/de\/produit\/pinot-noir-aoc-lavaux\/#breadcrumb"},"inLanguage":"de","potentialAction":[{"@type":"ReadAction","target":["https:\/\/cave-joly.ch\/de\/produit\/pinot-noir-aoc-lavaux\/"]}]},{"@type":"ImageObject","inLanguage":"de","@id":"https:\/\/cave-joly.ch\/de\/produit\/pinot-noir-aoc-lavaux\/#primaryimage","url":"https:\/\/cave-joly.ch\/wp-content\/uploads\/2016\/08\/pinotnoir_2018.jpeg","contentUrl":"https:\/\/cave-joly.ch\/wp-content\/uploads\/2016\/08\/pinotnoir_2018.jpeg","width":1708,"height":2562},{"@type":"BreadcrumbList","@id":"https:\/\/cave-joly.ch\/de\/produit\/pinot-noir-aoc-lavaux\/#breadcrumb","itemListElement":[{"@type":"ListItem","position":1,"name":"Home","item":"https:\/\/cave-joly.ch\/de\/home-de\/"},{"@type":"ListItem","position":2,"name":"Shop","item":"https:\/\/cave-joly.ch\/de\/boutique\/"},{"@type":"ListItem","position":3,"name":"Pinot Noir AOC Lavaux"}]},{"@type":"WebSite","@id":"https:\/\/cave-joly.ch\/#website","url":"https:\/\/cave-joly.ch\/","name":"Cave Jacques & Aur\u00e9lia Joly - Vignerons \u00e0 Lavaux","description":"","publisher":{"@id":"https:\/\/cave-joly.ch\/#organization"},"potentialAction":[{"@type":"SearchAction","target":{"@type":"EntryPoint","urlTemplate":"https:\/\/cave-joly.ch\/?s={search_term_string}"},"query-input":{"@type":"PropertyValueSpecification","valueRequired":true,"valueName":"search_term_string"}}],"inLanguage":"de"},{"@type":"Organization","@id":"https:\/\/cave-joly.ch\/#organization","name":"Cave Jacques & Aur\u00e9lia Joly, Vignerons \u00e0 Lavaux","url":"https:\/\/cave-joly.ch\/","logo":{"@type":"ImageObject","inLanguage":"de","@id":"https:\/\/cave-joly.ch\/#\/schema\/logo\/image\/","url":"https:\/\/cave-joly.ch\/wp-content\/uploads\/2016\/01\/Logosite.png","contentUrl":"https:\/\/cave-joly.ch\/wp-content\/uploads\/2016\/01\/Logosite.png","width":319,"height":240,"caption":"Cave Jacques & Aur\u00e9lia Joly, Vignerons \u00e0 Lavaux"},"image":{"@id":"https:\/\/cave-joly.ch\/#\/schema\/logo\/image\/"},"sameAs":["https:\/\/www.facebook.com\/cavejoly","https:\/\/www.instagram.com\/cavejoly\/"]}]}},"tiered_pricing_type":"fixed","tiered_pricing_fixed_rules":[],"tiered_pricing_product_settings":{"layout":"default","base_unit_name":{"singular":null,"plural":null},"default_variation":null},"tiered_pricing_minimum_quantity":null,"tiered_pricing_roles_data":[],"tiered_pricing_percentage_rules":[],"tiered_pricing_maximum_quantity":null,"tiered_pricing_quantity_step":null,"_links":{"self":[{"href":"https:\/\/cave-joly.ch\/de\/wp-json\/wp\/v2\/product\/287","targetHints":{"allow":["GET"]}}],"collection":[{"href":"https:\/\/cave-joly.ch\/de\/wp-json\/wp\/v2\/product"}],"about":[{"href":"https:\/\/cave-joly.ch\/de\/wp-json\/wp\/v2\/types\/product"}],"wp:featuredmedia":[{"embeddable":true,"href":"https:\/\/cave-joly.ch\/de\/wp-json\/wp\/v2\/media\/1004"}],"wp:attachment":[{"href":"https:\/\/cave-joly.ch\/de\/wp-json\/wp\/v2\/media?parent=287"}],"wp:term":[{"taxonomy":"product_brand","embeddable":true,"href":"https:\/\/cave-joly.ch\/de\/wp-json\/wp\/v2\/product_brand?post=287"},{"taxonomy":"product_cat","embeddable":true,"href":"https:\/\/cave-joly.ch\/de\/wp-json\/wp\/v2\/product_cat?post=287"},{"taxonomy":"product_tag","embeddable":true,"href":"https:\/\/cave-joly.ch\/de\/wp-json\/wp\/v2\/product_tag?post=287"}],"curies":[{"name":"wp","href":"https:\/\/api.w.org\/{rel}","templated":true}]}}