{"id":290,"date":"2015-01-05T14:35:45","date_gmt":"2015-01-05T13:35:45","guid":{"rendered":"http:\/\/cave-joly.ch\/produit\/larcane-gamay-vieille-vigne-5070cl\/"},"modified":"2022-01-24T09:03:40","modified_gmt":"2022-01-24T08:03:40","slug":"larcane-gamay-vieilles-vignes-aoc-lavaux-3","status":"publish","type":"product","link":"https:\/\/cave-joly.ch\/de\/produit\/larcane-gamay-vieilles-vignes-aoc-lavaux-3\/","title":{"rendered":"L&#8217;Arcane Gamay vieilles vignes AOC Lavaux"},"content":{"rendered":"","protected":false},"excerpt":{"rendered":"<p class=\"p1\">Auch Rotwein kann ein perfekter Aperitif sein! Der ARCANE ist der beste Beweis daf\u00fcr. Dieser milde Wein wird aus Gamay Weinreben, die \u00e4lter als 30 Jahre sind, gewonnen. Gamay, die zweith\u00e4ufigste Rebsorte nach dem Chasselas (Gutedel) im Waadtl\u00e4nder Kanton, setzt ein frisches Aroma von Waldbeeren und eine angenehme W\u00fcrze frei.<\/p>\n<p><strong>Rebsorte<\/strong> : Gamay<br \/>\n<strong>Besonderheit<\/strong>: Ein herrlicher Sommerwein. Die zweith\u00e4ufigste Rebstorte im Kanton Waadt, nach dem Chasselas \/ Gutedel und vor dem Pinot Noir \/ Blauburgunder.<br \/>\n<strong>Charakter<\/strong>: Cassis- und Waldbeeraroma, angenehm w\u00fcrzig mit viel Fruchtigkeit. Im Gaumen frisch mit mildem Tannin.<br \/>\n<strong>Empfehlung<\/strong>: K\u00e4sepl\u00e4ttli mit Brot, Vorspeisen, Fleisch und Gem\u00fcse, Fisch vom Grill, K\u00e4se.<br \/>\n<strong>Temperatur<\/strong> : 14 bis 18\u00b0 C<br \/>\n<strong>Haltbarkeit<\/strong>: 2 bis 5 Jahre<\/p>\n","protected":false},"featured_media":989,"template":"","meta":[],"product_brand":[],"product_cat":[113],"product_tag":[],"class_list":{"0":"post-290","1":"product","2":"type-product","3":"status-publish","4":"has-post-thumbnail","6":"product_cat-unsere-klassiker","8":"first","9":"instock","10":"shipping-taxable","11":"purchasable","12":"product-type-variable"},"yoast_head":"<!-- This site is optimized with the Yoast SEO plugin v27.4 - https:\/\/yoast.com\/product\/yoast-seo-wordpress\/ -->\n<title>L&#039;Arcane Gamay vieilles vignes AOC Lavaux - Cave Joly - Vignerons Encaveurs<\/title>\n<meta name=\"robots\" content=\"index, follow, max-snippet:-1, max-image-preview:large, max-video-preview:-1\" \/>\n<link rel=\"canonical\" href=\"https:\/\/cave-joly.ch\/de\/produit\/larcane-gamay-vieilles-vignes-aoc-lavaux-3\/\" \/>\n<meta property=\"og:locale\" content=\"de_DE\" \/>\n<meta property=\"og:type\" content=\"article\" \/>\n<meta property=\"og:title\" content=\"L&#039;Arcane Gamay vieilles vignes AOC Lavaux - Cave Joly - Vignerons Encaveurs\" \/>\n<meta property=\"og:description\" content=\"Auch Rotwein kann ein perfekter Aperitif sein! Der ARCANE ist der beste Beweis daf\u00fcr. Dieser milde Wein wird aus Gamay Weinreben, die \u00e4lter als 30 Jahre sind, gewonnen. Gamay, die zweith\u00e4ufigste Rebsorte nach dem Chasselas (Gutedel) im Waadtl\u00e4nder Kanton, setzt ein frisches Aroma von Waldbeeren und eine angenehme W\u00fcrze frei. Rebsorte : Gamay Besonderheit: Ein herrlicher Sommerwein. Die zweith\u00e4ufigste Rebstorte im Kanton Waadt, nach dem Chasselas \/ Gutedel und vor dem Pinot Noir \/ Blauburgunder. Charakter: Cassis- und Waldbeeraroma, angenehm w\u00fcrzig mit viel Fruchtigkeit. Im Gaumen frisch mit mildem Tannin. Empfehlung: K\u00e4sepl\u00e4ttli mit Brot, Vorspeisen, Fleisch und Gem\u00fcse, Fisch vom Grill, K\u00e4se. Temperatur : 14 bis 18\u00b0 C Haltbarkeit: 2 bis 5 Jahre\" \/>\n<meta property=\"og:url\" content=\"https:\/\/cave-joly.ch\/de\/produit\/larcane-gamay-vieilles-vignes-aoc-lavaux-3\/\" \/>\n<meta property=\"og:site_name\" content=\"Cave Joly - Vignerons Encaveurs\" \/>\n<meta property=\"article:publisher\" content=\"https:\/\/www.facebook.com\/cavejoly\" \/>\n<meta property=\"article:modified_time\" content=\"2022-01-24T08:03:40+00:00\" \/>\n<meta property=\"og:image\" content=\"https:\/\/cave-joly.ch\/wp-content\/uploads\/2016\/08\/arcane_2018.jpeg\" \/>\n\t<meta property=\"og:image:width\" content=\"1708\" \/>\n\t<meta property=\"og:image:height\" content=\"2562\" \/>\n\t<meta property=\"og:image:type\" content=\"image\/jpeg\" \/>\n<meta name=\"twitter:card\" content=\"summary_large_image\" \/>\n<script type=\"application\/ld+json\" class=\"yoast-schema-graph\">{\"@context\":\"https:\\\/\\\/schema.org\",\"@graph\":[{\"@type\":\"WebPage\",\"@id\":\"https:\\\/\\\/cave-joly.ch\\\/de\\\/produit\\\/larcane-gamay-vieilles-vignes-aoc-lavaux-3\\\/\",\"url\":\"https:\\\/\\\/cave-joly.ch\\\/de\\\/produit\\\/larcane-gamay-vieilles-vignes-aoc-lavaux-3\\\/\",\"name\":\"L'Arcane Gamay vieilles vignes AOC Lavaux - Cave Joly - Vignerons Encaveurs\",\"isPartOf\":{\"@id\":\"https:\\\/\\\/cave-joly.ch\\\/#website\"},\"primaryImageOfPage\":{\"@id\":\"https:\\\/\\\/cave-joly.ch\\\/de\\\/produit\\\/larcane-gamay-vieilles-vignes-aoc-lavaux-3\\\/#primaryimage\"},\"image\":{\"@id\":\"https:\\\/\\\/cave-joly.ch\\\/de\\\/produit\\\/larcane-gamay-vieilles-vignes-aoc-lavaux-3\\\/#primaryimage\"},\"thumbnailUrl\":\"https:\\\/\\\/cave-joly.ch\\\/wp-content\\\/uploads\\\/2016\\\/08\\\/arcane_2018.jpeg\",\"datePublished\":\"2015-01-05T13:35:45+00:00\",\"dateModified\":\"2022-01-24T08:03:40+00:00\",\"breadcrumb\":{\"@id\":\"https:\\\/\\\/cave-joly.ch\\\/de\\\/produit\\\/larcane-gamay-vieilles-vignes-aoc-lavaux-3\\\/#breadcrumb\"},\"inLanguage\":\"de\",\"potentialAction\":[{\"@type\":\"ReadAction\",\"target\":[\"https:\\\/\\\/cave-joly.ch\\\/de\\\/produit\\\/larcane-gamay-vieilles-vignes-aoc-lavaux-3\\\/\"]}]},{\"@type\":\"ImageObject\",\"inLanguage\":\"de\",\"@id\":\"https:\\\/\\\/cave-joly.ch\\\/de\\\/produit\\\/larcane-gamay-vieilles-vignes-aoc-lavaux-3\\\/#primaryimage\",\"url\":\"https:\\\/\\\/cave-joly.ch\\\/wp-content\\\/uploads\\\/2016\\\/08\\\/arcane_2018.jpeg\",\"contentUrl\":\"https:\\\/\\\/cave-joly.ch\\\/wp-content\\\/uploads\\\/2016\\\/08\\\/arcane_2018.jpeg\",\"width\":1708,\"height\":2562},{\"@type\":\"BreadcrumbList\",\"@id\":\"https:\\\/\\\/cave-joly.ch\\\/de\\\/produit\\\/larcane-gamay-vieilles-vignes-aoc-lavaux-3\\\/#breadcrumb\",\"itemListElement\":[{\"@type\":\"ListItem\",\"position\":1,\"name\":\"Home\",\"item\":\"https:\\\/\\\/cave-joly.ch\\\/de\\\/home-de\\\/\"},{\"@type\":\"ListItem\",\"position\":2,\"name\":\"Shop\",\"item\":\"https:\\\/\\\/cave-joly.ch\\\/de\\\/boutique\\\/\"},{\"@type\":\"ListItem\",\"position\":3,\"name\":\"L&#8217;Arcane Gamay vieilles vignes AOC Lavaux\"}]},{\"@type\":\"WebSite\",\"@id\":\"https:\\\/\\\/cave-joly.ch\\\/#website\",\"url\":\"https:\\\/\\\/cave-joly.ch\\\/\",\"name\":\"Cave Jacques & Aur\u00e9lia Joly - Vignerons \u00e0 Lavaux\",\"description\":\"\",\"publisher\":{\"@id\":\"https:\\\/\\\/cave-joly.ch\\\/#organization\"},\"potentialAction\":[{\"@type\":\"SearchAction\",\"target\":{\"@type\":\"EntryPoint\",\"urlTemplate\":\"https:\\\/\\\/cave-joly.ch\\\/?s={search_term_string}\"},\"query-input\":{\"@type\":\"PropertyValueSpecification\",\"valueRequired\":true,\"valueName\":\"search_term_string\"}}],\"inLanguage\":\"de\"},{\"@type\":\"Organization\",\"@id\":\"https:\\\/\\\/cave-joly.ch\\\/#organization\",\"name\":\"Cave Jacques & Aur\u00e9lia Joly, Vignerons \u00e0 Lavaux\",\"url\":\"https:\\\/\\\/cave-joly.ch\\\/\",\"logo\":{\"@type\":\"ImageObject\",\"inLanguage\":\"de\",\"@id\":\"https:\\\/\\\/cave-joly.ch\\\/#\\\/schema\\\/logo\\\/image\\\/\",\"url\":\"https:\\\/\\\/cave-joly.ch\\\/wp-content\\\/uploads\\\/2016\\\/01\\\/Logosite.png\",\"contentUrl\":\"https:\\\/\\\/cave-joly.ch\\\/wp-content\\\/uploads\\\/2016\\\/01\\\/Logosite.png\",\"width\":319,\"height\":240,\"caption\":\"Cave Jacques & Aur\u00e9lia Joly, Vignerons \u00e0 Lavaux\"},\"image\":{\"@id\":\"https:\\\/\\\/cave-joly.ch\\\/#\\\/schema\\\/logo\\\/image\\\/\"},\"sameAs\":[\"https:\\\/\\\/www.facebook.com\\\/cavejoly\",\"https:\\\/\\\/www.instagram.com\\\/cavejoly\\\/\"]}]}<\/script>\n<!-- \/ Yoast SEO plugin. -->","yoast_head_json":{"title":"L'Arcane Gamay vieilles vignes AOC Lavaux - Cave Joly - Vignerons Encaveurs","robots":{"index":"index","follow":"follow","max-snippet":"max-snippet:-1","max-image-preview":"max-image-preview:large","max-video-preview":"max-video-preview:-1"},"canonical":"https:\/\/cave-joly.ch\/de\/produit\/larcane-gamay-vieilles-vignes-aoc-lavaux-3\/","og_locale":"de_DE","og_type":"article","og_title":"L'Arcane Gamay vieilles vignes AOC Lavaux - Cave Joly - Vignerons Encaveurs","og_description":"Auch Rotwein kann ein perfekter Aperitif sein! Der ARCANE ist der beste Beweis daf\u00fcr. Dieser milde Wein wird aus Gamay Weinreben, die \u00e4lter als 30 Jahre sind, gewonnen. Gamay, die zweith\u00e4ufigste Rebsorte nach dem Chasselas (Gutedel) im Waadtl\u00e4nder Kanton, setzt ein frisches Aroma von Waldbeeren und eine angenehme W\u00fcrze frei. Rebsorte : Gamay Besonderheit: Ein herrlicher Sommerwein. Die zweith\u00e4ufigste Rebstorte im Kanton Waadt, nach dem Chasselas \/ Gutedel und vor dem Pinot Noir \/ Blauburgunder. Charakter: Cassis- und Waldbeeraroma, angenehm w\u00fcrzig mit viel Fruchtigkeit. Im Gaumen frisch mit mildem Tannin. Empfehlung: K\u00e4sepl\u00e4ttli mit Brot, Vorspeisen, Fleisch und Gem\u00fcse, Fisch vom Grill, K\u00e4se. Temperatur : 14 bis 18\u00b0 C Haltbarkeit: 2 bis 5 Jahre","og_url":"https:\/\/cave-joly.ch\/de\/produit\/larcane-gamay-vieilles-vignes-aoc-lavaux-3\/","og_site_name":"Cave Joly - Vignerons Encaveurs","article_publisher":"https:\/\/www.facebook.com\/cavejoly","article_modified_time":"2022-01-24T08:03:40+00:00","og_image":[{"width":1708,"height":2562,"url":"https:\/\/cave-joly.ch\/wp-content\/uploads\/2016\/08\/arcane_2018.jpeg","type":"image\/jpeg"}],"twitter_card":"summary_large_image","schema":{"@context":"https:\/\/schema.org","@graph":[{"@type":"WebPage","@id":"https:\/\/cave-joly.ch\/de\/produit\/larcane-gamay-vieilles-vignes-aoc-lavaux-3\/","url":"https:\/\/cave-joly.ch\/de\/produit\/larcane-gamay-vieilles-vignes-aoc-lavaux-3\/","name":"L'Arcane Gamay vieilles vignes AOC Lavaux - Cave Joly - Vignerons Encaveurs","isPartOf":{"@id":"https:\/\/cave-joly.ch\/#website"},"primaryImageOfPage":{"@id":"https:\/\/cave-joly.ch\/de\/produit\/larcane-gamay-vieilles-vignes-aoc-lavaux-3\/#primaryimage"},"image":{"@id":"https:\/\/cave-joly.ch\/de\/produit\/larcane-gamay-vieilles-vignes-aoc-lavaux-3\/#primaryimage"},"thumbnailUrl":"https:\/\/cave-joly.ch\/wp-content\/uploads\/2016\/08\/arcane_2018.jpeg","datePublished":"2015-01-05T13:35:45+00:00","dateModified":"2022-01-24T08:03:40+00:00","breadcrumb":{"@id":"https:\/\/cave-joly.ch\/de\/produit\/larcane-gamay-vieilles-vignes-aoc-lavaux-3\/#breadcrumb"},"inLanguage":"de","potentialAction":[{"@type":"ReadAction","target":["https:\/\/cave-joly.ch\/de\/produit\/larcane-gamay-vieilles-vignes-aoc-lavaux-3\/"]}]},{"@type":"ImageObject","inLanguage":"de","@id":"https:\/\/cave-joly.ch\/de\/produit\/larcane-gamay-vieilles-vignes-aoc-lavaux-3\/#primaryimage","url":"https:\/\/cave-joly.ch\/wp-content\/uploads\/2016\/08\/arcane_2018.jpeg","contentUrl":"https:\/\/cave-joly.ch\/wp-content\/uploads\/2016\/08\/arcane_2018.jpeg","width":1708,"height":2562},{"@type":"BreadcrumbList","@id":"https:\/\/cave-joly.ch\/de\/produit\/larcane-gamay-vieilles-vignes-aoc-lavaux-3\/#breadcrumb","itemListElement":[{"@type":"ListItem","position":1,"name":"Home","item":"https:\/\/cave-joly.ch\/de\/home-de\/"},{"@type":"ListItem","position":2,"name":"Shop","item":"https:\/\/cave-joly.ch\/de\/boutique\/"},{"@type":"ListItem","position":3,"name":"L&#8217;Arcane Gamay vieilles vignes AOC Lavaux"}]},{"@type":"WebSite","@id":"https:\/\/cave-joly.ch\/#website","url":"https:\/\/cave-joly.ch\/","name":"Cave Jacques & Aur\u00e9lia Joly - Vignerons \u00e0 Lavaux","description":"","publisher":{"@id":"https:\/\/cave-joly.ch\/#organization"},"potentialAction":[{"@type":"SearchAction","target":{"@type":"EntryPoint","urlTemplate":"https:\/\/cave-joly.ch\/?s={search_term_string}"},"query-input":{"@type":"PropertyValueSpecification","valueRequired":true,"valueName":"search_term_string"}}],"inLanguage":"de"},{"@type":"Organization","@id":"https:\/\/cave-joly.ch\/#organization","name":"Cave Jacques & Aur\u00e9lia Joly, Vignerons \u00e0 Lavaux","url":"https:\/\/cave-joly.ch\/","logo":{"@type":"ImageObject","inLanguage":"de","@id":"https:\/\/cave-joly.ch\/#\/schema\/logo\/image\/","url":"https:\/\/cave-joly.ch\/wp-content\/uploads\/2016\/01\/Logosite.png","contentUrl":"https:\/\/cave-joly.ch\/wp-content\/uploads\/2016\/01\/Logosite.png","width":319,"height":240,"caption":"Cave Jacques & Aur\u00e9lia Joly, Vignerons \u00e0 Lavaux"},"image":{"@id":"https:\/\/cave-joly.ch\/#\/schema\/logo\/image\/"},"sameAs":["https:\/\/www.facebook.com\/cavejoly","https:\/\/www.instagram.com\/cavejoly\/"]}]}},"tiered_pricing_type":"fixed","tiered_pricing_fixed_rules":[],"tiered_pricing_product_settings":{"layout":"default","base_unit_name":{"singular":null,"plural":null},"default_variation":null},"tiered_pricing_minimum_quantity":null,"tiered_pricing_roles_data":[],"tiered_pricing_percentage_rules":[],"tiered_pricing_maximum_quantity":null,"tiered_pricing_quantity_step":null,"_links":{"self":[{"href":"https:\/\/cave-joly.ch\/de\/wp-json\/wp\/v2\/product\/290","targetHints":{"allow":["GET"]}}],"collection":[{"href":"https:\/\/cave-joly.ch\/de\/wp-json\/wp\/v2\/product"}],"about":[{"href":"https:\/\/cave-joly.ch\/de\/wp-json\/wp\/v2\/types\/product"}],"wp:featuredmedia":[{"embeddable":true,"href":"https:\/\/cave-joly.ch\/de\/wp-json\/wp\/v2\/media\/989"}],"wp:attachment":[{"href":"https:\/\/cave-joly.ch\/de\/wp-json\/wp\/v2\/media?parent=290"}],"wp:term":[{"taxonomy":"product_brand","embeddable":true,"href":"https:\/\/cave-joly.ch\/de\/wp-json\/wp\/v2\/product_brand?post=290"},{"taxonomy":"product_cat","embeddable":true,"href":"https:\/\/cave-joly.ch\/de\/wp-json\/wp\/v2\/product_cat?post=290"},{"taxonomy":"product_tag","embeddable":true,"href":"https:\/\/cave-joly.ch\/de\/wp-json\/wp\/v2\/product_tag?post=290"}],"curies":[{"name":"wp","href":"https:\/\/api.w.org\/{rel}","templated":true}]}}