{"id":291,"date":"2021-04-29T14:43:51","date_gmt":"2015-01-05T13:43:51","guid":{"rendered":"http:\/\/cave-joly.ch\/produit\/la-destinee-epesses-lavaux-5070cl\/"},"modified":"2023-07-17T13:19:53","modified_gmt":"2023-07-17T12:19:53","slug":"epesses-la-destinee-aoc-lavaux-3","status":"publish","type":"product","link":"https:\/\/cave-joly.ch\/de\/produit\/epesses-la-destinee-aoc-lavaux-3\/","title":{"rendered":"Epesses La Destin\u00e9e AOC Lavaux"},"content":{"rendered":"","protected":false},"excerpt":{"rendered":"<p class=\"p1\">Ebenfalls von Terravin ausgezeichnet, unterscheidet sich LA DESTIN\u00c9E von seinem Cousin aus Villette, obwohl auch er aus Chasselas (Gutedel) gewonnen wird. Die Gegend Epesses mit ihren schweren Lehmb\u00f6den gibt diesem Wein seine fruchtige Intensit\u00e4t. Ein exzellenter Wein zu Vorspeisen und Fisch, dessen intensives Aroma mit einer sanften Mineralit\u00e4t abschliesst.<\/p>\n<p><strong>Rebsorte:<\/strong> Chasselas (Gutedel)<br \/>\n<strong>Besonderheit:<\/strong> Edler Wein, der seinen Charakter den Lehmb\u00f6den von Epesses verdankt<br \/>\n<strong>Charakter:<\/strong> Sch\u00f6ne aromatische Komplexit\u00e4t, ausgewogener Geschmack mit einer guten Intensit\u00e4t der Frucht<br \/>\n<strong>Empfehlung:<\/strong> Ein exzellenter Wein zu Vorspeisen, Fisch, K\u00e4segerichte, weisses Fleisch<br \/>\n<strong>Temperatur:<\/strong> 10 bis 12\u00b0C<br \/>\n<strong>Haltbarkeit\u00a0:<\/strong> 1 bis 3 Jahre<\/p>\n","protected":false},"featured_media":995,"template":"","meta":[],"product_brand":[],"product_cat":[113],"product_tag":[],"class_list":{"0":"post-291","1":"product","2":"type-product","3":"status-publish","4":"has-post-thumbnail","6":"product_cat-unsere-klassiker","8":"first","9":"instock","10":"shipping-taxable","11":"purchasable","12":"product-type-variable","13":"has-default-attributes"},"yoast_head":"<!-- This site is optimized with the Yoast SEO plugin v27.5 - https:\/\/yoast.com\/product\/yoast-seo-wordpress\/ -->\n<title>Epesses La Destin\u00e9e AOC Lavaux - Cave Joly - Vignerons Encaveurs<\/title>\n<meta name=\"robots\" content=\"index, follow, max-snippet:-1, max-image-preview:large, max-video-preview:-1\" \/>\n<link rel=\"canonical\" href=\"https:\/\/cave-joly.ch\/de\/produit\/epesses-la-destinee-aoc-lavaux-3\/\" \/>\n<meta property=\"og:locale\" content=\"de_DE\" \/>\n<meta property=\"og:type\" content=\"article\" \/>\n<meta property=\"og:title\" content=\"Epesses La Destin\u00e9e AOC Lavaux - Cave Joly - Vignerons Encaveurs\" \/>\n<meta property=\"og:description\" content=\"Ebenfalls von Terravin ausgezeichnet, unterscheidet sich LA DESTIN\u00c9E von seinem Cousin aus Villette, obwohl auch er aus Chasselas (Gutedel) gewonnen wird. Die Gegend Epesses mit ihren schweren Lehmb\u00f6den gibt diesem Wein seine fruchtige Intensit\u00e4t. Ein exzellenter Wein zu Vorspeisen und Fisch, dessen intensives Aroma mit einer sanften Mineralit\u00e4t abschliesst. Rebsorte: Chasselas (Gutedel) Besonderheit: Edler Wein, der seinen Charakter den Lehmb\u00f6den von Epesses verdankt Charakter: Sch\u00f6ne aromatische Komplexit\u00e4t, ausgewogener Geschmack mit einer guten Intensit\u00e4t der Frucht Empfehlung: Ein exzellenter Wein zu Vorspeisen, Fisch, K\u00e4segerichte, weisses Fleisch Temperatur: 10 bis 12\u00b0C Haltbarkeit\u00a0: 1 bis 3 Jahre\" \/>\n<meta property=\"og:url\" content=\"https:\/\/cave-joly.ch\/de\/produit\/epesses-la-destinee-aoc-lavaux-3\/\" \/>\n<meta property=\"og:site_name\" content=\"Cave Joly - Vignerons Encaveurs\" \/>\n<meta property=\"article:publisher\" content=\"https:\/\/www.facebook.com\/cavejoly\" \/>\n<meta property=\"article:modified_time\" content=\"2023-07-17T12:19:53+00:00\" \/>\n<meta property=\"og:image\" content=\"https:\/\/cave-joly.ch\/wp-content\/uploads\/2016\/08\/epesses_s6a3820.jpeg\" \/>\n\t<meta property=\"og:image:width\" content=\"1681\" \/>\n\t<meta property=\"og:image:height\" content=\"2521\" \/>\n\t<meta property=\"og:image:type\" content=\"image\/jpeg\" \/>\n<meta name=\"twitter:card\" content=\"summary_large_image\" \/>\n<script type=\"application\/ld+json\" class=\"yoast-schema-graph\">{\"@context\":\"https:\\\/\\\/schema.org\",\"@graph\":[{\"@type\":\"WebPage\",\"@id\":\"https:\\\/\\\/cave-joly.ch\\\/de\\\/produit\\\/epesses-la-destinee-aoc-lavaux-3\\\/\",\"url\":\"https:\\\/\\\/cave-joly.ch\\\/de\\\/produit\\\/epesses-la-destinee-aoc-lavaux-3\\\/\",\"name\":\"Epesses La Destin\u00e9e AOC Lavaux - Cave Joly - Vignerons Encaveurs\",\"isPartOf\":{\"@id\":\"https:\\\/\\\/cave-joly.ch\\\/#website\"},\"primaryImageOfPage\":{\"@id\":\"https:\\\/\\\/cave-joly.ch\\\/de\\\/produit\\\/epesses-la-destinee-aoc-lavaux-3\\\/#primaryimage\"},\"image\":{\"@id\":\"https:\\\/\\\/cave-joly.ch\\\/de\\\/produit\\\/epesses-la-destinee-aoc-lavaux-3\\\/#primaryimage\"},\"thumbnailUrl\":\"https:\\\/\\\/cave-joly.ch\\\/wp-content\\\/uploads\\\/2016\\\/08\\\/epesses_s6a3820.jpeg\",\"datePublished\":\"2015-01-05T13:43:51+00:00\",\"dateModified\":\"2023-07-17T12:19:53+00:00\",\"breadcrumb\":{\"@id\":\"https:\\\/\\\/cave-joly.ch\\\/de\\\/produit\\\/epesses-la-destinee-aoc-lavaux-3\\\/#breadcrumb\"},\"inLanguage\":\"de\",\"potentialAction\":[{\"@type\":\"ReadAction\",\"target\":[\"https:\\\/\\\/cave-joly.ch\\\/de\\\/produit\\\/epesses-la-destinee-aoc-lavaux-3\\\/\"]}]},{\"@type\":\"ImageObject\",\"inLanguage\":\"de\",\"@id\":\"https:\\\/\\\/cave-joly.ch\\\/de\\\/produit\\\/epesses-la-destinee-aoc-lavaux-3\\\/#primaryimage\",\"url\":\"https:\\\/\\\/cave-joly.ch\\\/wp-content\\\/uploads\\\/2016\\\/08\\\/epesses_s6a3820.jpeg\",\"contentUrl\":\"https:\\\/\\\/cave-joly.ch\\\/wp-content\\\/uploads\\\/2016\\\/08\\\/epesses_s6a3820.jpeg\",\"width\":1681,\"height\":2521},{\"@type\":\"BreadcrumbList\",\"@id\":\"https:\\\/\\\/cave-joly.ch\\\/de\\\/produit\\\/epesses-la-destinee-aoc-lavaux-3\\\/#breadcrumb\",\"itemListElement\":[{\"@type\":\"ListItem\",\"position\":1,\"name\":\"Home\",\"item\":\"https:\\\/\\\/cave-joly.ch\\\/de\\\/home-de\\\/\"},{\"@type\":\"ListItem\",\"position\":2,\"name\":\"Shop\",\"item\":\"https:\\\/\\\/cave-joly.ch\\\/de\\\/boutique\\\/\"},{\"@type\":\"ListItem\",\"position\":3,\"name\":\"Epesses La Destin\u00e9e AOC Lavaux\"}]},{\"@type\":\"WebSite\",\"@id\":\"https:\\\/\\\/cave-joly.ch\\\/#website\",\"url\":\"https:\\\/\\\/cave-joly.ch\\\/\",\"name\":\"Cave Jacques & Aur\u00e9lia Joly - Vignerons \u00e0 Lavaux\",\"description\":\"\",\"publisher\":{\"@id\":\"https:\\\/\\\/cave-joly.ch\\\/#organization\"},\"potentialAction\":[{\"@type\":\"SearchAction\",\"target\":{\"@type\":\"EntryPoint\",\"urlTemplate\":\"https:\\\/\\\/cave-joly.ch\\\/?s={search_term_string}\"},\"query-input\":{\"@type\":\"PropertyValueSpecification\",\"valueRequired\":true,\"valueName\":\"search_term_string\"}}],\"inLanguage\":\"de\"},{\"@type\":\"Organization\",\"@id\":\"https:\\\/\\\/cave-joly.ch\\\/#organization\",\"name\":\"Cave Jacques & Aur\u00e9lia Joly, Vignerons \u00e0 Lavaux\",\"url\":\"https:\\\/\\\/cave-joly.ch\\\/\",\"logo\":{\"@type\":\"ImageObject\",\"inLanguage\":\"de\",\"@id\":\"https:\\\/\\\/cave-joly.ch\\\/#\\\/schema\\\/logo\\\/image\\\/\",\"url\":\"https:\\\/\\\/cave-joly.ch\\\/wp-content\\\/uploads\\\/2016\\\/01\\\/Logosite.png\",\"contentUrl\":\"https:\\\/\\\/cave-joly.ch\\\/wp-content\\\/uploads\\\/2016\\\/01\\\/Logosite.png\",\"width\":319,\"height\":240,\"caption\":\"Cave Jacques & Aur\u00e9lia Joly, Vignerons \u00e0 Lavaux\"},\"image\":{\"@id\":\"https:\\\/\\\/cave-joly.ch\\\/#\\\/schema\\\/logo\\\/image\\\/\"},\"sameAs\":[\"https:\\\/\\\/www.facebook.com\\\/cavejoly\",\"https:\\\/\\\/www.instagram.com\\\/cavejoly\\\/\"]}]}<\/script>\n<!-- \/ Yoast SEO plugin. -->","yoast_head_json":{"title":"Epesses La Destin\u00e9e AOC Lavaux - Cave Joly - Vignerons Encaveurs","robots":{"index":"index","follow":"follow","max-snippet":"max-snippet:-1","max-image-preview":"max-image-preview:large","max-video-preview":"max-video-preview:-1"},"canonical":"https:\/\/cave-joly.ch\/de\/produit\/epesses-la-destinee-aoc-lavaux-3\/","og_locale":"de_DE","og_type":"article","og_title":"Epesses La Destin\u00e9e AOC Lavaux - Cave Joly - Vignerons Encaveurs","og_description":"Ebenfalls von Terravin ausgezeichnet, unterscheidet sich LA DESTIN\u00c9E von seinem Cousin aus Villette, obwohl auch er aus Chasselas (Gutedel) gewonnen wird. Die Gegend Epesses mit ihren schweren Lehmb\u00f6den gibt diesem Wein seine fruchtige Intensit\u00e4t. Ein exzellenter Wein zu Vorspeisen und Fisch, dessen intensives Aroma mit einer sanften Mineralit\u00e4t abschliesst. Rebsorte: Chasselas (Gutedel) Besonderheit: Edler Wein, der seinen Charakter den Lehmb\u00f6den von Epesses verdankt Charakter: Sch\u00f6ne aromatische Komplexit\u00e4t, ausgewogener Geschmack mit einer guten Intensit\u00e4t der Frucht Empfehlung: Ein exzellenter Wein zu Vorspeisen, Fisch, K\u00e4segerichte, weisses Fleisch Temperatur: 10 bis 12\u00b0C Haltbarkeit\u00a0: 1 bis 3 Jahre","og_url":"https:\/\/cave-joly.ch\/de\/produit\/epesses-la-destinee-aoc-lavaux-3\/","og_site_name":"Cave Joly - Vignerons Encaveurs","article_publisher":"https:\/\/www.facebook.com\/cavejoly","article_modified_time":"2023-07-17T12:19:53+00:00","og_image":[{"width":1681,"height":2521,"url":"https:\/\/cave-joly.ch\/wp-content\/uploads\/2016\/08\/epesses_s6a3820.jpeg","type":"image\/jpeg"}],"twitter_card":"summary_large_image","schema":{"@context":"https:\/\/schema.org","@graph":[{"@type":"WebPage","@id":"https:\/\/cave-joly.ch\/de\/produit\/epesses-la-destinee-aoc-lavaux-3\/","url":"https:\/\/cave-joly.ch\/de\/produit\/epesses-la-destinee-aoc-lavaux-3\/","name":"Epesses La Destin\u00e9e AOC Lavaux - Cave Joly - Vignerons Encaveurs","isPartOf":{"@id":"https:\/\/cave-joly.ch\/#website"},"primaryImageOfPage":{"@id":"https:\/\/cave-joly.ch\/de\/produit\/epesses-la-destinee-aoc-lavaux-3\/#primaryimage"},"image":{"@id":"https:\/\/cave-joly.ch\/de\/produit\/epesses-la-destinee-aoc-lavaux-3\/#primaryimage"},"thumbnailUrl":"https:\/\/cave-joly.ch\/wp-content\/uploads\/2016\/08\/epesses_s6a3820.jpeg","datePublished":"2015-01-05T13:43:51+00:00","dateModified":"2023-07-17T12:19:53+00:00","breadcrumb":{"@id":"https:\/\/cave-joly.ch\/de\/produit\/epesses-la-destinee-aoc-lavaux-3\/#breadcrumb"},"inLanguage":"de","potentialAction":[{"@type":"ReadAction","target":["https:\/\/cave-joly.ch\/de\/produit\/epesses-la-destinee-aoc-lavaux-3\/"]}]},{"@type":"ImageObject","inLanguage":"de","@id":"https:\/\/cave-joly.ch\/de\/produit\/epesses-la-destinee-aoc-lavaux-3\/#primaryimage","url":"https:\/\/cave-joly.ch\/wp-content\/uploads\/2016\/08\/epesses_s6a3820.jpeg","contentUrl":"https:\/\/cave-joly.ch\/wp-content\/uploads\/2016\/08\/epesses_s6a3820.jpeg","width":1681,"height":2521},{"@type":"BreadcrumbList","@id":"https:\/\/cave-joly.ch\/de\/produit\/epesses-la-destinee-aoc-lavaux-3\/#breadcrumb","itemListElement":[{"@type":"ListItem","position":1,"name":"Home","item":"https:\/\/cave-joly.ch\/de\/home-de\/"},{"@type":"ListItem","position":2,"name":"Shop","item":"https:\/\/cave-joly.ch\/de\/boutique\/"},{"@type":"ListItem","position":3,"name":"Epesses La Destin\u00e9e AOC Lavaux"}]},{"@type":"WebSite","@id":"https:\/\/cave-joly.ch\/#website","url":"https:\/\/cave-joly.ch\/","name":"Cave Jacques & Aur\u00e9lia Joly - Vignerons \u00e0 Lavaux","description":"","publisher":{"@id":"https:\/\/cave-joly.ch\/#organization"},"potentialAction":[{"@type":"SearchAction","target":{"@type":"EntryPoint","urlTemplate":"https:\/\/cave-joly.ch\/?s={search_term_string}"},"query-input":{"@type":"PropertyValueSpecification","valueRequired":true,"valueName":"search_term_string"}}],"inLanguage":"de"},{"@type":"Organization","@id":"https:\/\/cave-joly.ch\/#organization","name":"Cave Jacques & Aur\u00e9lia Joly, Vignerons \u00e0 Lavaux","url":"https:\/\/cave-joly.ch\/","logo":{"@type":"ImageObject","inLanguage":"de","@id":"https:\/\/cave-joly.ch\/#\/schema\/logo\/image\/","url":"https:\/\/cave-joly.ch\/wp-content\/uploads\/2016\/01\/Logosite.png","contentUrl":"https:\/\/cave-joly.ch\/wp-content\/uploads\/2016\/01\/Logosite.png","width":319,"height":240,"caption":"Cave Jacques & Aur\u00e9lia Joly, Vignerons \u00e0 Lavaux"},"image":{"@id":"https:\/\/cave-joly.ch\/#\/schema\/logo\/image\/"},"sameAs":["https:\/\/www.facebook.com\/cavejoly","https:\/\/www.instagram.com\/cavejoly\/"]}]}},"tiered_pricing_type":"fixed","tiered_pricing_fixed_rules":[],"tiered_pricing_product_settings":{"layout":"default","base_unit_name":{"singular":null,"plural":null},"default_variation":null},"tiered_pricing_minimum_quantity":null,"tiered_pricing_roles_data":[],"tiered_pricing_percentage_rules":[],"tiered_pricing_maximum_quantity":null,"tiered_pricing_quantity_step":null,"_links":{"self":[{"href":"https:\/\/cave-joly.ch\/de\/wp-json\/wp\/v2\/product\/291","targetHints":{"allow":["GET"]}}],"collection":[{"href":"https:\/\/cave-joly.ch\/de\/wp-json\/wp\/v2\/product"}],"about":[{"href":"https:\/\/cave-joly.ch\/de\/wp-json\/wp\/v2\/types\/product"}],"wp:featuredmedia":[{"embeddable":true,"href":"https:\/\/cave-joly.ch\/de\/wp-json\/wp\/v2\/media\/995"}],"wp:attachment":[{"href":"https:\/\/cave-joly.ch\/de\/wp-json\/wp\/v2\/media?parent=291"}],"wp:term":[{"taxonomy":"product_brand","embeddable":true,"href":"https:\/\/cave-joly.ch\/de\/wp-json\/wp\/v2\/product_brand?post=291"},{"taxonomy":"product_cat","embeddable":true,"href":"https:\/\/cave-joly.ch\/de\/wp-json\/wp\/v2\/product_cat?post=291"},{"taxonomy":"product_tag","embeddable":true,"href":"https:\/\/cave-joly.ch\/de\/wp-json\/wp\/v2\/product_tag?post=291"}],"curies":[{"name":"wp","href":"https:\/\/api.w.org\/{rel}","templated":true}]}}