{"id":298,"date":"2015-01-05T14:48:30","date_gmt":"2015-01-05T13:48:30","guid":{"rendered":"http:\/\/cave-joly.ch\/produit\/blanc-de-noir-vaudois-70cl\/"},"modified":"2023-01-23T07:24:47","modified_gmt":"2023-01-23T06:24:47","slug":"blanc-de-noir-vaudois-70cl","status":"publish","type":"product","link":"https:\/\/cave-joly.ch\/de\/produit\/blanc-de-noir-vaudois-70cl\/","title":{"rendered":"Blanc de Noir Vaudois AOC Vaudois"},"content":{"rendered":"","protected":false},"excerpt":{"rendered":"<p class=\"p1\">Rote Trauben f\u00fcr einen Weisswein \u2013 das ist nicht nur m\u00f6glich, sondern auch \u00e4usserst k\u00f6stlich! Der Wein wird aus den Rebsorten Gamay und Pinot Noir hergestellt, dessen Saft weiss ist. Die Haut der Trauben wird schnell separiert, damit der Wein nicht verf\u00e4rbt wird. Danach lagern wir ihn kurz im Barrique, um ihm den letzten Schliff zu geben.<\/p>\n<p><strong>Rebsorte:<\/strong> Gamay oder Pinot Noir (Blauburgunder)<br \/>\n<strong>Besonderheit:<\/strong> Weisswein der aus roten Trauben gekeltert wird. Die Vinifizierung erfolgt im Tank, wird jedoch f\u00fcr kurze Zeit im Eichenfass gelagert. Die Flaschenabf\u00fcllung erfolgt im Fr\u00fchling, damit der fruchtige Charakter erhalten bleibt<br \/>\n<strong>Charakter:<\/strong> Enth\u00e4lt weniger Kohlenstoff als der Chasselas. Der Geruch von Waldbeeren mit einer reichhaltigen Struktur am Gaumen und eine leichte S\u00e4ure gibt ihm eine wunderbare Frische. Im Abgang leicht ger\u00f6steter Geschmack<br \/>\n<strong>Empfehlung:<\/strong> Passt ausgezeichnet als Ap\u00e9ro, Antipasti, Vorspeisen, S\u00fcss- wie Salzwasserfisch, weisses Fleisch<br \/>\n<strong>Temperatur:<\/strong> 10 bis 12\u00b0 C<br \/>\n<strong>Haltbarkeit:<\/strong> 1 bis 3 Jahre<\/p>\n","protected":false},"featured_media":1204,"template":"","meta":[],"product_brand":[],"product_cat":[113],"product_tag":[],"class_list":{"0":"post-298","1":"product","2":"type-product","3":"status-publish","4":"has-post-thumbnail","6":"product_cat-unsere-klassiker","8":"first","9":"instock","10":"shipping-taxable","11":"purchasable","12":"product-type-simple"},"yoast_head":"<!-- This site is optimized with the Yoast SEO plugin v27.5 - https:\/\/yoast.com\/product\/yoast-seo-wordpress\/ -->\n<title>Blanc de Noir Vaudois AOC Vaudois - Cave Joly - Vignerons Encaveurs<\/title>\n<meta name=\"robots\" content=\"index, follow, max-snippet:-1, max-image-preview:large, max-video-preview:-1\" \/>\n<link rel=\"canonical\" href=\"https:\/\/cave-joly.ch\/de\/produit\/blanc-de-noir-vaudois-70cl\/\" \/>\n<meta property=\"og:locale\" content=\"de_DE\" \/>\n<meta property=\"og:type\" content=\"article\" \/>\n<meta property=\"og:title\" content=\"Blanc de Noir Vaudois AOC Vaudois - Cave Joly - Vignerons Encaveurs\" \/>\n<meta property=\"og:description\" content=\"Rote Trauben f\u00fcr einen Weisswein \u2013 das ist nicht nur m\u00f6glich, sondern auch \u00e4usserst k\u00f6stlich! Der Wein wird aus den Rebsorten Gamay und Pinot Noir hergestellt, dessen Saft weiss ist. Die Haut der Trauben wird schnell separiert, damit der Wein nicht verf\u00e4rbt wird. Danach lagern wir ihn kurz im Barrique, um ihm den letzten Schliff zu geben. Rebsorte: Gamay oder Pinot Noir (Blauburgunder) Besonderheit: Weisswein der aus roten Trauben gekeltert wird. Die Vinifizierung erfolgt im Tank, wird jedoch f\u00fcr kurze Zeit im Eichenfass gelagert. Die Flaschenabf\u00fcllung erfolgt im Fr\u00fchling, damit der fruchtige Charakter erhalten bleibt Charakter: Enth\u00e4lt weniger Kohlenstoff als der Chasselas. Der Geruch von Waldbeeren mit einer reichhaltigen Struktur am Gaumen und eine leichte S\u00e4ure gibt ihm eine wunderbare Frische. Im Abgang leicht ger\u00f6steter Geschmack Empfehlung: Passt ausgezeichnet als Ap\u00e9ro, Antipasti, Vorspeisen, S\u00fcss- wie Salzwasserfisch, weisses Fleisch Temperatur: 10 bis 12\u00b0 C Haltbarkeit: 1 bis 3 Jahre\" \/>\n<meta property=\"og:url\" content=\"https:\/\/cave-joly.ch\/de\/produit\/blanc-de-noir-vaudois-70cl\/\" \/>\n<meta property=\"og:site_name\" content=\"Cave Joly - Vignerons Encaveurs\" \/>\n<meta property=\"article:publisher\" content=\"https:\/\/www.facebook.com\/cavejoly\" \/>\n<meta property=\"article:modified_time\" content=\"2023-01-23T06:24:47+00:00\" \/>\n<meta property=\"og:image\" content=\"https:\/\/cave-joly.ch\/wp-content\/uploads\/2015\/01\/blancdenoir.jpg\" \/>\n\t<meta property=\"og:image:width\" content=\"1680\" \/>\n\t<meta property=\"og:image:height\" content=\"2521\" \/>\n\t<meta property=\"og:image:type\" content=\"image\/jpeg\" \/>\n<meta name=\"twitter:card\" content=\"summary_large_image\" \/>\n<script type=\"application\/ld+json\" class=\"yoast-schema-graph\">{\"@context\":\"https:\\\/\\\/schema.org\",\"@graph\":[{\"@type\":\"WebPage\",\"@id\":\"https:\\\/\\\/cave-joly.ch\\\/de\\\/produit\\\/blanc-de-noir-vaudois-70cl\\\/\",\"url\":\"https:\\\/\\\/cave-joly.ch\\\/de\\\/produit\\\/blanc-de-noir-vaudois-70cl\\\/\",\"name\":\"Blanc de Noir Vaudois AOC Vaudois - Cave Joly - Vignerons Encaveurs\",\"isPartOf\":{\"@id\":\"https:\\\/\\\/cave-joly.ch\\\/#website\"},\"primaryImageOfPage\":{\"@id\":\"https:\\\/\\\/cave-joly.ch\\\/de\\\/produit\\\/blanc-de-noir-vaudois-70cl\\\/#primaryimage\"},\"image\":{\"@id\":\"https:\\\/\\\/cave-joly.ch\\\/de\\\/produit\\\/blanc-de-noir-vaudois-70cl\\\/#primaryimage\"},\"thumbnailUrl\":\"https:\\\/\\\/cave-joly.ch\\\/wp-content\\\/uploads\\\/2015\\\/01\\\/blancdenoir.jpg\",\"datePublished\":\"2015-01-05T13:48:30+00:00\",\"dateModified\":\"2023-01-23T06:24:47+00:00\",\"breadcrumb\":{\"@id\":\"https:\\\/\\\/cave-joly.ch\\\/de\\\/produit\\\/blanc-de-noir-vaudois-70cl\\\/#breadcrumb\"},\"inLanguage\":\"de\",\"potentialAction\":[{\"@type\":\"ReadAction\",\"target\":[\"https:\\\/\\\/cave-joly.ch\\\/de\\\/produit\\\/blanc-de-noir-vaudois-70cl\\\/\"]}]},{\"@type\":\"ImageObject\",\"inLanguage\":\"de\",\"@id\":\"https:\\\/\\\/cave-joly.ch\\\/de\\\/produit\\\/blanc-de-noir-vaudois-70cl\\\/#primaryimage\",\"url\":\"https:\\\/\\\/cave-joly.ch\\\/wp-content\\\/uploads\\\/2015\\\/01\\\/blancdenoir.jpg\",\"contentUrl\":\"https:\\\/\\\/cave-joly.ch\\\/wp-content\\\/uploads\\\/2015\\\/01\\\/blancdenoir.jpg\",\"width\":1680,\"height\":2521},{\"@type\":\"BreadcrumbList\",\"@id\":\"https:\\\/\\\/cave-joly.ch\\\/de\\\/produit\\\/blanc-de-noir-vaudois-70cl\\\/#breadcrumb\",\"itemListElement\":[{\"@type\":\"ListItem\",\"position\":1,\"name\":\"Home\",\"item\":\"https:\\\/\\\/cave-joly.ch\\\/de\\\/home-de\\\/\"},{\"@type\":\"ListItem\",\"position\":2,\"name\":\"Shop\",\"item\":\"https:\\\/\\\/cave-joly.ch\\\/de\\\/boutique\\\/\"},{\"@type\":\"ListItem\",\"position\":3,\"name\":\"Blanc de Noir Vaudois AOC Vaudois\"}]},{\"@type\":\"WebSite\",\"@id\":\"https:\\\/\\\/cave-joly.ch\\\/#website\",\"url\":\"https:\\\/\\\/cave-joly.ch\\\/\",\"name\":\"Cave Jacques & Aur\u00e9lia Joly - Vignerons \u00e0 Lavaux\",\"description\":\"\",\"publisher\":{\"@id\":\"https:\\\/\\\/cave-joly.ch\\\/#organization\"},\"potentialAction\":[{\"@type\":\"SearchAction\",\"target\":{\"@type\":\"EntryPoint\",\"urlTemplate\":\"https:\\\/\\\/cave-joly.ch\\\/?s={search_term_string}\"},\"query-input\":{\"@type\":\"PropertyValueSpecification\",\"valueRequired\":true,\"valueName\":\"search_term_string\"}}],\"inLanguage\":\"de\"},{\"@type\":\"Organization\",\"@id\":\"https:\\\/\\\/cave-joly.ch\\\/#organization\",\"name\":\"Cave Jacques & Aur\u00e9lia Joly, Vignerons \u00e0 Lavaux\",\"url\":\"https:\\\/\\\/cave-joly.ch\\\/\",\"logo\":{\"@type\":\"ImageObject\",\"inLanguage\":\"de\",\"@id\":\"https:\\\/\\\/cave-joly.ch\\\/#\\\/schema\\\/logo\\\/image\\\/\",\"url\":\"https:\\\/\\\/cave-joly.ch\\\/wp-content\\\/uploads\\\/2016\\\/01\\\/Logosite.png\",\"contentUrl\":\"https:\\\/\\\/cave-joly.ch\\\/wp-content\\\/uploads\\\/2016\\\/01\\\/Logosite.png\",\"width\":319,\"height\":240,\"caption\":\"Cave Jacques & Aur\u00e9lia Joly, Vignerons \u00e0 Lavaux\"},\"image\":{\"@id\":\"https:\\\/\\\/cave-joly.ch\\\/#\\\/schema\\\/logo\\\/image\\\/\"},\"sameAs\":[\"https:\\\/\\\/www.facebook.com\\\/cavejoly\",\"https:\\\/\\\/www.instagram.com\\\/cavejoly\\\/\"]}]}<\/script>\n<!-- \/ Yoast SEO plugin. -->","yoast_head_json":{"title":"Blanc de Noir Vaudois AOC Vaudois - Cave Joly - Vignerons Encaveurs","robots":{"index":"index","follow":"follow","max-snippet":"max-snippet:-1","max-image-preview":"max-image-preview:large","max-video-preview":"max-video-preview:-1"},"canonical":"https:\/\/cave-joly.ch\/de\/produit\/blanc-de-noir-vaudois-70cl\/","og_locale":"de_DE","og_type":"article","og_title":"Blanc de Noir Vaudois AOC Vaudois - Cave Joly - Vignerons Encaveurs","og_description":"Rote Trauben f\u00fcr einen Weisswein \u2013 das ist nicht nur m\u00f6glich, sondern auch \u00e4usserst k\u00f6stlich! Der Wein wird aus den Rebsorten Gamay und Pinot Noir hergestellt, dessen Saft weiss ist. Die Haut der Trauben wird schnell separiert, damit der Wein nicht verf\u00e4rbt wird. Danach lagern wir ihn kurz im Barrique, um ihm den letzten Schliff zu geben. Rebsorte: Gamay oder Pinot Noir (Blauburgunder) Besonderheit: Weisswein der aus roten Trauben gekeltert wird. Die Vinifizierung erfolgt im Tank, wird jedoch f\u00fcr kurze Zeit im Eichenfass gelagert. Die Flaschenabf\u00fcllung erfolgt im Fr\u00fchling, damit der fruchtige Charakter erhalten bleibt Charakter: Enth\u00e4lt weniger Kohlenstoff als der Chasselas. Der Geruch von Waldbeeren mit einer reichhaltigen Struktur am Gaumen und eine leichte S\u00e4ure gibt ihm eine wunderbare Frische. Im Abgang leicht ger\u00f6steter Geschmack Empfehlung: Passt ausgezeichnet als Ap\u00e9ro, Antipasti, Vorspeisen, S\u00fcss- wie Salzwasserfisch, weisses Fleisch Temperatur: 10 bis 12\u00b0 C Haltbarkeit: 1 bis 3 Jahre","og_url":"https:\/\/cave-joly.ch\/de\/produit\/blanc-de-noir-vaudois-70cl\/","og_site_name":"Cave Joly - Vignerons Encaveurs","article_publisher":"https:\/\/www.facebook.com\/cavejoly","article_modified_time":"2023-01-23T06:24:47+00:00","og_image":[{"width":1680,"height":2521,"url":"https:\/\/cave-joly.ch\/wp-content\/uploads\/2015\/01\/blancdenoir.jpg","type":"image\/jpeg"}],"twitter_card":"summary_large_image","schema":{"@context":"https:\/\/schema.org","@graph":[{"@type":"WebPage","@id":"https:\/\/cave-joly.ch\/de\/produit\/blanc-de-noir-vaudois-70cl\/","url":"https:\/\/cave-joly.ch\/de\/produit\/blanc-de-noir-vaudois-70cl\/","name":"Blanc de Noir Vaudois AOC Vaudois - Cave Joly - Vignerons Encaveurs","isPartOf":{"@id":"https:\/\/cave-joly.ch\/#website"},"primaryImageOfPage":{"@id":"https:\/\/cave-joly.ch\/de\/produit\/blanc-de-noir-vaudois-70cl\/#primaryimage"},"image":{"@id":"https:\/\/cave-joly.ch\/de\/produit\/blanc-de-noir-vaudois-70cl\/#primaryimage"},"thumbnailUrl":"https:\/\/cave-joly.ch\/wp-content\/uploads\/2015\/01\/blancdenoir.jpg","datePublished":"2015-01-05T13:48:30+00:00","dateModified":"2023-01-23T06:24:47+00:00","breadcrumb":{"@id":"https:\/\/cave-joly.ch\/de\/produit\/blanc-de-noir-vaudois-70cl\/#breadcrumb"},"inLanguage":"de","potentialAction":[{"@type":"ReadAction","target":["https:\/\/cave-joly.ch\/de\/produit\/blanc-de-noir-vaudois-70cl\/"]}]},{"@type":"ImageObject","inLanguage":"de","@id":"https:\/\/cave-joly.ch\/de\/produit\/blanc-de-noir-vaudois-70cl\/#primaryimage","url":"https:\/\/cave-joly.ch\/wp-content\/uploads\/2015\/01\/blancdenoir.jpg","contentUrl":"https:\/\/cave-joly.ch\/wp-content\/uploads\/2015\/01\/blancdenoir.jpg","width":1680,"height":2521},{"@type":"BreadcrumbList","@id":"https:\/\/cave-joly.ch\/de\/produit\/blanc-de-noir-vaudois-70cl\/#breadcrumb","itemListElement":[{"@type":"ListItem","position":1,"name":"Home","item":"https:\/\/cave-joly.ch\/de\/home-de\/"},{"@type":"ListItem","position":2,"name":"Shop","item":"https:\/\/cave-joly.ch\/de\/boutique\/"},{"@type":"ListItem","position":3,"name":"Blanc de Noir Vaudois AOC Vaudois"}]},{"@type":"WebSite","@id":"https:\/\/cave-joly.ch\/#website","url":"https:\/\/cave-joly.ch\/","name":"Cave Jacques & Aur\u00e9lia Joly - Vignerons \u00e0 Lavaux","description":"","publisher":{"@id":"https:\/\/cave-joly.ch\/#organization"},"potentialAction":[{"@type":"SearchAction","target":{"@type":"EntryPoint","urlTemplate":"https:\/\/cave-joly.ch\/?s={search_term_string}"},"query-input":{"@type":"PropertyValueSpecification","valueRequired":true,"valueName":"search_term_string"}}],"inLanguage":"de"},{"@type":"Organization","@id":"https:\/\/cave-joly.ch\/#organization","name":"Cave Jacques & Aur\u00e9lia Joly, Vignerons \u00e0 Lavaux","url":"https:\/\/cave-joly.ch\/","logo":{"@type":"ImageObject","inLanguage":"de","@id":"https:\/\/cave-joly.ch\/#\/schema\/logo\/image\/","url":"https:\/\/cave-joly.ch\/wp-content\/uploads\/2016\/01\/Logosite.png","contentUrl":"https:\/\/cave-joly.ch\/wp-content\/uploads\/2016\/01\/Logosite.png","width":319,"height":240,"caption":"Cave Jacques & Aur\u00e9lia Joly, Vignerons \u00e0 Lavaux"},"image":{"@id":"https:\/\/cave-joly.ch\/#\/schema\/logo\/image\/"},"sameAs":["https:\/\/www.facebook.com\/cavejoly","https:\/\/www.instagram.com\/cavejoly\/"]}]}},"tiered_pricing_type":"fixed","tiered_pricing_fixed_rules":[],"tiered_pricing_product_settings":{"layout":"default","base_unit_name":{"singular":null,"plural":null},"default_variation":null},"tiered_pricing_minimum_quantity":null,"tiered_pricing_roles_data":[],"tiered_pricing_percentage_rules":[],"tiered_pricing_maximum_quantity":null,"tiered_pricing_quantity_step":null,"_links":{"self":[{"href":"https:\/\/cave-joly.ch\/de\/wp-json\/wp\/v2\/product\/298","targetHints":{"allow":["GET"]}}],"collection":[{"href":"https:\/\/cave-joly.ch\/de\/wp-json\/wp\/v2\/product"}],"about":[{"href":"https:\/\/cave-joly.ch\/de\/wp-json\/wp\/v2\/types\/product"}],"wp:featuredmedia":[{"embeddable":true,"href":"https:\/\/cave-joly.ch\/de\/wp-json\/wp\/v2\/media\/1204"}],"wp:attachment":[{"href":"https:\/\/cave-joly.ch\/de\/wp-json\/wp\/v2\/media?parent=298"}],"wp:term":[{"taxonomy":"product_brand","embeddable":true,"href":"https:\/\/cave-joly.ch\/de\/wp-json\/wp\/v2\/product_brand?post=298"},{"taxonomy":"product_cat","embeddable":true,"href":"https:\/\/cave-joly.ch\/de\/wp-json\/wp\/v2\/product_cat?post=298"},{"taxonomy":"product_tag","embeddable":true,"href":"https:\/\/cave-joly.ch\/de\/wp-json\/wp\/v2\/product_tag?post=298"}],"curies":[{"name":"wp","href":"https:\/\/api.w.org\/{rel}","templated":true}]}}