{"id":303,"date":"2015-01-05T14:51:47","date_gmt":"2015-01-05T13:51:47","guid":{"rendered":"http:\/\/cave-joly.ch\/produit\/sensoriel-pinot-noir-garanoir-gamay-5070cl\/"},"modified":"2024-04-18T10:19:06","modified_gmt":"2024-04-18T09:19:06","slug":"le-sensoriel-aoc-vaudois","status":"publish","type":"product","link":"https:\/\/cave-joly.ch\/de\/produit\/le-sensoriel-aoc-vaudois\/","title":{"rendered":"Le Sensoriel AOC Vaudois"},"content":{"rendered":"","protected":false},"excerpt":{"rendered":"<p>Der SENSORIEL ist ein Lagerwein, der mit seiner Finesse und Ausgewogenheit all Ihre Gerichte verfeinert. Die Tannine des Garanoir die im Eichenfass gereift werden verschmelzen perfekt in dieser Assemblage mit anderen roten Rebsorten. Das Ergebnis: Ein Duft von schwarzer Kirsche und Mandeln mit vollmundigem Geschmack.<\/p>\n<p><strong>Rebsorte:<\/strong> Pinot noir (Blauburgunder), Garanoir (Kreuzung Gamay-Reichenstein), Gamay<br \/>\n<strong>Besonderheit:<\/strong> Assemblage (kunstvolle Vermischung von Wein) der mit seiner Finesse und Ausgewogenheit \u00fcberrascht<br \/>\n<strong>Charakter:<\/strong> Duft von schwarzer Kirsche und Mandeln. Rund im Gaumen, mit einer Note von roten Fr\u00fcchten Pr\u00e4chtiges Final mit seinen reifen Tanninen<br \/>\n<strong>Empfehlung:<\/strong> Hauptgang, Rotes Fleisch, Wild<br \/>\n<strong>Temperatur:<\/strong> 14 bis 18\u00b0 C<br \/>\n<strong>Haltbarkeit:<\/strong> 2 bis 5 Jahre<\/p>\n","protected":false},"featured_media":1010,"template":"","meta":[],"product_brand":[],"product_cat":[113],"product_tag":[],"class_list":{"0":"post-303","1":"product","2":"type-product","3":"status-publish","4":"has-post-thumbnail","6":"product_cat-unsere-klassiker","8":"first","9":"instock","10":"shipping-taxable","11":"purchasable","12":"product-type-variable","13":"has-default-attributes"},"yoast_head":"<!-- This site is optimized with the Yoast SEO plugin v27.4 - https:\/\/yoast.com\/product\/yoast-seo-wordpress\/ -->\n<title>Le Sensoriel AOC Vaudois - Cave Joly - Vignerons Encaveurs<\/title>\n<meta name=\"robots\" content=\"index, follow, max-snippet:-1, max-image-preview:large, max-video-preview:-1\" \/>\n<link rel=\"canonical\" href=\"https:\/\/cave-joly.ch\/de\/produit\/le-sensoriel-aoc-vaudois\/\" \/>\n<meta property=\"og:locale\" content=\"de_DE\" \/>\n<meta property=\"og:type\" content=\"article\" \/>\n<meta property=\"og:title\" content=\"Le Sensoriel AOC Vaudois - Cave Joly - Vignerons Encaveurs\" \/>\n<meta property=\"og:description\" content=\"Der SENSORIEL ist ein Lagerwein, der mit seiner Finesse und Ausgewogenheit all Ihre Gerichte verfeinert. Die Tannine des Garanoir die im Eichenfass gereift werden verschmelzen perfekt in dieser Assemblage mit anderen roten Rebsorten. Das Ergebnis: Ein Duft von schwarzer Kirsche und Mandeln mit vollmundigem Geschmack.  Rebsorte: Pinot noir (Blauburgunder), Garanoir (Kreuzung Gamay-Reichenstein), Gamay Besonderheit: Assemblage (kunstvolle Vermischung von Wein) der mit seiner Finesse und Ausgewogenheit \u00fcberrascht Charakter: Duft von schwarzer Kirsche und Mandeln. Rund im Gaumen, mit einer Note von roten Fr\u00fcchten Pr\u00e4chtiges Final mit seinen reifen Tanninen Empfehlung: Hauptgang, Rotes Fleisch, Wild Temperatur: 14 bis 18\u00b0 C Haltbarkeit: 2 bis 5 Jahre\" \/>\n<meta property=\"og:url\" content=\"https:\/\/cave-joly.ch\/de\/produit\/le-sensoriel-aoc-vaudois\/\" \/>\n<meta property=\"og:site_name\" content=\"Cave Joly - Vignerons Encaveurs\" \/>\n<meta property=\"article:publisher\" content=\"https:\/\/www.facebook.com\/cavejoly\" \/>\n<meta property=\"article:modified_time\" content=\"2024-04-18T09:19:06+00:00\" \/>\n<meta property=\"og:image\" content=\"https:\/\/cave-joly.ch\/wp-content\/uploads\/2016\/08\/sensoriel_2018.jpeg\" \/>\n\t<meta property=\"og:image:width\" content=\"1708\" \/>\n\t<meta property=\"og:image:height\" content=\"2562\" \/>\n\t<meta property=\"og:image:type\" content=\"image\/jpeg\" \/>\n<meta name=\"twitter:card\" content=\"summary_large_image\" \/>\n<script type=\"application\/ld+json\" class=\"yoast-schema-graph\">{\"@context\":\"https:\\\/\\\/schema.org\",\"@graph\":[{\"@type\":\"WebPage\",\"@id\":\"https:\\\/\\\/cave-joly.ch\\\/de\\\/produit\\\/le-sensoriel-aoc-vaudois\\\/\",\"url\":\"https:\\\/\\\/cave-joly.ch\\\/de\\\/produit\\\/le-sensoriel-aoc-vaudois\\\/\",\"name\":\"Le Sensoriel AOC Vaudois - Cave Joly - Vignerons Encaveurs\",\"isPartOf\":{\"@id\":\"https:\\\/\\\/cave-joly.ch\\\/#website\"},\"primaryImageOfPage\":{\"@id\":\"https:\\\/\\\/cave-joly.ch\\\/de\\\/produit\\\/le-sensoriel-aoc-vaudois\\\/#primaryimage\"},\"image\":{\"@id\":\"https:\\\/\\\/cave-joly.ch\\\/de\\\/produit\\\/le-sensoriel-aoc-vaudois\\\/#primaryimage\"},\"thumbnailUrl\":\"https:\\\/\\\/cave-joly.ch\\\/wp-content\\\/uploads\\\/2016\\\/08\\\/sensoriel_2018.jpeg\",\"datePublished\":\"2015-01-05T13:51:47+00:00\",\"dateModified\":\"2024-04-18T09:19:06+00:00\",\"breadcrumb\":{\"@id\":\"https:\\\/\\\/cave-joly.ch\\\/de\\\/produit\\\/le-sensoriel-aoc-vaudois\\\/#breadcrumb\"},\"inLanguage\":\"de\",\"potentialAction\":[{\"@type\":\"ReadAction\",\"target\":[\"https:\\\/\\\/cave-joly.ch\\\/de\\\/produit\\\/le-sensoriel-aoc-vaudois\\\/\"]}]},{\"@type\":\"ImageObject\",\"inLanguage\":\"de\",\"@id\":\"https:\\\/\\\/cave-joly.ch\\\/de\\\/produit\\\/le-sensoriel-aoc-vaudois\\\/#primaryimage\",\"url\":\"https:\\\/\\\/cave-joly.ch\\\/wp-content\\\/uploads\\\/2016\\\/08\\\/sensoriel_2018.jpeg\",\"contentUrl\":\"https:\\\/\\\/cave-joly.ch\\\/wp-content\\\/uploads\\\/2016\\\/08\\\/sensoriel_2018.jpeg\",\"width\":1708,\"height\":2562},{\"@type\":\"BreadcrumbList\",\"@id\":\"https:\\\/\\\/cave-joly.ch\\\/de\\\/produit\\\/le-sensoriel-aoc-vaudois\\\/#breadcrumb\",\"itemListElement\":[{\"@type\":\"ListItem\",\"position\":1,\"name\":\"Home\",\"item\":\"https:\\\/\\\/cave-joly.ch\\\/de\\\/home-de\\\/\"},{\"@type\":\"ListItem\",\"position\":2,\"name\":\"Shop\",\"item\":\"https:\\\/\\\/cave-joly.ch\\\/de\\\/boutique\\\/\"},{\"@type\":\"ListItem\",\"position\":3,\"name\":\"Le Sensoriel AOC Vaudois\"}]},{\"@type\":\"WebSite\",\"@id\":\"https:\\\/\\\/cave-joly.ch\\\/#website\",\"url\":\"https:\\\/\\\/cave-joly.ch\\\/\",\"name\":\"Cave Jacques & Aur\u00e9lia Joly - Vignerons \u00e0 Lavaux\",\"description\":\"\",\"publisher\":{\"@id\":\"https:\\\/\\\/cave-joly.ch\\\/#organization\"},\"potentialAction\":[{\"@type\":\"SearchAction\",\"target\":{\"@type\":\"EntryPoint\",\"urlTemplate\":\"https:\\\/\\\/cave-joly.ch\\\/?s={search_term_string}\"},\"query-input\":{\"@type\":\"PropertyValueSpecification\",\"valueRequired\":true,\"valueName\":\"search_term_string\"}}],\"inLanguage\":\"de\"},{\"@type\":\"Organization\",\"@id\":\"https:\\\/\\\/cave-joly.ch\\\/#organization\",\"name\":\"Cave Jacques & Aur\u00e9lia Joly, Vignerons \u00e0 Lavaux\",\"url\":\"https:\\\/\\\/cave-joly.ch\\\/\",\"logo\":{\"@type\":\"ImageObject\",\"inLanguage\":\"de\",\"@id\":\"https:\\\/\\\/cave-joly.ch\\\/#\\\/schema\\\/logo\\\/image\\\/\",\"url\":\"https:\\\/\\\/cave-joly.ch\\\/wp-content\\\/uploads\\\/2016\\\/01\\\/Logosite.png\",\"contentUrl\":\"https:\\\/\\\/cave-joly.ch\\\/wp-content\\\/uploads\\\/2016\\\/01\\\/Logosite.png\",\"width\":319,\"height\":240,\"caption\":\"Cave Jacques & Aur\u00e9lia Joly, Vignerons \u00e0 Lavaux\"},\"image\":{\"@id\":\"https:\\\/\\\/cave-joly.ch\\\/#\\\/schema\\\/logo\\\/image\\\/\"},\"sameAs\":[\"https:\\\/\\\/www.facebook.com\\\/cavejoly\",\"https:\\\/\\\/www.instagram.com\\\/cavejoly\\\/\"]}]}<\/script>\n<!-- \/ Yoast SEO plugin. -->","yoast_head_json":{"title":"Le Sensoriel AOC Vaudois - Cave Joly - Vignerons Encaveurs","robots":{"index":"index","follow":"follow","max-snippet":"max-snippet:-1","max-image-preview":"max-image-preview:large","max-video-preview":"max-video-preview:-1"},"canonical":"https:\/\/cave-joly.ch\/de\/produit\/le-sensoriel-aoc-vaudois\/","og_locale":"de_DE","og_type":"article","og_title":"Le Sensoriel AOC Vaudois - Cave Joly - Vignerons Encaveurs","og_description":"Der SENSORIEL ist ein Lagerwein, der mit seiner Finesse und Ausgewogenheit all Ihre Gerichte verfeinert. Die Tannine des Garanoir die im Eichenfass gereift werden verschmelzen perfekt in dieser Assemblage mit anderen roten Rebsorten. Das Ergebnis: Ein Duft von schwarzer Kirsche und Mandeln mit vollmundigem Geschmack.  Rebsorte: Pinot noir (Blauburgunder), Garanoir (Kreuzung Gamay-Reichenstein), Gamay Besonderheit: Assemblage (kunstvolle Vermischung von Wein) der mit seiner Finesse und Ausgewogenheit \u00fcberrascht Charakter: Duft von schwarzer Kirsche und Mandeln. Rund im Gaumen, mit einer Note von roten Fr\u00fcchten Pr\u00e4chtiges Final mit seinen reifen Tanninen Empfehlung: Hauptgang, Rotes Fleisch, Wild Temperatur: 14 bis 18\u00b0 C Haltbarkeit: 2 bis 5 Jahre","og_url":"https:\/\/cave-joly.ch\/de\/produit\/le-sensoriel-aoc-vaudois\/","og_site_name":"Cave Joly - Vignerons Encaveurs","article_publisher":"https:\/\/www.facebook.com\/cavejoly","article_modified_time":"2024-04-18T09:19:06+00:00","og_image":[{"width":1708,"height":2562,"url":"https:\/\/cave-joly.ch\/wp-content\/uploads\/2016\/08\/sensoriel_2018.jpeg","type":"image\/jpeg"}],"twitter_card":"summary_large_image","schema":{"@context":"https:\/\/schema.org","@graph":[{"@type":"WebPage","@id":"https:\/\/cave-joly.ch\/de\/produit\/le-sensoriel-aoc-vaudois\/","url":"https:\/\/cave-joly.ch\/de\/produit\/le-sensoriel-aoc-vaudois\/","name":"Le Sensoriel AOC Vaudois - Cave Joly - Vignerons Encaveurs","isPartOf":{"@id":"https:\/\/cave-joly.ch\/#website"},"primaryImageOfPage":{"@id":"https:\/\/cave-joly.ch\/de\/produit\/le-sensoriel-aoc-vaudois\/#primaryimage"},"image":{"@id":"https:\/\/cave-joly.ch\/de\/produit\/le-sensoriel-aoc-vaudois\/#primaryimage"},"thumbnailUrl":"https:\/\/cave-joly.ch\/wp-content\/uploads\/2016\/08\/sensoriel_2018.jpeg","datePublished":"2015-01-05T13:51:47+00:00","dateModified":"2024-04-18T09:19:06+00:00","breadcrumb":{"@id":"https:\/\/cave-joly.ch\/de\/produit\/le-sensoriel-aoc-vaudois\/#breadcrumb"},"inLanguage":"de","potentialAction":[{"@type":"ReadAction","target":["https:\/\/cave-joly.ch\/de\/produit\/le-sensoriel-aoc-vaudois\/"]}]},{"@type":"ImageObject","inLanguage":"de","@id":"https:\/\/cave-joly.ch\/de\/produit\/le-sensoriel-aoc-vaudois\/#primaryimage","url":"https:\/\/cave-joly.ch\/wp-content\/uploads\/2016\/08\/sensoriel_2018.jpeg","contentUrl":"https:\/\/cave-joly.ch\/wp-content\/uploads\/2016\/08\/sensoriel_2018.jpeg","width":1708,"height":2562},{"@type":"BreadcrumbList","@id":"https:\/\/cave-joly.ch\/de\/produit\/le-sensoriel-aoc-vaudois\/#breadcrumb","itemListElement":[{"@type":"ListItem","position":1,"name":"Home","item":"https:\/\/cave-joly.ch\/de\/home-de\/"},{"@type":"ListItem","position":2,"name":"Shop","item":"https:\/\/cave-joly.ch\/de\/boutique\/"},{"@type":"ListItem","position":3,"name":"Le Sensoriel AOC Vaudois"}]},{"@type":"WebSite","@id":"https:\/\/cave-joly.ch\/#website","url":"https:\/\/cave-joly.ch\/","name":"Cave Jacques & Aur\u00e9lia Joly - Vignerons \u00e0 Lavaux","description":"","publisher":{"@id":"https:\/\/cave-joly.ch\/#organization"},"potentialAction":[{"@type":"SearchAction","target":{"@type":"EntryPoint","urlTemplate":"https:\/\/cave-joly.ch\/?s={search_term_string}"},"query-input":{"@type":"PropertyValueSpecification","valueRequired":true,"valueName":"search_term_string"}}],"inLanguage":"de"},{"@type":"Organization","@id":"https:\/\/cave-joly.ch\/#organization","name":"Cave Jacques & Aur\u00e9lia Joly, Vignerons \u00e0 Lavaux","url":"https:\/\/cave-joly.ch\/","logo":{"@type":"ImageObject","inLanguage":"de","@id":"https:\/\/cave-joly.ch\/#\/schema\/logo\/image\/","url":"https:\/\/cave-joly.ch\/wp-content\/uploads\/2016\/01\/Logosite.png","contentUrl":"https:\/\/cave-joly.ch\/wp-content\/uploads\/2016\/01\/Logosite.png","width":319,"height":240,"caption":"Cave Jacques & Aur\u00e9lia Joly, Vignerons \u00e0 Lavaux"},"image":{"@id":"https:\/\/cave-joly.ch\/#\/schema\/logo\/image\/"},"sameAs":["https:\/\/www.facebook.com\/cavejoly","https:\/\/www.instagram.com\/cavejoly\/"]}]}},"tiered_pricing_type":"fixed","tiered_pricing_fixed_rules":[],"tiered_pricing_product_settings":{"layout":"default","base_unit_name":{"singular":null,"plural":null},"default_variation":null},"tiered_pricing_minimum_quantity":null,"tiered_pricing_roles_data":[],"tiered_pricing_percentage_rules":[],"tiered_pricing_maximum_quantity":null,"tiered_pricing_quantity_step":null,"_links":{"self":[{"href":"https:\/\/cave-joly.ch\/de\/wp-json\/wp\/v2\/product\/303","targetHints":{"allow":["GET"]}}],"collection":[{"href":"https:\/\/cave-joly.ch\/de\/wp-json\/wp\/v2\/product"}],"about":[{"href":"https:\/\/cave-joly.ch\/de\/wp-json\/wp\/v2\/types\/product"}],"wp:featuredmedia":[{"embeddable":true,"href":"https:\/\/cave-joly.ch\/de\/wp-json\/wp\/v2\/media\/1010"}],"wp:attachment":[{"href":"https:\/\/cave-joly.ch\/de\/wp-json\/wp\/v2\/media?parent=303"}],"wp:term":[{"taxonomy":"product_brand","embeddable":true,"href":"https:\/\/cave-joly.ch\/de\/wp-json\/wp\/v2\/product_brand?post=303"},{"taxonomy":"product_cat","embeddable":true,"href":"https:\/\/cave-joly.ch\/de\/wp-json\/wp\/v2\/product_cat?post=303"},{"taxonomy":"product_tag","embeddable":true,"href":"https:\/\/cave-joly.ch\/de\/wp-json\/wp\/v2\/product_tag?post=303"}],"curies":[{"name":"wp","href":"https:\/\/api.w.org\/{rel}","templated":true}]}}