{"id":308,"date":"2015-01-26T09:34:16","date_gmt":"2015-01-26T08:34:16","guid":{"rendered":"http:\/\/cave-joly.ch\/produit\/larpent\/"},"modified":"2024-04-04T18:06:25","modified_gmt":"2024-04-04T17:06:25","slug":"larpent-aoc-vaudois-2","status":"publish","type":"product","link":"https:\/\/cave-joly.ch\/de\/produit\/larpent-aoc-vaudois-2\/","title":{"rendered":"L&#8217;Arpent AOC Vaudois"},"content":{"rendered":"","protected":false},"excerpt":{"rendered":"<p class=\"p1\">Der ARPENT wird 14 Monate in Eichenf\u00e4ssern gelagert und nimmt so das elegante Aroma des Holzes an. Kenner identifizieren ihn sofort anhand seines ger\u00f6steten, schokoladigen Geruchs, den diese Herstellung ausmacht. Die edle Mischung aus Garanoir und Syrah gibt diesem Lagerwein strukturiertes Tannin, das perfekt zu rotem Fleisch passt.<\/p>\n<p><strong>Rebsorte:<\/strong> Improvisation des Winzers<br \/>\n<strong>Besonderheit:<\/strong> W\u00e4hrend 14 Monaten in Eichenf\u00e4ssern gelagert, die von unterschiedlichen B\u00f6ttchern stammen<br \/>\n<strong>Charakter:<\/strong> Ger\u00f6steter Geruch, leicht nach Vanille schmeckend, lang im Mund anhaltend, strukturiertes Tannin mit einer leichten Pfeffernote<br \/>\n<strong>Empfehlung:<\/strong> Hauptgang, rotes Fleisch, K\u00e4se<br \/>\n<strong>Temperatur:<\/strong> 14 bis 18\u00b0 C<br \/>\n<strong>Haltbarkeit:<\/strong> 5 Jahre und mehr<\/p>\n","protected":false},"featured_media":992,"template":"","meta":[],"product_brand":[],"product_cat":[113],"product_tag":[],"class_list":{"0":"post-308","1":"product","2":"type-product","3":"status-publish","4":"has-post-thumbnail","6":"product_cat-unsere-klassiker","8":"first","9":"instock","10":"shipping-taxable","11":"purchasable","12":"product-type-variable","13":"has-default-attributes"},"yoast_head":"<!-- This site is optimized with the Yoast SEO plugin v27.4 - https:\/\/yoast.com\/product\/yoast-seo-wordpress\/ -->\n<title>L&#039;Arpent AOC Vaudois - Cave Joly - Vignerons Encaveurs<\/title>\n<meta name=\"robots\" content=\"index, follow, max-snippet:-1, max-image-preview:large, max-video-preview:-1\" \/>\n<link rel=\"canonical\" href=\"https:\/\/cave-joly.ch\/de\/produit\/larpent-aoc-vaudois-2\/\" \/>\n<meta property=\"og:locale\" content=\"de_DE\" \/>\n<meta property=\"og:type\" content=\"article\" \/>\n<meta property=\"og:title\" content=\"L&#039;Arpent AOC Vaudois - Cave Joly - Vignerons Encaveurs\" \/>\n<meta property=\"og:description\" content=\"Der ARPENT wird 14 Monate in Eichenf\u00e4ssern gelagert und nimmt so das elegante Aroma des Holzes an. Kenner identifizieren ihn sofort anhand seines ger\u00f6steten, schokoladigen Geruchs, den diese Herstellung ausmacht. Die edle Mischung aus Garanoir und Syrah gibt diesem Lagerwein strukturiertes Tannin, das perfekt zu rotem Fleisch passt. Rebsorte: Improvisation des Winzers Besonderheit: W\u00e4hrend 14 Monaten in Eichenf\u00e4ssern gelagert, die von unterschiedlichen B\u00f6ttchern stammen Charakter: Ger\u00f6steter Geruch, leicht nach Vanille schmeckend, lang im Mund anhaltend, strukturiertes Tannin mit einer leichten Pfeffernote Empfehlung: Hauptgang, rotes Fleisch, K\u00e4se Temperatur: 14 bis 18\u00b0 C Haltbarkeit: 5 Jahre und mehr\" \/>\n<meta property=\"og:url\" content=\"https:\/\/cave-joly.ch\/de\/produit\/larpent-aoc-vaudois-2\/\" \/>\n<meta property=\"og:site_name\" content=\"Cave Joly - Vignerons Encaveurs\" \/>\n<meta property=\"article:publisher\" content=\"https:\/\/www.facebook.com\/cavejoly\" \/>\n<meta property=\"article:modified_time\" content=\"2024-04-04T17:06:25+00:00\" \/>\n<meta property=\"og:image\" content=\"https:\/\/cave-joly.ch\/wp-content\/uploads\/2016\/08\/arpent_s6a4106.jpeg\" \/>\n\t<meta property=\"og:image:width\" content=\"1646\" \/>\n\t<meta property=\"og:image:height\" content=\"2468\" \/>\n\t<meta property=\"og:image:type\" content=\"image\/jpeg\" \/>\n<meta name=\"twitter:card\" content=\"summary_large_image\" \/>\n<script type=\"application\/ld+json\" class=\"yoast-schema-graph\">{\"@context\":\"https:\\\/\\\/schema.org\",\"@graph\":[{\"@type\":\"WebPage\",\"@id\":\"https:\\\/\\\/cave-joly.ch\\\/de\\\/produit\\\/larpent-aoc-vaudois-2\\\/\",\"url\":\"https:\\\/\\\/cave-joly.ch\\\/de\\\/produit\\\/larpent-aoc-vaudois-2\\\/\",\"name\":\"L'Arpent AOC Vaudois - Cave Joly - Vignerons Encaveurs\",\"isPartOf\":{\"@id\":\"https:\\\/\\\/cave-joly.ch\\\/#website\"},\"primaryImageOfPage\":{\"@id\":\"https:\\\/\\\/cave-joly.ch\\\/de\\\/produit\\\/larpent-aoc-vaudois-2\\\/#primaryimage\"},\"image\":{\"@id\":\"https:\\\/\\\/cave-joly.ch\\\/de\\\/produit\\\/larpent-aoc-vaudois-2\\\/#primaryimage\"},\"thumbnailUrl\":\"https:\\\/\\\/cave-joly.ch\\\/wp-content\\\/uploads\\\/2016\\\/08\\\/arpent_s6a4106.jpeg\",\"datePublished\":\"2015-01-26T08:34:16+00:00\",\"dateModified\":\"2024-04-04T17:06:25+00:00\",\"breadcrumb\":{\"@id\":\"https:\\\/\\\/cave-joly.ch\\\/de\\\/produit\\\/larpent-aoc-vaudois-2\\\/#breadcrumb\"},\"inLanguage\":\"de\",\"potentialAction\":[{\"@type\":\"ReadAction\",\"target\":[\"https:\\\/\\\/cave-joly.ch\\\/de\\\/produit\\\/larpent-aoc-vaudois-2\\\/\"]}]},{\"@type\":\"ImageObject\",\"inLanguage\":\"de\",\"@id\":\"https:\\\/\\\/cave-joly.ch\\\/de\\\/produit\\\/larpent-aoc-vaudois-2\\\/#primaryimage\",\"url\":\"https:\\\/\\\/cave-joly.ch\\\/wp-content\\\/uploads\\\/2016\\\/08\\\/arpent_s6a4106.jpeg\",\"contentUrl\":\"https:\\\/\\\/cave-joly.ch\\\/wp-content\\\/uploads\\\/2016\\\/08\\\/arpent_s6a4106.jpeg\",\"width\":1646,\"height\":2468},{\"@type\":\"BreadcrumbList\",\"@id\":\"https:\\\/\\\/cave-joly.ch\\\/de\\\/produit\\\/larpent-aoc-vaudois-2\\\/#breadcrumb\",\"itemListElement\":[{\"@type\":\"ListItem\",\"position\":1,\"name\":\"Home\",\"item\":\"https:\\\/\\\/cave-joly.ch\\\/de\\\/home-de\\\/\"},{\"@type\":\"ListItem\",\"position\":2,\"name\":\"Shop\",\"item\":\"https:\\\/\\\/cave-joly.ch\\\/de\\\/boutique\\\/\"},{\"@type\":\"ListItem\",\"position\":3,\"name\":\"L&#8217;Arpent AOC Vaudois\"}]},{\"@type\":\"WebSite\",\"@id\":\"https:\\\/\\\/cave-joly.ch\\\/#website\",\"url\":\"https:\\\/\\\/cave-joly.ch\\\/\",\"name\":\"Cave Jacques & Aur\u00e9lia Joly - Vignerons \u00e0 Lavaux\",\"description\":\"\",\"publisher\":{\"@id\":\"https:\\\/\\\/cave-joly.ch\\\/#organization\"},\"potentialAction\":[{\"@type\":\"SearchAction\",\"target\":{\"@type\":\"EntryPoint\",\"urlTemplate\":\"https:\\\/\\\/cave-joly.ch\\\/?s={search_term_string}\"},\"query-input\":{\"@type\":\"PropertyValueSpecification\",\"valueRequired\":true,\"valueName\":\"search_term_string\"}}],\"inLanguage\":\"de\"},{\"@type\":\"Organization\",\"@id\":\"https:\\\/\\\/cave-joly.ch\\\/#organization\",\"name\":\"Cave Jacques & Aur\u00e9lia Joly, Vignerons \u00e0 Lavaux\",\"url\":\"https:\\\/\\\/cave-joly.ch\\\/\",\"logo\":{\"@type\":\"ImageObject\",\"inLanguage\":\"de\",\"@id\":\"https:\\\/\\\/cave-joly.ch\\\/#\\\/schema\\\/logo\\\/image\\\/\",\"url\":\"https:\\\/\\\/cave-joly.ch\\\/wp-content\\\/uploads\\\/2016\\\/01\\\/Logosite.png\",\"contentUrl\":\"https:\\\/\\\/cave-joly.ch\\\/wp-content\\\/uploads\\\/2016\\\/01\\\/Logosite.png\",\"width\":319,\"height\":240,\"caption\":\"Cave Jacques & Aur\u00e9lia Joly, Vignerons \u00e0 Lavaux\"},\"image\":{\"@id\":\"https:\\\/\\\/cave-joly.ch\\\/#\\\/schema\\\/logo\\\/image\\\/\"},\"sameAs\":[\"https:\\\/\\\/www.facebook.com\\\/cavejoly\",\"https:\\\/\\\/www.instagram.com\\\/cavejoly\\\/\"]}]}<\/script>\n<!-- \/ Yoast SEO plugin. -->","yoast_head_json":{"title":"L'Arpent AOC Vaudois - Cave Joly - Vignerons Encaveurs","robots":{"index":"index","follow":"follow","max-snippet":"max-snippet:-1","max-image-preview":"max-image-preview:large","max-video-preview":"max-video-preview:-1"},"canonical":"https:\/\/cave-joly.ch\/de\/produit\/larpent-aoc-vaudois-2\/","og_locale":"de_DE","og_type":"article","og_title":"L'Arpent AOC Vaudois - Cave Joly - Vignerons Encaveurs","og_description":"Der ARPENT wird 14 Monate in Eichenf\u00e4ssern gelagert und nimmt so das elegante Aroma des Holzes an. Kenner identifizieren ihn sofort anhand seines ger\u00f6steten, schokoladigen Geruchs, den diese Herstellung ausmacht. Die edle Mischung aus Garanoir und Syrah gibt diesem Lagerwein strukturiertes Tannin, das perfekt zu rotem Fleisch passt. Rebsorte: Improvisation des Winzers Besonderheit: W\u00e4hrend 14 Monaten in Eichenf\u00e4ssern gelagert, die von unterschiedlichen B\u00f6ttchern stammen Charakter: Ger\u00f6steter Geruch, leicht nach Vanille schmeckend, lang im Mund anhaltend, strukturiertes Tannin mit einer leichten Pfeffernote Empfehlung: Hauptgang, rotes Fleisch, K\u00e4se Temperatur: 14 bis 18\u00b0 C Haltbarkeit: 5 Jahre und mehr","og_url":"https:\/\/cave-joly.ch\/de\/produit\/larpent-aoc-vaudois-2\/","og_site_name":"Cave Joly - Vignerons Encaveurs","article_publisher":"https:\/\/www.facebook.com\/cavejoly","article_modified_time":"2024-04-04T17:06:25+00:00","og_image":[{"width":1646,"height":2468,"url":"https:\/\/cave-joly.ch\/wp-content\/uploads\/2016\/08\/arpent_s6a4106.jpeg","type":"image\/jpeg"}],"twitter_card":"summary_large_image","schema":{"@context":"https:\/\/schema.org","@graph":[{"@type":"WebPage","@id":"https:\/\/cave-joly.ch\/de\/produit\/larpent-aoc-vaudois-2\/","url":"https:\/\/cave-joly.ch\/de\/produit\/larpent-aoc-vaudois-2\/","name":"L'Arpent AOC Vaudois - Cave Joly - Vignerons Encaveurs","isPartOf":{"@id":"https:\/\/cave-joly.ch\/#website"},"primaryImageOfPage":{"@id":"https:\/\/cave-joly.ch\/de\/produit\/larpent-aoc-vaudois-2\/#primaryimage"},"image":{"@id":"https:\/\/cave-joly.ch\/de\/produit\/larpent-aoc-vaudois-2\/#primaryimage"},"thumbnailUrl":"https:\/\/cave-joly.ch\/wp-content\/uploads\/2016\/08\/arpent_s6a4106.jpeg","datePublished":"2015-01-26T08:34:16+00:00","dateModified":"2024-04-04T17:06:25+00:00","breadcrumb":{"@id":"https:\/\/cave-joly.ch\/de\/produit\/larpent-aoc-vaudois-2\/#breadcrumb"},"inLanguage":"de","potentialAction":[{"@type":"ReadAction","target":["https:\/\/cave-joly.ch\/de\/produit\/larpent-aoc-vaudois-2\/"]}]},{"@type":"ImageObject","inLanguage":"de","@id":"https:\/\/cave-joly.ch\/de\/produit\/larpent-aoc-vaudois-2\/#primaryimage","url":"https:\/\/cave-joly.ch\/wp-content\/uploads\/2016\/08\/arpent_s6a4106.jpeg","contentUrl":"https:\/\/cave-joly.ch\/wp-content\/uploads\/2016\/08\/arpent_s6a4106.jpeg","width":1646,"height":2468},{"@type":"BreadcrumbList","@id":"https:\/\/cave-joly.ch\/de\/produit\/larpent-aoc-vaudois-2\/#breadcrumb","itemListElement":[{"@type":"ListItem","position":1,"name":"Home","item":"https:\/\/cave-joly.ch\/de\/home-de\/"},{"@type":"ListItem","position":2,"name":"Shop","item":"https:\/\/cave-joly.ch\/de\/boutique\/"},{"@type":"ListItem","position":3,"name":"L&#8217;Arpent AOC Vaudois"}]},{"@type":"WebSite","@id":"https:\/\/cave-joly.ch\/#website","url":"https:\/\/cave-joly.ch\/","name":"Cave Jacques & Aur\u00e9lia Joly - Vignerons \u00e0 Lavaux","description":"","publisher":{"@id":"https:\/\/cave-joly.ch\/#organization"},"potentialAction":[{"@type":"SearchAction","target":{"@type":"EntryPoint","urlTemplate":"https:\/\/cave-joly.ch\/?s={search_term_string}"},"query-input":{"@type":"PropertyValueSpecification","valueRequired":true,"valueName":"search_term_string"}}],"inLanguage":"de"},{"@type":"Organization","@id":"https:\/\/cave-joly.ch\/#organization","name":"Cave Jacques & Aur\u00e9lia Joly, Vignerons \u00e0 Lavaux","url":"https:\/\/cave-joly.ch\/","logo":{"@type":"ImageObject","inLanguage":"de","@id":"https:\/\/cave-joly.ch\/#\/schema\/logo\/image\/","url":"https:\/\/cave-joly.ch\/wp-content\/uploads\/2016\/01\/Logosite.png","contentUrl":"https:\/\/cave-joly.ch\/wp-content\/uploads\/2016\/01\/Logosite.png","width":319,"height":240,"caption":"Cave Jacques & Aur\u00e9lia Joly, Vignerons \u00e0 Lavaux"},"image":{"@id":"https:\/\/cave-joly.ch\/#\/schema\/logo\/image\/"},"sameAs":["https:\/\/www.facebook.com\/cavejoly","https:\/\/www.instagram.com\/cavejoly\/"]}]}},"tiered_pricing_type":"fixed","tiered_pricing_fixed_rules":[],"tiered_pricing_product_settings":{"layout":"default","base_unit_name":{"singular":null,"plural":null},"default_variation":null},"tiered_pricing_minimum_quantity":null,"tiered_pricing_roles_data":[],"tiered_pricing_percentage_rules":[],"tiered_pricing_maximum_quantity":null,"tiered_pricing_quantity_step":null,"_links":{"self":[{"href":"https:\/\/cave-joly.ch\/de\/wp-json\/wp\/v2\/product\/308","targetHints":{"allow":["GET"]}}],"collection":[{"href":"https:\/\/cave-joly.ch\/de\/wp-json\/wp\/v2\/product"}],"about":[{"href":"https:\/\/cave-joly.ch\/de\/wp-json\/wp\/v2\/types\/product"}],"wp:featuredmedia":[{"embeddable":true,"href":"https:\/\/cave-joly.ch\/de\/wp-json\/wp\/v2\/media\/992"}],"wp:attachment":[{"href":"https:\/\/cave-joly.ch\/de\/wp-json\/wp\/v2\/media?parent=308"}],"wp:term":[{"taxonomy":"product_brand","embeddable":true,"href":"https:\/\/cave-joly.ch\/de\/wp-json\/wp\/v2\/product_brand?post=308"},{"taxonomy":"product_cat","embeddable":true,"href":"https:\/\/cave-joly.ch\/de\/wp-json\/wp\/v2\/product_cat?post=308"},{"taxonomy":"product_tag","embeddable":true,"href":"https:\/\/cave-joly.ch\/de\/wp-json\/wp\/v2\/product_tag?post=308"}],"curies":[{"name":"wp","href":"https:\/\/api.w.org\/{rel}","templated":true}]}}