{"id":3416,"date":"2021-08-16T19:54:41","date_gmt":"2021-08-16T18:54:41","guid":{"rendered":"https:\/\/cave-joly.ch\/produit\/plant-robert\/"},"modified":"2025-10-17T09:09:54","modified_gmt":"2025-10-17T08:09:54","slug":"plant-robert","status":"publish","type":"product","link":"https:\/\/cave-joly.ch\/de\/produit\/plant-robert\/","title":{"rendered":"Plant-Robert"},"content":{"rendered":"","protected":false},"excerpt":{"rendered":"<p>Der alte Gamay-Klon Plant Robert ist eine legend\u00e4re Rebsorte, die in den 1960er-Jahren fast aus den Rebbergen des Lavaux verschwand. Unser PLANT ROBERT besticht durch seine lebendige, spannungsgeladene Art mit feinen Tanninen und fruchtigen sowie pfeffrigen Noten. Ein perfekter Begleiter zu Pilzgerichten oder einem Rag\u00f9 alla bolognese.<\/p>\n<p><strong>Rebsorte<\/strong>: Plant Robert<br \/>\n<strong>Besonderheit<\/strong>: Alte Selektion aus dem Lavaux aus der Rebsorte Gamay.<br \/>\n<strong>Charakter<\/strong>: Im Mund komplex mit Noten von reifen Fr\u00fcchten und Gew\u00fcrzen, mit einer dunklen Farbe. Ein lagerf\u00e4higer Wein mit viel Subtilit\u00e4t.<br \/>\n<strong>Empfohlen<\/strong>: Hauptgericht, rotes Fleisch und Wildgefl\u00fcgel.<br \/>\n<strong>Temperatur<\/strong>: 14 bis 18\u00b0C<br \/>\n<strong>Lagerung<\/strong>: 2 bis 5 Jahre und l\u00e4nger<\/p>\n","protected":false},"featured_media":3414,"template":"","meta":[],"product_brand":[],"product_cat":[109],"product_tag":[],"class_list":{"0":"post-3416","1":"product","2":"type-product","3":"status-publish","4":"has-post-thumbnail","6":"product_cat-unsere-favoriten","8":"first","9":"instock","10":"shipping-taxable","11":"purchasable","12":"product-type-simple"},"yoast_head":"<!-- This site is optimized with the Yoast SEO plugin v27.4 - https:\/\/yoast.com\/product\/yoast-seo-wordpress\/ -->\n<title>Plant-Robert - Cave Joly - Vignerons Encaveurs<\/title>\n<meta name=\"robots\" content=\"index, follow, max-snippet:-1, max-image-preview:large, max-video-preview:-1\" \/>\n<link rel=\"canonical\" href=\"https:\/\/cave-joly.ch\/de\/produit\/plant-robert\/\" \/>\n<meta property=\"og:locale\" content=\"de_DE\" \/>\n<meta property=\"og:type\" content=\"article\" \/>\n<meta property=\"og:title\" content=\"Plant-Robert - Cave Joly - Vignerons Encaveurs\" \/>\n<meta property=\"og:description\" content=\"Der alte Gamay-Klon Plant Robert ist eine legend\u00e4re Rebsorte, die in den 1960er-Jahren fast aus den Rebbergen des Lavaux verschwand. Unser PLANT ROBERT besticht durch seine lebendige, spannungsgeladene Art mit feinen Tanninen und fruchtigen sowie pfeffrigen Noten. Ein perfekter Begleiter zu Pilzgerichten oder einem Rag\u00f9 alla bolognese.  Rebsorte: Plant Robert Besonderheit: Alte Selektion aus dem Lavaux aus der Rebsorte Gamay. Charakter: Im Mund komplex mit Noten von reifen Fr\u00fcchten und Gew\u00fcrzen, mit einer dunklen Farbe. Ein lagerf\u00e4higer Wein mit viel Subtilit\u00e4t. Empfohlen: Hauptgericht, rotes Fleisch und Wildgefl\u00fcgel. Temperatur: 14 bis 18\u00b0C Lagerung: 2 bis 5 Jahre und l\u00e4nger\" \/>\n<meta property=\"og:url\" content=\"https:\/\/cave-joly.ch\/de\/produit\/plant-robert\/\" \/>\n<meta property=\"og:site_name\" content=\"Cave Joly - Vignerons Encaveurs\" \/>\n<meta property=\"article:publisher\" content=\"https:\/\/www.facebook.com\/cavejoly\" \/>\n<meta property=\"article:modified_time\" content=\"2025-10-17T08:09:54+00:00\" \/>\n<meta property=\"og:image\" content=\"https:\/\/cave-joly.ch\/wp-content\/uploads\/2021\/08\/Plant-Robert_MGL1431_web.jpg\" \/>\n\t<meta property=\"og:image:width\" content=\"800\" \/>\n\t<meta property=\"og:image:height\" content=\"1200\" \/>\n\t<meta property=\"og:image:type\" content=\"image\/jpeg\" \/>\n<meta name=\"twitter:card\" content=\"summary_large_image\" \/>\n<script type=\"application\/ld+json\" class=\"yoast-schema-graph\">{\"@context\":\"https:\\\/\\\/schema.org\",\"@graph\":[{\"@type\":\"WebPage\",\"@id\":\"https:\\\/\\\/cave-joly.ch\\\/de\\\/produit\\\/plant-robert\\\/\",\"url\":\"https:\\\/\\\/cave-joly.ch\\\/de\\\/produit\\\/plant-robert\\\/\",\"name\":\"Plant-Robert - Cave Joly - Vignerons Encaveurs\",\"isPartOf\":{\"@id\":\"https:\\\/\\\/cave-joly.ch\\\/#website\"},\"primaryImageOfPage\":{\"@id\":\"https:\\\/\\\/cave-joly.ch\\\/de\\\/produit\\\/plant-robert\\\/#primaryimage\"},\"image\":{\"@id\":\"https:\\\/\\\/cave-joly.ch\\\/de\\\/produit\\\/plant-robert\\\/#primaryimage\"},\"thumbnailUrl\":\"https:\\\/\\\/cave-joly.ch\\\/wp-content\\\/uploads\\\/2021\\\/08\\\/Plant-Robert_MGL1431_web.jpg\",\"datePublished\":\"2021-08-16T18:54:41+00:00\",\"dateModified\":\"2025-10-17T08:09:54+00:00\",\"breadcrumb\":{\"@id\":\"https:\\\/\\\/cave-joly.ch\\\/de\\\/produit\\\/plant-robert\\\/#breadcrumb\"},\"inLanguage\":\"de\",\"potentialAction\":[{\"@type\":\"ReadAction\",\"target\":[\"https:\\\/\\\/cave-joly.ch\\\/de\\\/produit\\\/plant-robert\\\/\"]}]},{\"@type\":\"ImageObject\",\"inLanguage\":\"de\",\"@id\":\"https:\\\/\\\/cave-joly.ch\\\/de\\\/produit\\\/plant-robert\\\/#primaryimage\",\"url\":\"https:\\\/\\\/cave-joly.ch\\\/wp-content\\\/uploads\\\/2021\\\/08\\\/Plant-Robert_MGL1431_web.jpg\",\"contentUrl\":\"https:\\\/\\\/cave-joly.ch\\\/wp-content\\\/uploads\\\/2021\\\/08\\\/Plant-Robert_MGL1431_web.jpg\",\"width\":800,\"height\":1200},{\"@type\":\"BreadcrumbList\",\"@id\":\"https:\\\/\\\/cave-joly.ch\\\/de\\\/produit\\\/plant-robert\\\/#breadcrumb\",\"itemListElement\":[{\"@type\":\"ListItem\",\"position\":1,\"name\":\"Home\",\"item\":\"https:\\\/\\\/cave-joly.ch\\\/de\\\/home-de\\\/\"},{\"@type\":\"ListItem\",\"position\":2,\"name\":\"Shop\",\"item\":\"https:\\\/\\\/cave-joly.ch\\\/de\\\/boutique\\\/\"},{\"@type\":\"ListItem\",\"position\":3,\"name\":\"Plant-Robert\"}]},{\"@type\":\"WebSite\",\"@id\":\"https:\\\/\\\/cave-joly.ch\\\/#website\",\"url\":\"https:\\\/\\\/cave-joly.ch\\\/\",\"name\":\"Cave Jacques & Aur\u00e9lia Joly - Vignerons \u00e0 Lavaux\",\"description\":\"\",\"publisher\":{\"@id\":\"https:\\\/\\\/cave-joly.ch\\\/#organization\"},\"potentialAction\":[{\"@type\":\"SearchAction\",\"target\":{\"@type\":\"EntryPoint\",\"urlTemplate\":\"https:\\\/\\\/cave-joly.ch\\\/?s={search_term_string}\"},\"query-input\":{\"@type\":\"PropertyValueSpecification\",\"valueRequired\":true,\"valueName\":\"search_term_string\"}}],\"inLanguage\":\"de\"},{\"@type\":\"Organization\",\"@id\":\"https:\\\/\\\/cave-joly.ch\\\/#organization\",\"name\":\"Cave Jacques & Aur\u00e9lia Joly, Vignerons \u00e0 Lavaux\",\"url\":\"https:\\\/\\\/cave-joly.ch\\\/\",\"logo\":{\"@type\":\"ImageObject\",\"inLanguage\":\"de\",\"@id\":\"https:\\\/\\\/cave-joly.ch\\\/#\\\/schema\\\/logo\\\/image\\\/\",\"url\":\"https:\\\/\\\/cave-joly.ch\\\/wp-content\\\/uploads\\\/2016\\\/01\\\/Logosite.png\",\"contentUrl\":\"https:\\\/\\\/cave-joly.ch\\\/wp-content\\\/uploads\\\/2016\\\/01\\\/Logosite.png\",\"width\":319,\"height\":240,\"caption\":\"Cave Jacques & Aur\u00e9lia Joly, Vignerons \u00e0 Lavaux\"},\"image\":{\"@id\":\"https:\\\/\\\/cave-joly.ch\\\/#\\\/schema\\\/logo\\\/image\\\/\"},\"sameAs\":[\"https:\\\/\\\/www.facebook.com\\\/cavejoly\",\"https:\\\/\\\/www.instagram.com\\\/cavejoly\\\/\"]}]}<\/script>\n<!-- \/ Yoast SEO plugin. -->","yoast_head_json":{"title":"Plant-Robert - Cave Joly - Vignerons Encaveurs","robots":{"index":"index","follow":"follow","max-snippet":"max-snippet:-1","max-image-preview":"max-image-preview:large","max-video-preview":"max-video-preview:-1"},"canonical":"https:\/\/cave-joly.ch\/de\/produit\/plant-robert\/","og_locale":"de_DE","og_type":"article","og_title":"Plant-Robert - Cave Joly - Vignerons Encaveurs","og_description":"Der alte Gamay-Klon Plant Robert ist eine legend\u00e4re Rebsorte, die in den 1960er-Jahren fast aus den Rebbergen des Lavaux verschwand. Unser PLANT ROBERT besticht durch seine lebendige, spannungsgeladene Art mit feinen Tanninen und fruchtigen sowie pfeffrigen Noten. Ein perfekter Begleiter zu Pilzgerichten oder einem Rag\u00f9 alla bolognese.  Rebsorte: Plant Robert Besonderheit: Alte Selektion aus dem Lavaux aus der Rebsorte Gamay. Charakter: Im Mund komplex mit Noten von reifen Fr\u00fcchten und Gew\u00fcrzen, mit einer dunklen Farbe. Ein lagerf\u00e4higer Wein mit viel Subtilit\u00e4t. Empfohlen: Hauptgericht, rotes Fleisch und Wildgefl\u00fcgel. Temperatur: 14 bis 18\u00b0C Lagerung: 2 bis 5 Jahre und l\u00e4nger","og_url":"https:\/\/cave-joly.ch\/de\/produit\/plant-robert\/","og_site_name":"Cave Joly - Vignerons Encaveurs","article_publisher":"https:\/\/www.facebook.com\/cavejoly","article_modified_time":"2025-10-17T08:09:54+00:00","og_image":[{"width":800,"height":1200,"url":"https:\/\/cave-joly.ch\/wp-content\/uploads\/2021\/08\/Plant-Robert_MGL1431_web.jpg","type":"image\/jpeg"}],"twitter_card":"summary_large_image","schema":{"@context":"https:\/\/schema.org","@graph":[{"@type":"WebPage","@id":"https:\/\/cave-joly.ch\/de\/produit\/plant-robert\/","url":"https:\/\/cave-joly.ch\/de\/produit\/plant-robert\/","name":"Plant-Robert - Cave Joly - Vignerons Encaveurs","isPartOf":{"@id":"https:\/\/cave-joly.ch\/#website"},"primaryImageOfPage":{"@id":"https:\/\/cave-joly.ch\/de\/produit\/plant-robert\/#primaryimage"},"image":{"@id":"https:\/\/cave-joly.ch\/de\/produit\/plant-robert\/#primaryimage"},"thumbnailUrl":"https:\/\/cave-joly.ch\/wp-content\/uploads\/2021\/08\/Plant-Robert_MGL1431_web.jpg","datePublished":"2021-08-16T18:54:41+00:00","dateModified":"2025-10-17T08:09:54+00:00","breadcrumb":{"@id":"https:\/\/cave-joly.ch\/de\/produit\/plant-robert\/#breadcrumb"},"inLanguage":"de","potentialAction":[{"@type":"ReadAction","target":["https:\/\/cave-joly.ch\/de\/produit\/plant-robert\/"]}]},{"@type":"ImageObject","inLanguage":"de","@id":"https:\/\/cave-joly.ch\/de\/produit\/plant-robert\/#primaryimage","url":"https:\/\/cave-joly.ch\/wp-content\/uploads\/2021\/08\/Plant-Robert_MGL1431_web.jpg","contentUrl":"https:\/\/cave-joly.ch\/wp-content\/uploads\/2021\/08\/Plant-Robert_MGL1431_web.jpg","width":800,"height":1200},{"@type":"BreadcrumbList","@id":"https:\/\/cave-joly.ch\/de\/produit\/plant-robert\/#breadcrumb","itemListElement":[{"@type":"ListItem","position":1,"name":"Home","item":"https:\/\/cave-joly.ch\/de\/home-de\/"},{"@type":"ListItem","position":2,"name":"Shop","item":"https:\/\/cave-joly.ch\/de\/boutique\/"},{"@type":"ListItem","position":3,"name":"Plant-Robert"}]},{"@type":"WebSite","@id":"https:\/\/cave-joly.ch\/#website","url":"https:\/\/cave-joly.ch\/","name":"Cave Jacques & Aur\u00e9lia Joly - Vignerons \u00e0 Lavaux","description":"","publisher":{"@id":"https:\/\/cave-joly.ch\/#organization"},"potentialAction":[{"@type":"SearchAction","target":{"@type":"EntryPoint","urlTemplate":"https:\/\/cave-joly.ch\/?s={search_term_string}"},"query-input":{"@type":"PropertyValueSpecification","valueRequired":true,"valueName":"search_term_string"}}],"inLanguage":"de"},{"@type":"Organization","@id":"https:\/\/cave-joly.ch\/#organization","name":"Cave Jacques & Aur\u00e9lia Joly, Vignerons \u00e0 Lavaux","url":"https:\/\/cave-joly.ch\/","logo":{"@type":"ImageObject","inLanguage":"de","@id":"https:\/\/cave-joly.ch\/#\/schema\/logo\/image\/","url":"https:\/\/cave-joly.ch\/wp-content\/uploads\/2016\/01\/Logosite.png","contentUrl":"https:\/\/cave-joly.ch\/wp-content\/uploads\/2016\/01\/Logosite.png","width":319,"height":240,"caption":"Cave Jacques & Aur\u00e9lia Joly, Vignerons \u00e0 Lavaux"},"image":{"@id":"https:\/\/cave-joly.ch\/#\/schema\/logo\/image\/"},"sameAs":["https:\/\/www.facebook.com\/cavejoly","https:\/\/www.instagram.com\/cavejoly\/"]}]}},"tiered_pricing_type":"fixed","tiered_pricing_fixed_rules":[],"tiered_pricing_product_settings":{"layout":"default","base_unit_name":{"singular":null,"plural":null},"default_variation":null},"tiered_pricing_minimum_quantity":null,"tiered_pricing_roles_data":[],"tiered_pricing_percentage_rules":[],"tiered_pricing_maximum_quantity":null,"tiered_pricing_quantity_step":null,"_links":{"self":[{"href":"https:\/\/cave-joly.ch\/de\/wp-json\/wp\/v2\/product\/3416","targetHints":{"allow":["GET"]}}],"collection":[{"href":"https:\/\/cave-joly.ch\/de\/wp-json\/wp\/v2\/product"}],"about":[{"href":"https:\/\/cave-joly.ch\/de\/wp-json\/wp\/v2\/types\/product"}],"wp:featuredmedia":[{"embeddable":true,"href":"https:\/\/cave-joly.ch\/de\/wp-json\/wp\/v2\/media\/3414"}],"wp:attachment":[{"href":"https:\/\/cave-joly.ch\/de\/wp-json\/wp\/v2\/media?parent=3416"}],"wp:term":[{"taxonomy":"product_brand","embeddable":true,"href":"https:\/\/cave-joly.ch\/de\/wp-json\/wp\/v2\/product_brand?post=3416"},{"taxonomy":"product_cat","embeddable":true,"href":"https:\/\/cave-joly.ch\/de\/wp-json\/wp\/v2\/product_cat?post=3416"},{"taxonomy":"product_tag","embeddable":true,"href":"https:\/\/cave-joly.ch\/de\/wp-json\/wp\/v2\/product_tag?post=3416"}],"curies":[{"name":"wp","href":"https:\/\/api.w.org\/{rel}","templated":true}]}}