{"id":3418,"date":"2021-08-16T16:01:17","date_gmt":"2021-08-16T15:01:17","guid":{"rendered":"https:\/\/cave-joly.ch\/produit\/au-clos-aoc-villette\/"},"modified":"2022-12-30T20:30:12","modified_gmt":"2022-12-30T19:30:12","slug":"au-clos-aoc-villette","status":"publish","type":"product","link":"https:\/\/cave-joly.ch\/de\/produit\/au-clos-aoc-villette\/","title":{"rendered":"Au Clos AOC Villette"},"content":{"rendered":"","protected":false},"excerpt":{"rendered":"<p>Sie m\u00f6gen strukturierte, charakterstarke Weine? Dann werden sie unseren Chasselas Au Clos lieben! Die Trauben f\u00fcr diesen Wein gedeihen in einer sonnenverw\u00f6hnten Parzelle. Dank seiner wunderbaren Struktur und Ausgewogenheit ist er ein wahrhaft gastronomischer Wein, der perfekt zu Fischgerichten und hellem Fleisch harmoniert.<\/p>\n<p><strong>Rebsorte<\/strong>: Chasselas<br \/>\n<strong>Besonderheit<\/strong>: Aus drei verschiedenen Chasselas-Selektionen (Rotes Holz, alte Rebe und eine Sorte aus Changins).<br \/>\n<strong>Charakter<\/strong>: In der Nase Aromen von reifen Birnen mit einer sch\u00f6nen Ausgewogenheit im Mund, die durch eine sch\u00f6ne, ganz feine Struktur erg\u00e4nzt wird.<br \/>\n<strong>Empfohlen<\/strong>: Aperitif, Fischgerichte und wei\u00dfes Fleisch.<br \/>\n<strong>Temperatur<\/strong>: 10 bis 12\u00b0C.<br \/>\n<strong>Lagerung<\/strong>: 1 bis 3 Jahre<\/p>\n","protected":false},"featured_media":3410,"template":"","meta":[],"product_brand":[],"product_cat":[109],"product_tag":[],"class_list":{"0":"post-3418","1":"product","2":"type-product","3":"status-publish","4":"has-post-thumbnail","6":"product_cat-unsere-favoriten","8":"first","9":"instock","10":"shipping-taxable","11":"purchasable","12":"product-type-variable","13":"has-default-attributes"},"yoast_head":"<!-- This site is optimized with the Yoast SEO plugin v27.4 - https:\/\/yoast.com\/product\/yoast-seo-wordpress\/ -->\n<title>Au Clos AOC Villette - Cave Joly - Vignerons Encaveurs<\/title>\n<meta name=\"robots\" content=\"index, follow, max-snippet:-1, max-image-preview:large, max-video-preview:-1\" \/>\n<link rel=\"canonical\" href=\"https:\/\/cave-joly.ch\/de\/produit\/au-clos-aoc-villette\/\" \/>\n<meta property=\"og:locale\" content=\"de_DE\" \/>\n<meta property=\"og:type\" content=\"article\" \/>\n<meta property=\"og:title\" content=\"Au Clos AOC Villette - Cave Joly - Vignerons Encaveurs\" \/>\n<meta property=\"og:description\" content=\"Sie m\u00f6gen strukturierte, charakterstarke Weine? Dann werden sie unseren Chasselas Au Clos lieben! Die Trauben f\u00fcr diesen Wein gedeihen in einer sonnenverw\u00f6hnten Parzelle. Dank seiner wunderbaren Struktur und Ausgewogenheit ist er ein wahrhaft gastronomischer Wein, der perfekt zu Fischgerichten und hellem Fleisch harmoniert.  Rebsorte: Chasselas Besonderheit: Aus drei verschiedenen Chasselas-Selektionen (Rotes Holz, alte Rebe und eine Sorte aus Changins). Charakter: In der Nase Aromen von reifen Birnen mit einer sch\u00f6nen Ausgewogenheit im Mund, die durch eine sch\u00f6ne, ganz feine Struktur erg\u00e4nzt wird. Empfohlen: Aperitif, Fischgerichte und wei\u00dfes Fleisch. Temperatur: 10 bis 12\u00b0C. Lagerung: 1 bis 3 Jahre\" \/>\n<meta property=\"og:url\" content=\"https:\/\/cave-joly.ch\/de\/produit\/au-clos-aoc-villette\/\" \/>\n<meta property=\"og:site_name\" content=\"Cave Joly - Vignerons Encaveurs\" \/>\n<meta property=\"article:publisher\" content=\"https:\/\/www.facebook.com\/cavejoly\" \/>\n<meta property=\"article:modified_time\" content=\"2022-12-30T19:30:12+00:00\" \/>\n<meta property=\"og:image\" content=\"https:\/\/cave-joly.ch\/wp-content\/uploads\/2021\/08\/Au-Clos-De-Villette_MGL1429_web.jpg\" \/>\n\t<meta property=\"og:image:width\" content=\"800\" \/>\n\t<meta property=\"og:image:height\" content=\"1200\" \/>\n\t<meta property=\"og:image:type\" content=\"image\/jpeg\" \/>\n<meta name=\"twitter:card\" content=\"summary_large_image\" \/>\n<script type=\"application\/ld+json\" class=\"yoast-schema-graph\">{\"@context\":\"https:\\\/\\\/schema.org\",\"@graph\":[{\"@type\":\"WebPage\",\"@id\":\"https:\\\/\\\/cave-joly.ch\\\/de\\\/produit\\\/au-clos-aoc-villette\\\/\",\"url\":\"https:\\\/\\\/cave-joly.ch\\\/de\\\/produit\\\/au-clos-aoc-villette\\\/\",\"name\":\"Au Clos AOC Villette - Cave Joly - Vignerons Encaveurs\",\"isPartOf\":{\"@id\":\"https:\\\/\\\/cave-joly.ch\\\/#website\"},\"primaryImageOfPage\":{\"@id\":\"https:\\\/\\\/cave-joly.ch\\\/de\\\/produit\\\/au-clos-aoc-villette\\\/#primaryimage\"},\"image\":{\"@id\":\"https:\\\/\\\/cave-joly.ch\\\/de\\\/produit\\\/au-clos-aoc-villette\\\/#primaryimage\"},\"thumbnailUrl\":\"https:\\\/\\\/cave-joly.ch\\\/wp-content\\\/uploads\\\/2021\\\/08\\\/Au-Clos-De-Villette_MGL1429_web.jpg\",\"datePublished\":\"2021-08-16T15:01:17+00:00\",\"dateModified\":\"2022-12-30T19:30:12+00:00\",\"breadcrumb\":{\"@id\":\"https:\\\/\\\/cave-joly.ch\\\/de\\\/produit\\\/au-clos-aoc-villette\\\/#breadcrumb\"},\"inLanguage\":\"de\",\"potentialAction\":[{\"@type\":\"ReadAction\",\"target\":[\"https:\\\/\\\/cave-joly.ch\\\/de\\\/produit\\\/au-clos-aoc-villette\\\/\"]}]},{\"@type\":\"ImageObject\",\"inLanguage\":\"de\",\"@id\":\"https:\\\/\\\/cave-joly.ch\\\/de\\\/produit\\\/au-clos-aoc-villette\\\/#primaryimage\",\"url\":\"https:\\\/\\\/cave-joly.ch\\\/wp-content\\\/uploads\\\/2021\\\/08\\\/Au-Clos-De-Villette_MGL1429_web.jpg\",\"contentUrl\":\"https:\\\/\\\/cave-joly.ch\\\/wp-content\\\/uploads\\\/2021\\\/08\\\/Au-Clos-De-Villette_MGL1429_web.jpg\",\"width\":800,\"height\":1200},{\"@type\":\"BreadcrumbList\",\"@id\":\"https:\\\/\\\/cave-joly.ch\\\/de\\\/produit\\\/au-clos-aoc-villette\\\/#breadcrumb\",\"itemListElement\":[{\"@type\":\"ListItem\",\"position\":1,\"name\":\"Home\",\"item\":\"https:\\\/\\\/cave-joly.ch\\\/de\\\/home-de\\\/\"},{\"@type\":\"ListItem\",\"position\":2,\"name\":\"Shop\",\"item\":\"https:\\\/\\\/cave-joly.ch\\\/de\\\/boutique\\\/\"},{\"@type\":\"ListItem\",\"position\":3,\"name\":\"Au Clos AOC Villette\"}]},{\"@type\":\"WebSite\",\"@id\":\"https:\\\/\\\/cave-joly.ch\\\/#website\",\"url\":\"https:\\\/\\\/cave-joly.ch\\\/\",\"name\":\"Cave Jacques & Aur\u00e9lia Joly - Vignerons \u00e0 Lavaux\",\"description\":\"\",\"publisher\":{\"@id\":\"https:\\\/\\\/cave-joly.ch\\\/#organization\"},\"potentialAction\":[{\"@type\":\"SearchAction\",\"target\":{\"@type\":\"EntryPoint\",\"urlTemplate\":\"https:\\\/\\\/cave-joly.ch\\\/?s={search_term_string}\"},\"query-input\":{\"@type\":\"PropertyValueSpecification\",\"valueRequired\":true,\"valueName\":\"search_term_string\"}}],\"inLanguage\":\"de\"},{\"@type\":\"Organization\",\"@id\":\"https:\\\/\\\/cave-joly.ch\\\/#organization\",\"name\":\"Cave Jacques & Aur\u00e9lia Joly, Vignerons \u00e0 Lavaux\",\"url\":\"https:\\\/\\\/cave-joly.ch\\\/\",\"logo\":{\"@type\":\"ImageObject\",\"inLanguage\":\"de\",\"@id\":\"https:\\\/\\\/cave-joly.ch\\\/#\\\/schema\\\/logo\\\/image\\\/\",\"url\":\"https:\\\/\\\/cave-joly.ch\\\/wp-content\\\/uploads\\\/2016\\\/01\\\/Logosite.png\",\"contentUrl\":\"https:\\\/\\\/cave-joly.ch\\\/wp-content\\\/uploads\\\/2016\\\/01\\\/Logosite.png\",\"width\":319,\"height\":240,\"caption\":\"Cave Jacques & Aur\u00e9lia Joly, Vignerons \u00e0 Lavaux\"},\"image\":{\"@id\":\"https:\\\/\\\/cave-joly.ch\\\/#\\\/schema\\\/logo\\\/image\\\/\"},\"sameAs\":[\"https:\\\/\\\/www.facebook.com\\\/cavejoly\",\"https:\\\/\\\/www.instagram.com\\\/cavejoly\\\/\"]}]}<\/script>\n<!-- \/ Yoast SEO plugin. -->","yoast_head_json":{"title":"Au Clos AOC Villette - Cave Joly - Vignerons Encaveurs","robots":{"index":"index","follow":"follow","max-snippet":"max-snippet:-1","max-image-preview":"max-image-preview:large","max-video-preview":"max-video-preview:-1"},"canonical":"https:\/\/cave-joly.ch\/de\/produit\/au-clos-aoc-villette\/","og_locale":"de_DE","og_type":"article","og_title":"Au Clos AOC Villette - Cave Joly - Vignerons Encaveurs","og_description":"Sie m\u00f6gen strukturierte, charakterstarke Weine? Dann werden sie unseren Chasselas Au Clos lieben! Die Trauben f\u00fcr diesen Wein gedeihen in einer sonnenverw\u00f6hnten Parzelle. Dank seiner wunderbaren Struktur und Ausgewogenheit ist er ein wahrhaft gastronomischer Wein, der perfekt zu Fischgerichten und hellem Fleisch harmoniert.  Rebsorte: Chasselas Besonderheit: Aus drei verschiedenen Chasselas-Selektionen (Rotes Holz, alte Rebe und eine Sorte aus Changins). Charakter: In der Nase Aromen von reifen Birnen mit einer sch\u00f6nen Ausgewogenheit im Mund, die durch eine sch\u00f6ne, ganz feine Struktur erg\u00e4nzt wird. Empfohlen: Aperitif, Fischgerichte und wei\u00dfes Fleisch. Temperatur: 10 bis 12\u00b0C. Lagerung: 1 bis 3 Jahre","og_url":"https:\/\/cave-joly.ch\/de\/produit\/au-clos-aoc-villette\/","og_site_name":"Cave Joly - Vignerons Encaveurs","article_publisher":"https:\/\/www.facebook.com\/cavejoly","article_modified_time":"2022-12-30T19:30:12+00:00","og_image":[{"width":800,"height":1200,"url":"https:\/\/cave-joly.ch\/wp-content\/uploads\/2021\/08\/Au-Clos-De-Villette_MGL1429_web.jpg","type":"image\/jpeg"}],"twitter_card":"summary_large_image","schema":{"@context":"https:\/\/schema.org","@graph":[{"@type":"WebPage","@id":"https:\/\/cave-joly.ch\/de\/produit\/au-clos-aoc-villette\/","url":"https:\/\/cave-joly.ch\/de\/produit\/au-clos-aoc-villette\/","name":"Au Clos AOC Villette - Cave Joly - Vignerons Encaveurs","isPartOf":{"@id":"https:\/\/cave-joly.ch\/#website"},"primaryImageOfPage":{"@id":"https:\/\/cave-joly.ch\/de\/produit\/au-clos-aoc-villette\/#primaryimage"},"image":{"@id":"https:\/\/cave-joly.ch\/de\/produit\/au-clos-aoc-villette\/#primaryimage"},"thumbnailUrl":"https:\/\/cave-joly.ch\/wp-content\/uploads\/2021\/08\/Au-Clos-De-Villette_MGL1429_web.jpg","datePublished":"2021-08-16T15:01:17+00:00","dateModified":"2022-12-30T19:30:12+00:00","breadcrumb":{"@id":"https:\/\/cave-joly.ch\/de\/produit\/au-clos-aoc-villette\/#breadcrumb"},"inLanguage":"de","potentialAction":[{"@type":"ReadAction","target":["https:\/\/cave-joly.ch\/de\/produit\/au-clos-aoc-villette\/"]}]},{"@type":"ImageObject","inLanguage":"de","@id":"https:\/\/cave-joly.ch\/de\/produit\/au-clos-aoc-villette\/#primaryimage","url":"https:\/\/cave-joly.ch\/wp-content\/uploads\/2021\/08\/Au-Clos-De-Villette_MGL1429_web.jpg","contentUrl":"https:\/\/cave-joly.ch\/wp-content\/uploads\/2021\/08\/Au-Clos-De-Villette_MGL1429_web.jpg","width":800,"height":1200},{"@type":"BreadcrumbList","@id":"https:\/\/cave-joly.ch\/de\/produit\/au-clos-aoc-villette\/#breadcrumb","itemListElement":[{"@type":"ListItem","position":1,"name":"Home","item":"https:\/\/cave-joly.ch\/de\/home-de\/"},{"@type":"ListItem","position":2,"name":"Shop","item":"https:\/\/cave-joly.ch\/de\/boutique\/"},{"@type":"ListItem","position":3,"name":"Au Clos AOC Villette"}]},{"@type":"WebSite","@id":"https:\/\/cave-joly.ch\/#website","url":"https:\/\/cave-joly.ch\/","name":"Cave Jacques & Aur\u00e9lia Joly - Vignerons \u00e0 Lavaux","description":"","publisher":{"@id":"https:\/\/cave-joly.ch\/#organization"},"potentialAction":[{"@type":"SearchAction","target":{"@type":"EntryPoint","urlTemplate":"https:\/\/cave-joly.ch\/?s={search_term_string}"},"query-input":{"@type":"PropertyValueSpecification","valueRequired":true,"valueName":"search_term_string"}}],"inLanguage":"de"},{"@type":"Organization","@id":"https:\/\/cave-joly.ch\/#organization","name":"Cave Jacques & Aur\u00e9lia Joly, Vignerons \u00e0 Lavaux","url":"https:\/\/cave-joly.ch\/","logo":{"@type":"ImageObject","inLanguage":"de","@id":"https:\/\/cave-joly.ch\/#\/schema\/logo\/image\/","url":"https:\/\/cave-joly.ch\/wp-content\/uploads\/2016\/01\/Logosite.png","contentUrl":"https:\/\/cave-joly.ch\/wp-content\/uploads\/2016\/01\/Logosite.png","width":319,"height":240,"caption":"Cave Jacques & Aur\u00e9lia Joly, Vignerons \u00e0 Lavaux"},"image":{"@id":"https:\/\/cave-joly.ch\/#\/schema\/logo\/image\/"},"sameAs":["https:\/\/www.facebook.com\/cavejoly","https:\/\/www.instagram.com\/cavejoly\/"]}]}},"tiered_pricing_type":"fixed","tiered_pricing_fixed_rules":[],"tiered_pricing_product_settings":{"layout":"default","base_unit_name":{"singular":null,"plural":null},"default_variation":null},"tiered_pricing_minimum_quantity":null,"tiered_pricing_roles_data":[],"tiered_pricing_percentage_rules":[],"tiered_pricing_maximum_quantity":null,"tiered_pricing_quantity_step":null,"_links":{"self":[{"href":"https:\/\/cave-joly.ch\/de\/wp-json\/wp\/v2\/product\/3418","targetHints":{"allow":["GET"]}}],"collection":[{"href":"https:\/\/cave-joly.ch\/de\/wp-json\/wp\/v2\/product"}],"about":[{"href":"https:\/\/cave-joly.ch\/de\/wp-json\/wp\/v2\/types\/product"}],"wp:featuredmedia":[{"embeddable":true,"href":"https:\/\/cave-joly.ch\/de\/wp-json\/wp\/v2\/media\/3410"}],"wp:attachment":[{"href":"https:\/\/cave-joly.ch\/de\/wp-json\/wp\/v2\/media?parent=3418"}],"wp:term":[{"taxonomy":"product_brand","embeddable":true,"href":"https:\/\/cave-joly.ch\/de\/wp-json\/wp\/v2\/product_brand?post=3418"},{"taxonomy":"product_cat","embeddable":true,"href":"https:\/\/cave-joly.ch\/de\/wp-json\/wp\/v2\/product_cat?post=3418"},{"taxonomy":"product_tag","embeddable":true,"href":"https:\/\/cave-joly.ch\/de\/wp-json\/wp\/v2\/product_tag?post=3418"}],"curies":[{"name":"wp","href":"https:\/\/api.w.org\/{rel}","templated":true}]}}