{"id":3720,"date":"2021-11-04T10:28:21","date_gmt":"2021-11-04T09:28:21","guid":{"rendered":"https:\/\/cave-joly.ch\/boutique\/la-sauce-au-chasselas-avec-une-recette-daurelia\/"},"modified":"2026-01-27T14:44:23","modified_gmt":"2026-01-27T13:44:23","slug":"la-sauce-au-chasselas-avec-une-recette-daurelia","status":"publish","type":"product","link":"https:\/\/cave-joly.ch\/de\/produit\/la-sauce-au-chasselas-avec-une-recette-daurelia\/","title":{"rendered":"La sauce au chasselas avec une recette d\u2019Aur\u00e9lia"},"content":{"rendered":"","protected":false},"excerpt":{"rendered":"<p>Une nouveaut\u00e9 100% vaudoise de plus dans les cr\u00e9ations des recettes d\u2019Aur\u00e9lia.<\/p>\n<p>Une excellente id\u00e9e remercier des clients, valoriser un partenariat, r\u00e9compenser vos collaborateurs, ou simplement pour vous, vos amis et famille.<\/p>\n<p>Inclus dans l\u2019envoi :<\/p>\n<ul>\n<li>Une bouteille de notre Chasselas<\/li>\n<li>M\u00e9lange d\u2019\u00e9pices<\/li>\n<li>La recette d\u2019Aur\u00e9lia<\/li>\n<\/ul>\n","protected":false},"featured_media":3718,"template":"","meta":[],"product_brand":[],"product_cat":[110],"product_tag":[],"class_list":{"0":"post-3720","1":"product","2":"type-product","3":"status-publish","4":"has-post-thumbnail","6":"product_cat-entdeckungen","7":"product_shipping_class-paquets-plus-gros-que-bt-de","9":"first","10":"instock","11":"shipping-taxable","12":"purchasable","13":"product-type-simple"},"yoast_head":"<!-- This site is optimized with the Yoast SEO plugin v27.4 - https:\/\/yoast.com\/product\/yoast-seo-wordpress\/ -->\n<title>La sauce au chasselas avec une recette d\u2019Aur\u00e9lia - Cave Joly - Vignerons Encaveurs<\/title>\n<meta name=\"robots\" content=\"index, follow, max-snippet:-1, max-image-preview:large, max-video-preview:-1\" \/>\n<link rel=\"canonical\" href=\"https:\/\/cave-joly.ch\/de\/produit\/la-sauce-au-chasselas-avec-une-recette-daurelia\/\" \/>\n<meta property=\"og:locale\" content=\"de_DE\" \/>\n<meta property=\"og:type\" content=\"article\" \/>\n<meta property=\"og:title\" content=\"La sauce au chasselas avec une recette d\u2019Aur\u00e9lia - Cave Joly - Vignerons Encaveurs\" \/>\n<meta property=\"og:description\" content=\"Une nouveaut\u00e9 100% vaudoise de plus dans les cr\u00e9ations des recettes d\u2019Aur\u00e9lia.  Une excellente id\u00e9e remercier des clients, valoriser un partenariat, r\u00e9compenser vos collaborateurs, ou simplement pour vous, vos amis et famille.  Inclus dans l\u2019envoi :   Une bouteille de notre Chasselas  M\u00e9lange d\u2019\u00e9pices  La recette d\u2019Aur\u00e9lia\" \/>\n<meta property=\"og:url\" content=\"https:\/\/cave-joly.ch\/de\/produit\/la-sauce-au-chasselas-avec-une-recette-daurelia\/\" \/>\n<meta property=\"og:site_name\" content=\"Cave Joly - Vignerons Encaveurs\" \/>\n<meta property=\"article:publisher\" content=\"https:\/\/www.facebook.com\/cavejoly\" \/>\n<meta property=\"article:modified_time\" content=\"2026-01-27T13:44:23+00:00\" \/>\n<meta property=\"og:image\" content=\"https:\/\/cave-joly.ch\/wp-content\/uploads\/2021\/11\/Sauce_Chasselas_Joly7177-Carre-c-DavidBochud_web.jpg\" \/>\n\t<meta property=\"og:image:width\" content=\"1280\" \/>\n\t<meta property=\"og:image:height\" content=\"1280\" \/>\n\t<meta property=\"og:image:type\" content=\"image\/jpeg\" \/>\n<meta name=\"twitter:card\" content=\"summary_large_image\" \/>\n<script type=\"application\/ld+json\" class=\"yoast-schema-graph\">{\"@context\":\"https:\\\/\\\/schema.org\",\"@graph\":[{\"@type\":\"WebPage\",\"@id\":\"https:\\\/\\\/cave-joly.ch\\\/de\\\/produit\\\/la-sauce-au-chasselas-avec-une-recette-daurelia\\\/\",\"url\":\"https:\\\/\\\/cave-joly.ch\\\/de\\\/produit\\\/la-sauce-au-chasselas-avec-une-recette-daurelia\\\/\",\"name\":\"La sauce au chasselas avec une recette d\u2019Aur\u00e9lia - Cave Joly - Vignerons Encaveurs\",\"isPartOf\":{\"@id\":\"https:\\\/\\\/cave-joly.ch\\\/#website\"},\"primaryImageOfPage\":{\"@id\":\"https:\\\/\\\/cave-joly.ch\\\/de\\\/produit\\\/la-sauce-au-chasselas-avec-une-recette-daurelia\\\/#primaryimage\"},\"image\":{\"@id\":\"https:\\\/\\\/cave-joly.ch\\\/de\\\/produit\\\/la-sauce-au-chasselas-avec-une-recette-daurelia\\\/#primaryimage\"},\"thumbnailUrl\":\"https:\\\/\\\/cave-joly.ch\\\/wp-content\\\/uploads\\\/2021\\\/11\\\/Sauce_Chasselas_Joly7177-Carre-c-DavidBochud_web.jpg\",\"datePublished\":\"2021-11-04T09:28:21+00:00\",\"dateModified\":\"2026-01-27T13:44:23+00:00\",\"breadcrumb\":{\"@id\":\"https:\\\/\\\/cave-joly.ch\\\/de\\\/produit\\\/la-sauce-au-chasselas-avec-une-recette-daurelia\\\/#breadcrumb\"},\"inLanguage\":\"de\",\"potentialAction\":[{\"@type\":\"ReadAction\",\"target\":[\"https:\\\/\\\/cave-joly.ch\\\/de\\\/produit\\\/la-sauce-au-chasselas-avec-une-recette-daurelia\\\/\"]}]},{\"@type\":\"ImageObject\",\"inLanguage\":\"de\",\"@id\":\"https:\\\/\\\/cave-joly.ch\\\/de\\\/produit\\\/la-sauce-au-chasselas-avec-une-recette-daurelia\\\/#primaryimage\",\"url\":\"https:\\\/\\\/cave-joly.ch\\\/wp-content\\\/uploads\\\/2021\\\/11\\\/Sauce_Chasselas_Joly7177-Carre-c-DavidBochud_web.jpg\",\"contentUrl\":\"https:\\\/\\\/cave-joly.ch\\\/wp-content\\\/uploads\\\/2021\\\/11\\\/Sauce_Chasselas_Joly7177-Carre-c-DavidBochud_web.jpg\",\"width\":1280,\"height\":1280},{\"@type\":\"BreadcrumbList\",\"@id\":\"https:\\\/\\\/cave-joly.ch\\\/de\\\/produit\\\/la-sauce-au-chasselas-avec-une-recette-daurelia\\\/#breadcrumb\",\"itemListElement\":[{\"@type\":\"ListItem\",\"position\":1,\"name\":\"Home\",\"item\":\"https:\\\/\\\/cave-joly.ch\\\/de\\\/home-de\\\/\"},{\"@type\":\"ListItem\",\"position\":2,\"name\":\"Shop\",\"item\":\"https:\\\/\\\/cave-joly.ch\\\/de\\\/boutique\\\/\"},{\"@type\":\"ListItem\",\"position\":3,\"name\":\"La sauce au chasselas avec une recette d\u2019Aur\u00e9lia\"}]},{\"@type\":\"WebSite\",\"@id\":\"https:\\\/\\\/cave-joly.ch\\\/#website\",\"url\":\"https:\\\/\\\/cave-joly.ch\\\/\",\"name\":\"Cave Jacques & Aur\u00e9lia Joly - Vignerons \u00e0 Lavaux\",\"description\":\"\",\"publisher\":{\"@id\":\"https:\\\/\\\/cave-joly.ch\\\/#organization\"},\"potentialAction\":[{\"@type\":\"SearchAction\",\"target\":{\"@type\":\"EntryPoint\",\"urlTemplate\":\"https:\\\/\\\/cave-joly.ch\\\/?s={search_term_string}\"},\"query-input\":{\"@type\":\"PropertyValueSpecification\",\"valueRequired\":true,\"valueName\":\"search_term_string\"}}],\"inLanguage\":\"de\"},{\"@type\":\"Organization\",\"@id\":\"https:\\\/\\\/cave-joly.ch\\\/#organization\",\"name\":\"Cave Jacques & Aur\u00e9lia Joly, Vignerons \u00e0 Lavaux\",\"url\":\"https:\\\/\\\/cave-joly.ch\\\/\",\"logo\":{\"@type\":\"ImageObject\",\"inLanguage\":\"de\",\"@id\":\"https:\\\/\\\/cave-joly.ch\\\/#\\\/schema\\\/logo\\\/image\\\/\",\"url\":\"https:\\\/\\\/cave-joly.ch\\\/wp-content\\\/uploads\\\/2016\\\/01\\\/Logosite.png\",\"contentUrl\":\"https:\\\/\\\/cave-joly.ch\\\/wp-content\\\/uploads\\\/2016\\\/01\\\/Logosite.png\",\"width\":319,\"height\":240,\"caption\":\"Cave Jacques & Aur\u00e9lia Joly, Vignerons \u00e0 Lavaux\"},\"image\":{\"@id\":\"https:\\\/\\\/cave-joly.ch\\\/#\\\/schema\\\/logo\\\/image\\\/\"},\"sameAs\":[\"https:\\\/\\\/www.facebook.com\\\/cavejoly\",\"https:\\\/\\\/www.instagram.com\\\/cavejoly\\\/\"]}]}<\/script>\n<!-- \/ Yoast SEO plugin. -->","yoast_head_json":{"title":"La sauce au chasselas avec une recette d\u2019Aur\u00e9lia - Cave Joly - Vignerons Encaveurs","robots":{"index":"index","follow":"follow","max-snippet":"max-snippet:-1","max-image-preview":"max-image-preview:large","max-video-preview":"max-video-preview:-1"},"canonical":"https:\/\/cave-joly.ch\/de\/produit\/la-sauce-au-chasselas-avec-une-recette-daurelia\/","og_locale":"de_DE","og_type":"article","og_title":"La sauce au chasselas avec une recette d\u2019Aur\u00e9lia - Cave Joly - Vignerons Encaveurs","og_description":"Une nouveaut\u00e9 100% vaudoise de plus dans les cr\u00e9ations des recettes d\u2019Aur\u00e9lia.  Une excellente id\u00e9e remercier des clients, valoriser un partenariat, r\u00e9compenser vos collaborateurs, ou simplement pour vous, vos amis et famille.  Inclus dans l\u2019envoi :   Une bouteille de notre Chasselas  M\u00e9lange d\u2019\u00e9pices  La recette d\u2019Aur\u00e9lia","og_url":"https:\/\/cave-joly.ch\/de\/produit\/la-sauce-au-chasselas-avec-une-recette-daurelia\/","og_site_name":"Cave Joly - Vignerons Encaveurs","article_publisher":"https:\/\/www.facebook.com\/cavejoly","article_modified_time":"2026-01-27T13:44:23+00:00","og_image":[{"width":1280,"height":1280,"url":"https:\/\/cave-joly.ch\/wp-content\/uploads\/2021\/11\/Sauce_Chasselas_Joly7177-Carre-c-DavidBochud_web.jpg","type":"image\/jpeg"}],"twitter_card":"summary_large_image","schema":{"@context":"https:\/\/schema.org","@graph":[{"@type":"WebPage","@id":"https:\/\/cave-joly.ch\/de\/produit\/la-sauce-au-chasselas-avec-une-recette-daurelia\/","url":"https:\/\/cave-joly.ch\/de\/produit\/la-sauce-au-chasselas-avec-une-recette-daurelia\/","name":"La sauce au chasselas avec une recette d\u2019Aur\u00e9lia - Cave Joly - Vignerons Encaveurs","isPartOf":{"@id":"https:\/\/cave-joly.ch\/#website"},"primaryImageOfPage":{"@id":"https:\/\/cave-joly.ch\/de\/produit\/la-sauce-au-chasselas-avec-une-recette-daurelia\/#primaryimage"},"image":{"@id":"https:\/\/cave-joly.ch\/de\/produit\/la-sauce-au-chasselas-avec-une-recette-daurelia\/#primaryimage"},"thumbnailUrl":"https:\/\/cave-joly.ch\/wp-content\/uploads\/2021\/11\/Sauce_Chasselas_Joly7177-Carre-c-DavidBochud_web.jpg","datePublished":"2021-11-04T09:28:21+00:00","dateModified":"2026-01-27T13:44:23+00:00","breadcrumb":{"@id":"https:\/\/cave-joly.ch\/de\/produit\/la-sauce-au-chasselas-avec-une-recette-daurelia\/#breadcrumb"},"inLanguage":"de","potentialAction":[{"@type":"ReadAction","target":["https:\/\/cave-joly.ch\/de\/produit\/la-sauce-au-chasselas-avec-une-recette-daurelia\/"]}]},{"@type":"ImageObject","inLanguage":"de","@id":"https:\/\/cave-joly.ch\/de\/produit\/la-sauce-au-chasselas-avec-une-recette-daurelia\/#primaryimage","url":"https:\/\/cave-joly.ch\/wp-content\/uploads\/2021\/11\/Sauce_Chasselas_Joly7177-Carre-c-DavidBochud_web.jpg","contentUrl":"https:\/\/cave-joly.ch\/wp-content\/uploads\/2021\/11\/Sauce_Chasselas_Joly7177-Carre-c-DavidBochud_web.jpg","width":1280,"height":1280},{"@type":"BreadcrumbList","@id":"https:\/\/cave-joly.ch\/de\/produit\/la-sauce-au-chasselas-avec-une-recette-daurelia\/#breadcrumb","itemListElement":[{"@type":"ListItem","position":1,"name":"Home","item":"https:\/\/cave-joly.ch\/de\/home-de\/"},{"@type":"ListItem","position":2,"name":"Shop","item":"https:\/\/cave-joly.ch\/de\/boutique\/"},{"@type":"ListItem","position":3,"name":"La sauce au chasselas avec une recette d\u2019Aur\u00e9lia"}]},{"@type":"WebSite","@id":"https:\/\/cave-joly.ch\/#website","url":"https:\/\/cave-joly.ch\/","name":"Cave Jacques & Aur\u00e9lia Joly - Vignerons \u00e0 Lavaux","description":"","publisher":{"@id":"https:\/\/cave-joly.ch\/#organization"},"potentialAction":[{"@type":"SearchAction","target":{"@type":"EntryPoint","urlTemplate":"https:\/\/cave-joly.ch\/?s={search_term_string}"},"query-input":{"@type":"PropertyValueSpecification","valueRequired":true,"valueName":"search_term_string"}}],"inLanguage":"de"},{"@type":"Organization","@id":"https:\/\/cave-joly.ch\/#organization","name":"Cave Jacques & Aur\u00e9lia Joly, Vignerons \u00e0 Lavaux","url":"https:\/\/cave-joly.ch\/","logo":{"@type":"ImageObject","inLanguage":"de","@id":"https:\/\/cave-joly.ch\/#\/schema\/logo\/image\/","url":"https:\/\/cave-joly.ch\/wp-content\/uploads\/2016\/01\/Logosite.png","contentUrl":"https:\/\/cave-joly.ch\/wp-content\/uploads\/2016\/01\/Logosite.png","width":319,"height":240,"caption":"Cave Jacques & Aur\u00e9lia Joly, Vignerons \u00e0 Lavaux"},"image":{"@id":"https:\/\/cave-joly.ch\/#\/schema\/logo\/image\/"},"sameAs":["https:\/\/www.facebook.com\/cavejoly","https:\/\/www.instagram.com\/cavejoly\/"]}]}},"tiered_pricing_type":"fixed","tiered_pricing_fixed_rules":[],"tiered_pricing_product_settings":{"layout":"default","base_unit_name":{"singular":null,"plural":null},"default_variation":null},"tiered_pricing_minimum_quantity":null,"tiered_pricing_roles_data":[],"tiered_pricing_percentage_rules":[],"tiered_pricing_maximum_quantity":null,"tiered_pricing_quantity_step":null,"_links":{"self":[{"href":"https:\/\/cave-joly.ch\/de\/wp-json\/wp\/v2\/product\/3720","targetHints":{"allow":["GET"]}}],"collection":[{"href":"https:\/\/cave-joly.ch\/de\/wp-json\/wp\/v2\/product"}],"about":[{"href":"https:\/\/cave-joly.ch\/de\/wp-json\/wp\/v2\/types\/product"}],"wp:featuredmedia":[{"embeddable":true,"href":"https:\/\/cave-joly.ch\/de\/wp-json\/wp\/v2\/media\/3718"}],"wp:attachment":[{"href":"https:\/\/cave-joly.ch\/de\/wp-json\/wp\/v2\/media?parent=3720"}],"wp:term":[{"taxonomy":"product_brand","embeddable":true,"href":"https:\/\/cave-joly.ch\/de\/wp-json\/wp\/v2\/product_brand?post=3720"},{"taxonomy":"product_cat","embeddable":true,"href":"https:\/\/cave-joly.ch\/de\/wp-json\/wp\/v2\/product_cat?post=3720"},{"taxonomy":"product_tag","embeddable":true,"href":"https:\/\/cave-joly.ch\/de\/wp-json\/wp\/v2\/product_tag?post=3720"}],"curies":[{"name":"wp","href":"https:\/\/api.w.org\/{rel}","templated":true}]}}