{"id":4810,"date":"2023-01-05T09:46:14","date_gmt":"2023-01-05T08:46:14","guid":{"rendered":"https:\/\/cave-joly.ch\/produit\/cuvee-72-blanc-aoc-vaud\/"},"modified":"2024-03-08T13:39:24","modified_gmt":"2024-03-08T12:39:24","slug":"cuvee-72-blanc-aoc-vaud","status":"publish","type":"product","link":"https:\/\/cave-joly.ch\/de\/produit\/cuvee-72-blanc-aoc-vaud\/","title":{"rendered":"72 Blanc AOC Lavaux"},"content":{"rendered":"","protected":false},"excerpt":{"rendered":"<p>F\u00fcr diese im Keller bearbeitete Assemblage haben wir eine Basis aus Chasselas gew\u00e4hlt und mit einem Hauch von Pinot Gris verfeinert, um ein besonders zartes Ergebnis zu erzielen. Diese Zusammenstellung markiert die Gl\u00fcckszahl von Jacques und Aur\u00e9lia.<\/p>\n<p><strong>Rebsorte:<\/strong> Chasselas, Pinot Gris<br \/>\n<strong>Besonderheit:<\/strong> Die Mischung aus Chasselas und Pinot Gris schafft ein harmonisches Gleichgewicht zwischen Frische und S\u00fc\u00dfe.<br \/>\n<strong>Charakter:<\/strong> Die fruchtigen Noten werden verst\u00e4rkt und bieten reiche und verf\u00fchrerische Aromen.<br \/>\n<strong>Empfohlen f\u00fcr:<\/strong> Aperitif, Vorspeisen, wei\u00dfes Fleisch<br \/>\n<strong>Temperatur:<\/strong> 10 bis 12\u00b0C<br \/>\n<strong>Lagerung:<\/strong> 1 bis 3 Jahre<\/p>\n","protected":false},"featured_media":4799,"template":"","meta":[],"product_brand":[],"product_cat":[109],"product_tag":[],"class_list":{"0":"post-4810","1":"product","2":"type-product","3":"status-publish","4":"has-post-thumbnail","6":"product_cat-unsere-favoriten","8":"first","9":"instock","10":"shipping-taxable","11":"purchasable","12":"product-type-simple"},"yoast_head":"<!-- This site is optimized with the Yoast SEO plugin v27.4 - https:\/\/yoast.com\/product\/yoast-seo-wordpress\/ -->\n<title>72 Blanc AOC Lavaux - Cave Joly - Vignerons Encaveurs<\/title>\n<meta name=\"robots\" content=\"index, follow, max-snippet:-1, max-image-preview:large, max-video-preview:-1\" \/>\n<link rel=\"canonical\" href=\"https:\/\/cave-joly.ch\/de\/produit\/cuvee-72-blanc-aoc-vaud\/\" \/>\n<meta property=\"og:locale\" content=\"de_DE\" \/>\n<meta property=\"og:type\" content=\"article\" \/>\n<meta property=\"og:title\" content=\"72 Blanc AOC Lavaux - Cave Joly - Vignerons Encaveurs\" \/>\n<meta property=\"og:description\" content=\"F\u00fcr diese im Keller bearbeitete Assemblage haben wir eine Basis aus Chasselas gew\u00e4hlt und mit einem Hauch von Pinot Gris verfeinert, um ein besonders zartes Ergebnis zu erzielen. Diese Zusammenstellung markiert die Gl\u00fcckszahl von Jacques und Aur\u00e9lia.  Rebsorte: Chasselas, Pinot Gris Besonderheit: Die Mischung aus Chasselas und Pinot Gris schafft ein harmonisches Gleichgewicht zwischen Frische und S\u00fc\u00dfe. Charakter: Die fruchtigen Noten werden verst\u00e4rkt und bieten reiche und verf\u00fchrerische Aromen. Empfohlen f\u00fcr: Aperitif, Vorspeisen, wei\u00dfes Fleisch Temperatur: 10 bis 12\u00b0C Lagerung: 1 bis 3 Jahre\" \/>\n<meta property=\"og:url\" content=\"https:\/\/cave-joly.ch\/de\/produit\/cuvee-72-blanc-aoc-vaud\/\" \/>\n<meta property=\"og:site_name\" content=\"Cave Joly - Vignerons Encaveurs\" \/>\n<meta property=\"article:publisher\" content=\"https:\/\/www.facebook.com\/cavejoly\" \/>\n<meta property=\"article:modified_time\" content=\"2024-03-08T12:39:24+00:00\" \/>\n<meta property=\"og:image\" content=\"https:\/\/cave-joly.ch\/wp-content\/uploads\/2023\/01\/72_blanc-scaled.jpg\" \/>\n\t<meta property=\"og:image:width\" content=\"1706\" \/>\n\t<meta property=\"og:image:height\" content=\"2560\" \/>\n\t<meta property=\"og:image:type\" content=\"image\/jpeg\" \/>\n<meta name=\"twitter:card\" content=\"summary_large_image\" \/>\n<script type=\"application\/ld+json\" class=\"yoast-schema-graph\">{\"@context\":\"https:\\\/\\\/schema.org\",\"@graph\":[{\"@type\":\"WebPage\",\"@id\":\"https:\\\/\\\/cave-joly.ch\\\/de\\\/produit\\\/cuvee-72-blanc-aoc-vaud\\\/\",\"url\":\"https:\\\/\\\/cave-joly.ch\\\/de\\\/produit\\\/cuvee-72-blanc-aoc-vaud\\\/\",\"name\":\"72 Blanc AOC Lavaux - Cave Joly - Vignerons Encaveurs\",\"isPartOf\":{\"@id\":\"https:\\\/\\\/cave-joly.ch\\\/#website\"},\"primaryImageOfPage\":{\"@id\":\"https:\\\/\\\/cave-joly.ch\\\/de\\\/produit\\\/cuvee-72-blanc-aoc-vaud\\\/#primaryimage\"},\"image\":{\"@id\":\"https:\\\/\\\/cave-joly.ch\\\/de\\\/produit\\\/cuvee-72-blanc-aoc-vaud\\\/#primaryimage\"},\"thumbnailUrl\":\"https:\\\/\\\/cave-joly.ch\\\/wp-content\\\/uploads\\\/2023\\\/01\\\/72_blanc-scaled.jpg\",\"datePublished\":\"2023-01-05T08:46:14+00:00\",\"dateModified\":\"2024-03-08T12:39:24+00:00\",\"breadcrumb\":{\"@id\":\"https:\\\/\\\/cave-joly.ch\\\/de\\\/produit\\\/cuvee-72-blanc-aoc-vaud\\\/#breadcrumb\"},\"inLanguage\":\"de\",\"potentialAction\":[{\"@type\":\"ReadAction\",\"target\":[\"https:\\\/\\\/cave-joly.ch\\\/de\\\/produit\\\/cuvee-72-blanc-aoc-vaud\\\/\"]}]},{\"@type\":\"ImageObject\",\"inLanguage\":\"de\",\"@id\":\"https:\\\/\\\/cave-joly.ch\\\/de\\\/produit\\\/cuvee-72-blanc-aoc-vaud\\\/#primaryimage\",\"url\":\"https:\\\/\\\/cave-joly.ch\\\/wp-content\\\/uploads\\\/2023\\\/01\\\/72_blanc-scaled.jpg\",\"contentUrl\":\"https:\\\/\\\/cave-joly.ch\\\/wp-content\\\/uploads\\\/2023\\\/01\\\/72_blanc-scaled.jpg\",\"width\":1706,\"height\":2560},{\"@type\":\"BreadcrumbList\",\"@id\":\"https:\\\/\\\/cave-joly.ch\\\/de\\\/produit\\\/cuvee-72-blanc-aoc-vaud\\\/#breadcrumb\",\"itemListElement\":[{\"@type\":\"ListItem\",\"position\":1,\"name\":\"Home\",\"item\":\"https:\\\/\\\/cave-joly.ch\\\/de\\\/home-de\\\/\"},{\"@type\":\"ListItem\",\"position\":2,\"name\":\"Shop\",\"item\":\"https:\\\/\\\/cave-joly.ch\\\/de\\\/boutique\\\/\"},{\"@type\":\"ListItem\",\"position\":3,\"name\":\"72 Blanc AOC Lavaux\"}]},{\"@type\":\"WebSite\",\"@id\":\"https:\\\/\\\/cave-joly.ch\\\/#website\",\"url\":\"https:\\\/\\\/cave-joly.ch\\\/\",\"name\":\"Cave Jacques & Aur\u00e9lia Joly - Vignerons \u00e0 Lavaux\",\"description\":\"\",\"publisher\":{\"@id\":\"https:\\\/\\\/cave-joly.ch\\\/#organization\"},\"potentialAction\":[{\"@type\":\"SearchAction\",\"target\":{\"@type\":\"EntryPoint\",\"urlTemplate\":\"https:\\\/\\\/cave-joly.ch\\\/?s={search_term_string}\"},\"query-input\":{\"@type\":\"PropertyValueSpecification\",\"valueRequired\":true,\"valueName\":\"search_term_string\"}}],\"inLanguage\":\"de\"},{\"@type\":\"Organization\",\"@id\":\"https:\\\/\\\/cave-joly.ch\\\/#organization\",\"name\":\"Cave Jacques & Aur\u00e9lia Joly, Vignerons \u00e0 Lavaux\",\"url\":\"https:\\\/\\\/cave-joly.ch\\\/\",\"logo\":{\"@type\":\"ImageObject\",\"inLanguage\":\"de\",\"@id\":\"https:\\\/\\\/cave-joly.ch\\\/#\\\/schema\\\/logo\\\/image\\\/\",\"url\":\"https:\\\/\\\/cave-joly.ch\\\/wp-content\\\/uploads\\\/2016\\\/01\\\/Logosite.png\",\"contentUrl\":\"https:\\\/\\\/cave-joly.ch\\\/wp-content\\\/uploads\\\/2016\\\/01\\\/Logosite.png\",\"width\":319,\"height\":240,\"caption\":\"Cave Jacques & Aur\u00e9lia Joly, Vignerons \u00e0 Lavaux\"},\"image\":{\"@id\":\"https:\\\/\\\/cave-joly.ch\\\/#\\\/schema\\\/logo\\\/image\\\/\"},\"sameAs\":[\"https:\\\/\\\/www.facebook.com\\\/cavejoly\",\"https:\\\/\\\/www.instagram.com\\\/cavejoly\\\/\"]}]}<\/script>\n<!-- \/ Yoast SEO plugin. -->","yoast_head_json":{"title":"72 Blanc AOC Lavaux - Cave Joly - Vignerons Encaveurs","robots":{"index":"index","follow":"follow","max-snippet":"max-snippet:-1","max-image-preview":"max-image-preview:large","max-video-preview":"max-video-preview:-1"},"canonical":"https:\/\/cave-joly.ch\/de\/produit\/cuvee-72-blanc-aoc-vaud\/","og_locale":"de_DE","og_type":"article","og_title":"72 Blanc AOC Lavaux - Cave Joly - Vignerons Encaveurs","og_description":"F\u00fcr diese im Keller bearbeitete Assemblage haben wir eine Basis aus Chasselas gew\u00e4hlt und mit einem Hauch von Pinot Gris verfeinert, um ein besonders zartes Ergebnis zu erzielen. Diese Zusammenstellung markiert die Gl\u00fcckszahl von Jacques und Aur\u00e9lia.  Rebsorte: Chasselas, Pinot Gris Besonderheit: Die Mischung aus Chasselas und Pinot Gris schafft ein harmonisches Gleichgewicht zwischen Frische und S\u00fc\u00dfe. Charakter: Die fruchtigen Noten werden verst\u00e4rkt und bieten reiche und verf\u00fchrerische Aromen. Empfohlen f\u00fcr: Aperitif, Vorspeisen, wei\u00dfes Fleisch Temperatur: 10 bis 12\u00b0C Lagerung: 1 bis 3 Jahre","og_url":"https:\/\/cave-joly.ch\/de\/produit\/cuvee-72-blanc-aoc-vaud\/","og_site_name":"Cave Joly - Vignerons Encaveurs","article_publisher":"https:\/\/www.facebook.com\/cavejoly","article_modified_time":"2024-03-08T12:39:24+00:00","og_image":[{"width":1706,"height":2560,"url":"https:\/\/cave-joly.ch\/wp-content\/uploads\/2023\/01\/72_blanc-scaled.jpg","type":"image\/jpeg"}],"twitter_card":"summary_large_image","schema":{"@context":"https:\/\/schema.org","@graph":[{"@type":"WebPage","@id":"https:\/\/cave-joly.ch\/de\/produit\/cuvee-72-blanc-aoc-vaud\/","url":"https:\/\/cave-joly.ch\/de\/produit\/cuvee-72-blanc-aoc-vaud\/","name":"72 Blanc AOC Lavaux - Cave Joly - Vignerons Encaveurs","isPartOf":{"@id":"https:\/\/cave-joly.ch\/#website"},"primaryImageOfPage":{"@id":"https:\/\/cave-joly.ch\/de\/produit\/cuvee-72-blanc-aoc-vaud\/#primaryimage"},"image":{"@id":"https:\/\/cave-joly.ch\/de\/produit\/cuvee-72-blanc-aoc-vaud\/#primaryimage"},"thumbnailUrl":"https:\/\/cave-joly.ch\/wp-content\/uploads\/2023\/01\/72_blanc-scaled.jpg","datePublished":"2023-01-05T08:46:14+00:00","dateModified":"2024-03-08T12:39:24+00:00","breadcrumb":{"@id":"https:\/\/cave-joly.ch\/de\/produit\/cuvee-72-blanc-aoc-vaud\/#breadcrumb"},"inLanguage":"de","potentialAction":[{"@type":"ReadAction","target":["https:\/\/cave-joly.ch\/de\/produit\/cuvee-72-blanc-aoc-vaud\/"]}]},{"@type":"ImageObject","inLanguage":"de","@id":"https:\/\/cave-joly.ch\/de\/produit\/cuvee-72-blanc-aoc-vaud\/#primaryimage","url":"https:\/\/cave-joly.ch\/wp-content\/uploads\/2023\/01\/72_blanc-scaled.jpg","contentUrl":"https:\/\/cave-joly.ch\/wp-content\/uploads\/2023\/01\/72_blanc-scaled.jpg","width":1706,"height":2560},{"@type":"BreadcrumbList","@id":"https:\/\/cave-joly.ch\/de\/produit\/cuvee-72-blanc-aoc-vaud\/#breadcrumb","itemListElement":[{"@type":"ListItem","position":1,"name":"Home","item":"https:\/\/cave-joly.ch\/de\/home-de\/"},{"@type":"ListItem","position":2,"name":"Shop","item":"https:\/\/cave-joly.ch\/de\/boutique\/"},{"@type":"ListItem","position":3,"name":"72 Blanc AOC Lavaux"}]},{"@type":"WebSite","@id":"https:\/\/cave-joly.ch\/#website","url":"https:\/\/cave-joly.ch\/","name":"Cave Jacques & Aur\u00e9lia Joly - Vignerons \u00e0 Lavaux","description":"","publisher":{"@id":"https:\/\/cave-joly.ch\/#organization"},"potentialAction":[{"@type":"SearchAction","target":{"@type":"EntryPoint","urlTemplate":"https:\/\/cave-joly.ch\/?s={search_term_string}"},"query-input":{"@type":"PropertyValueSpecification","valueRequired":true,"valueName":"search_term_string"}}],"inLanguage":"de"},{"@type":"Organization","@id":"https:\/\/cave-joly.ch\/#organization","name":"Cave Jacques & Aur\u00e9lia Joly, Vignerons \u00e0 Lavaux","url":"https:\/\/cave-joly.ch\/","logo":{"@type":"ImageObject","inLanguage":"de","@id":"https:\/\/cave-joly.ch\/#\/schema\/logo\/image\/","url":"https:\/\/cave-joly.ch\/wp-content\/uploads\/2016\/01\/Logosite.png","contentUrl":"https:\/\/cave-joly.ch\/wp-content\/uploads\/2016\/01\/Logosite.png","width":319,"height":240,"caption":"Cave Jacques & Aur\u00e9lia Joly, Vignerons \u00e0 Lavaux"},"image":{"@id":"https:\/\/cave-joly.ch\/#\/schema\/logo\/image\/"},"sameAs":["https:\/\/www.facebook.com\/cavejoly","https:\/\/www.instagram.com\/cavejoly\/"]}]}},"tiered_pricing_type":"fixed","tiered_pricing_fixed_rules":[],"tiered_pricing_product_settings":{"layout":"default","base_unit_name":{"singular":null,"plural":null},"default_variation":null},"tiered_pricing_minimum_quantity":null,"tiered_pricing_roles_data":[],"tiered_pricing_percentage_rules":[],"tiered_pricing_maximum_quantity":null,"tiered_pricing_quantity_step":null,"_links":{"self":[{"href":"https:\/\/cave-joly.ch\/de\/wp-json\/wp\/v2\/product\/4810","targetHints":{"allow":["GET"]}}],"collection":[{"href":"https:\/\/cave-joly.ch\/de\/wp-json\/wp\/v2\/product"}],"about":[{"href":"https:\/\/cave-joly.ch\/de\/wp-json\/wp\/v2\/types\/product"}],"wp:featuredmedia":[{"embeddable":true,"href":"https:\/\/cave-joly.ch\/de\/wp-json\/wp\/v2\/media\/4799"}],"wp:attachment":[{"href":"https:\/\/cave-joly.ch\/de\/wp-json\/wp\/v2\/media?parent=4810"}],"wp:term":[{"taxonomy":"product_brand","embeddable":true,"href":"https:\/\/cave-joly.ch\/de\/wp-json\/wp\/v2\/product_brand?post=4810"},{"taxonomy":"product_cat","embeddable":true,"href":"https:\/\/cave-joly.ch\/de\/wp-json\/wp\/v2\/product_cat?post=4810"},{"taxonomy":"product_tag","embeddable":true,"href":"https:\/\/cave-joly.ch\/de\/wp-json\/wp\/v2\/product_tag?post=4810"}],"curies":[{"name":"wp","href":"https:\/\/api.w.org\/{rel}","templated":true}]}}