{"id":542,"date":"2016-08-29T08:36:29","date_gmt":"2016-08-29T07:36:29","guid":{"rendered":"http:\/\/cave-joly.ch\/de\/weinshop\/larpent-copie\/"},"modified":"2024-03-08T13:20:18","modified_gmt":"2024-03-08T12:20:18","slug":"merveilleux-villette-lavaux-70cl-2","status":"publish","type":"product","link":"https:\/\/cave-joly.ch\/de\/produit\/merveilleux-villette-lavaux-70cl-2\/","title":{"rendered":"&#8220;Le Merveilleux&#8221; Villette AOC Lavaux"},"content":{"rendered":"","protected":false},"excerpt":{"rendered":"<p class=\"p1\">Zeichnet sich durch seine intensiven Noten von schwarzen Beeren aus, insbesondere der Kirsche. Durch den klassischen Ausbau im Stahltank entwickelt die Assemblage von Diolinoir und Gamaret eine intensive fruchtige Note. Passt besonders gut zu Fleischgerichten.<\/p>\n<p><strong>Rebsorte<\/strong>: Diolinoir, Gamaret<br \/>\n<strong>Besonderheit<\/strong>: Die Rebsorte Diolinoir ist eine Kreuzung zwischen Robin Noir und Pinot Noir. Der Gamaret ist ebenfalls eine Kreuzung aus zwei Sorten, beide wurden im Jahr 1970 in Pully kreiert.<br \/>\nInteressante Rebsorten f\u00fcr die Assemblage.<br \/>\n<strong>Charakter<\/strong>: Wein in Rubinrotem Kleid mit violettem Glanz, lebhafte Aromen von schwarzen Fr\u00fcchten.<br \/>\nAm Gaumen eine sch\u00f6ne, ausgewogene Struktur, mit weichen und geschmeidigen Tanninen.<br \/>\n<strong>Empfehlung<\/strong>: Hauptgang, Rotes Fleisch, Wild, Hart- und Weichk\u00e4se<br \/>\n<strong>Temperatur<\/strong>: 13 bis 15\u00b0 C<br \/>\n<strong>Haltbarkeit<\/strong>: 4 bis 6 Jahre, gutes Alterungspotenzial<\/p>\n","protected":false},"featured_media":1001,"template":"","meta":[],"product_brand":[],"product_cat":[113],"product_tag":[],"class_list":{"0":"post-542","1":"product","2":"type-product","3":"status-publish","4":"has-post-thumbnail","6":"product_cat-unsere-klassiker","8":"first","9":"instock","10":"shipping-taxable","11":"purchasable","12":"product-type-variable","13":"has-default-attributes"},"yoast_head":"<!-- This site is optimized with the Yoast SEO plugin v27.3 - https:\/\/yoast.com\/product\/yoast-seo-wordpress\/ -->\n<title>&quot;Le Merveilleux&quot; Villette AOC Lavaux - Cave Joly - Vignerons Encaveurs<\/title>\n<meta name=\"robots\" content=\"index, follow, max-snippet:-1, max-image-preview:large, max-video-preview:-1\" \/>\n<link rel=\"canonical\" href=\"https:\/\/cave-joly.ch\/de\/produit\/merveilleux-villette-lavaux-70cl-2\/\" \/>\n<meta property=\"og:locale\" content=\"de_DE\" \/>\n<meta property=\"og:type\" content=\"article\" \/>\n<meta property=\"og:title\" content=\"&quot;Le Merveilleux&quot; Villette AOC Lavaux - Cave Joly - Vignerons Encaveurs\" \/>\n<meta property=\"og:description\" content=\"Zeichnet sich durch seine intensiven Noten von schwarzen Beeren aus, insbesondere der Kirsche. Durch den klassischen Ausbau im Stahltank entwickelt die Assemblage von Diolinoir und Gamaret eine intensive fruchtige Note. Passt besonders gut zu Fleischgerichten. Rebsorte: Diolinoir, Gamaret Besonderheit: Die Rebsorte Diolinoir ist eine Kreuzung zwischen Robin Noir und Pinot Noir. Der Gamaret ist ebenfalls eine Kreuzung aus zwei Sorten, beide wurden im Jahr 1970 in Pully kreiert. Interessante Rebsorten f\u00fcr die Assemblage. Charakter: Wein in Rubinrotem Kleid mit violettem Glanz, lebhafte Aromen von schwarzen Fr\u00fcchten. Am Gaumen eine sch\u00f6ne, ausgewogene Struktur, mit weichen und geschmeidigen Tanninen. Empfehlung: Hauptgang, Rotes Fleisch, Wild, Hart- und Weichk\u00e4se Temperatur: 13 bis 15\u00b0 C Haltbarkeit: 4 bis 6 Jahre, gutes Alterungspotenzial\" \/>\n<meta property=\"og:url\" content=\"https:\/\/cave-joly.ch\/de\/produit\/merveilleux-villette-lavaux-70cl-2\/\" \/>\n<meta property=\"og:site_name\" content=\"Cave Joly - Vignerons Encaveurs\" \/>\n<meta property=\"article:publisher\" content=\"https:\/\/www.facebook.com\/cavejoly\" \/>\n<meta property=\"article:modified_time\" content=\"2024-03-08T12:20:18+00:00\" \/>\n<meta property=\"og:image\" content=\"https:\/\/cave-joly.ch\/wp-content\/uploads\/2016\/08\/merveilleux_2018.jpeg\" \/>\n\t<meta property=\"og:image:width\" content=\"1708\" \/>\n\t<meta property=\"og:image:height\" content=\"2562\" \/>\n\t<meta property=\"og:image:type\" content=\"image\/jpeg\" \/>\n<meta name=\"twitter:card\" content=\"summary_large_image\" \/>\n<script type=\"application\/ld+json\" class=\"yoast-schema-graph\">{\"@context\":\"https:\\\/\\\/schema.org\",\"@graph\":[{\"@type\":\"WebPage\",\"@id\":\"https:\\\/\\\/cave-joly.ch\\\/de\\\/produit\\\/merveilleux-villette-lavaux-70cl-2\\\/\",\"url\":\"https:\\\/\\\/cave-joly.ch\\\/de\\\/produit\\\/merveilleux-villette-lavaux-70cl-2\\\/\",\"name\":\"\\\"Le Merveilleux\\\" Villette AOC Lavaux - Cave Joly - Vignerons Encaveurs\",\"isPartOf\":{\"@id\":\"https:\\\/\\\/cave-joly.ch\\\/#website\"},\"primaryImageOfPage\":{\"@id\":\"https:\\\/\\\/cave-joly.ch\\\/de\\\/produit\\\/merveilleux-villette-lavaux-70cl-2\\\/#primaryimage\"},\"image\":{\"@id\":\"https:\\\/\\\/cave-joly.ch\\\/de\\\/produit\\\/merveilleux-villette-lavaux-70cl-2\\\/#primaryimage\"},\"thumbnailUrl\":\"https:\\\/\\\/cave-joly.ch\\\/wp-content\\\/uploads\\\/2016\\\/08\\\/merveilleux_2018.jpeg\",\"datePublished\":\"2016-08-29T07:36:29+00:00\",\"dateModified\":\"2024-03-08T12:20:18+00:00\",\"breadcrumb\":{\"@id\":\"https:\\\/\\\/cave-joly.ch\\\/de\\\/produit\\\/merveilleux-villette-lavaux-70cl-2\\\/#breadcrumb\"},\"inLanguage\":\"de\",\"potentialAction\":[{\"@type\":\"ReadAction\",\"target\":[\"https:\\\/\\\/cave-joly.ch\\\/de\\\/produit\\\/merveilleux-villette-lavaux-70cl-2\\\/\"]}]},{\"@type\":\"ImageObject\",\"inLanguage\":\"de\",\"@id\":\"https:\\\/\\\/cave-joly.ch\\\/de\\\/produit\\\/merveilleux-villette-lavaux-70cl-2\\\/#primaryimage\",\"url\":\"https:\\\/\\\/cave-joly.ch\\\/wp-content\\\/uploads\\\/2016\\\/08\\\/merveilleux_2018.jpeg\",\"contentUrl\":\"https:\\\/\\\/cave-joly.ch\\\/wp-content\\\/uploads\\\/2016\\\/08\\\/merveilleux_2018.jpeg\",\"width\":1708,\"height\":2562},{\"@type\":\"BreadcrumbList\",\"@id\":\"https:\\\/\\\/cave-joly.ch\\\/de\\\/produit\\\/merveilleux-villette-lavaux-70cl-2\\\/#breadcrumb\",\"itemListElement\":[{\"@type\":\"ListItem\",\"position\":1,\"name\":\"Home\",\"item\":\"https:\\\/\\\/cave-joly.ch\\\/de\\\/home-de\\\/\"},{\"@type\":\"ListItem\",\"position\":2,\"name\":\"Shop\",\"item\":\"https:\\\/\\\/cave-joly.ch\\\/de\\\/boutique\\\/\"},{\"@type\":\"ListItem\",\"position\":3,\"name\":\"&#8220;Le Merveilleux&#8221; Villette AOC Lavaux\"}]},{\"@type\":\"WebSite\",\"@id\":\"https:\\\/\\\/cave-joly.ch\\\/#website\",\"url\":\"https:\\\/\\\/cave-joly.ch\\\/\",\"name\":\"Cave Jacques & Aur\u00e9lia Joly - Vignerons \u00e0 Lavaux\",\"description\":\"\",\"publisher\":{\"@id\":\"https:\\\/\\\/cave-joly.ch\\\/#organization\"},\"potentialAction\":[{\"@type\":\"SearchAction\",\"target\":{\"@type\":\"EntryPoint\",\"urlTemplate\":\"https:\\\/\\\/cave-joly.ch\\\/?s={search_term_string}\"},\"query-input\":{\"@type\":\"PropertyValueSpecification\",\"valueRequired\":true,\"valueName\":\"search_term_string\"}}],\"inLanguage\":\"de\"},{\"@type\":\"Organization\",\"@id\":\"https:\\\/\\\/cave-joly.ch\\\/#organization\",\"name\":\"Cave Jacques & Aur\u00e9lia Joly, Vignerons \u00e0 Lavaux\",\"url\":\"https:\\\/\\\/cave-joly.ch\\\/\",\"logo\":{\"@type\":\"ImageObject\",\"inLanguage\":\"de\",\"@id\":\"https:\\\/\\\/cave-joly.ch\\\/#\\\/schema\\\/logo\\\/image\\\/\",\"url\":\"https:\\\/\\\/cave-joly.ch\\\/wp-content\\\/uploads\\\/2016\\\/01\\\/Logosite.png\",\"contentUrl\":\"https:\\\/\\\/cave-joly.ch\\\/wp-content\\\/uploads\\\/2016\\\/01\\\/Logosite.png\",\"width\":319,\"height\":240,\"caption\":\"Cave Jacques & Aur\u00e9lia Joly, Vignerons \u00e0 Lavaux\"},\"image\":{\"@id\":\"https:\\\/\\\/cave-joly.ch\\\/#\\\/schema\\\/logo\\\/image\\\/\"},\"sameAs\":[\"https:\\\/\\\/www.facebook.com\\\/cavejoly\",\"https:\\\/\\\/www.instagram.com\\\/cavejoly\\\/\"]}]}<\/script>\n<!-- \/ Yoast SEO plugin. -->","yoast_head_json":{"title":"\"Le Merveilleux\" Villette AOC Lavaux - Cave Joly - Vignerons Encaveurs","robots":{"index":"index","follow":"follow","max-snippet":"max-snippet:-1","max-image-preview":"max-image-preview:large","max-video-preview":"max-video-preview:-1"},"canonical":"https:\/\/cave-joly.ch\/de\/produit\/merveilleux-villette-lavaux-70cl-2\/","og_locale":"de_DE","og_type":"article","og_title":"\"Le Merveilleux\" Villette AOC Lavaux - Cave Joly - Vignerons Encaveurs","og_description":"Zeichnet sich durch seine intensiven Noten von schwarzen Beeren aus, insbesondere der Kirsche. Durch den klassischen Ausbau im Stahltank entwickelt die Assemblage von Diolinoir und Gamaret eine intensive fruchtige Note. Passt besonders gut zu Fleischgerichten. Rebsorte: Diolinoir, Gamaret Besonderheit: Die Rebsorte Diolinoir ist eine Kreuzung zwischen Robin Noir und Pinot Noir. Der Gamaret ist ebenfalls eine Kreuzung aus zwei Sorten, beide wurden im Jahr 1970 in Pully kreiert. Interessante Rebsorten f\u00fcr die Assemblage. Charakter: Wein in Rubinrotem Kleid mit violettem Glanz, lebhafte Aromen von schwarzen Fr\u00fcchten. Am Gaumen eine sch\u00f6ne, ausgewogene Struktur, mit weichen und geschmeidigen Tanninen. Empfehlung: Hauptgang, Rotes Fleisch, Wild, Hart- und Weichk\u00e4se Temperatur: 13 bis 15\u00b0 C Haltbarkeit: 4 bis 6 Jahre, gutes Alterungspotenzial","og_url":"https:\/\/cave-joly.ch\/de\/produit\/merveilleux-villette-lavaux-70cl-2\/","og_site_name":"Cave Joly - Vignerons Encaveurs","article_publisher":"https:\/\/www.facebook.com\/cavejoly","article_modified_time":"2024-03-08T12:20:18+00:00","og_image":[{"width":1708,"height":2562,"url":"https:\/\/cave-joly.ch\/wp-content\/uploads\/2016\/08\/merveilleux_2018.jpeg","type":"image\/jpeg"}],"twitter_card":"summary_large_image","schema":{"@context":"https:\/\/schema.org","@graph":[{"@type":"WebPage","@id":"https:\/\/cave-joly.ch\/de\/produit\/merveilleux-villette-lavaux-70cl-2\/","url":"https:\/\/cave-joly.ch\/de\/produit\/merveilleux-villette-lavaux-70cl-2\/","name":"\"Le Merveilleux\" Villette AOC Lavaux - Cave Joly - Vignerons Encaveurs","isPartOf":{"@id":"https:\/\/cave-joly.ch\/#website"},"primaryImageOfPage":{"@id":"https:\/\/cave-joly.ch\/de\/produit\/merveilleux-villette-lavaux-70cl-2\/#primaryimage"},"image":{"@id":"https:\/\/cave-joly.ch\/de\/produit\/merveilleux-villette-lavaux-70cl-2\/#primaryimage"},"thumbnailUrl":"https:\/\/cave-joly.ch\/wp-content\/uploads\/2016\/08\/merveilleux_2018.jpeg","datePublished":"2016-08-29T07:36:29+00:00","dateModified":"2024-03-08T12:20:18+00:00","breadcrumb":{"@id":"https:\/\/cave-joly.ch\/de\/produit\/merveilleux-villette-lavaux-70cl-2\/#breadcrumb"},"inLanguage":"de","potentialAction":[{"@type":"ReadAction","target":["https:\/\/cave-joly.ch\/de\/produit\/merveilleux-villette-lavaux-70cl-2\/"]}]},{"@type":"ImageObject","inLanguage":"de","@id":"https:\/\/cave-joly.ch\/de\/produit\/merveilleux-villette-lavaux-70cl-2\/#primaryimage","url":"https:\/\/cave-joly.ch\/wp-content\/uploads\/2016\/08\/merveilleux_2018.jpeg","contentUrl":"https:\/\/cave-joly.ch\/wp-content\/uploads\/2016\/08\/merveilleux_2018.jpeg","width":1708,"height":2562},{"@type":"BreadcrumbList","@id":"https:\/\/cave-joly.ch\/de\/produit\/merveilleux-villette-lavaux-70cl-2\/#breadcrumb","itemListElement":[{"@type":"ListItem","position":1,"name":"Home","item":"https:\/\/cave-joly.ch\/de\/home-de\/"},{"@type":"ListItem","position":2,"name":"Shop","item":"https:\/\/cave-joly.ch\/de\/boutique\/"},{"@type":"ListItem","position":3,"name":"&#8220;Le Merveilleux&#8221; Villette AOC Lavaux"}]},{"@type":"WebSite","@id":"https:\/\/cave-joly.ch\/#website","url":"https:\/\/cave-joly.ch\/","name":"Cave Jacques & Aur\u00e9lia Joly - Vignerons \u00e0 Lavaux","description":"","publisher":{"@id":"https:\/\/cave-joly.ch\/#organization"},"potentialAction":[{"@type":"SearchAction","target":{"@type":"EntryPoint","urlTemplate":"https:\/\/cave-joly.ch\/?s={search_term_string}"},"query-input":{"@type":"PropertyValueSpecification","valueRequired":true,"valueName":"search_term_string"}}],"inLanguage":"de"},{"@type":"Organization","@id":"https:\/\/cave-joly.ch\/#organization","name":"Cave Jacques & Aur\u00e9lia Joly, Vignerons \u00e0 Lavaux","url":"https:\/\/cave-joly.ch\/","logo":{"@type":"ImageObject","inLanguage":"de","@id":"https:\/\/cave-joly.ch\/#\/schema\/logo\/image\/","url":"https:\/\/cave-joly.ch\/wp-content\/uploads\/2016\/01\/Logosite.png","contentUrl":"https:\/\/cave-joly.ch\/wp-content\/uploads\/2016\/01\/Logosite.png","width":319,"height":240,"caption":"Cave Jacques & Aur\u00e9lia Joly, Vignerons \u00e0 Lavaux"},"image":{"@id":"https:\/\/cave-joly.ch\/#\/schema\/logo\/image\/"},"sameAs":["https:\/\/www.facebook.com\/cavejoly","https:\/\/www.instagram.com\/cavejoly\/"]}]}},"tiered_pricing_type":"fixed","tiered_pricing_fixed_rules":[],"tiered_pricing_product_settings":{"layout":"default","base_unit_name":{"singular":null,"plural":null},"default_variation":null},"tiered_pricing_minimum_quantity":null,"tiered_pricing_roles_data":[],"tiered_pricing_percentage_rules":[],"tiered_pricing_maximum_quantity":null,"tiered_pricing_quantity_step":null,"_links":{"self":[{"href":"https:\/\/cave-joly.ch\/de\/wp-json\/wp\/v2\/product\/542","targetHints":{"allow":["GET"]}}],"collection":[{"href":"https:\/\/cave-joly.ch\/de\/wp-json\/wp\/v2\/product"}],"about":[{"href":"https:\/\/cave-joly.ch\/de\/wp-json\/wp\/v2\/types\/product"}],"wp:featuredmedia":[{"embeddable":true,"href":"https:\/\/cave-joly.ch\/de\/wp-json\/wp\/v2\/media\/1001"}],"wp:attachment":[{"href":"https:\/\/cave-joly.ch\/de\/wp-json\/wp\/v2\/media?parent=542"}],"wp:term":[{"taxonomy":"product_brand","embeddable":true,"href":"https:\/\/cave-joly.ch\/de\/wp-json\/wp\/v2\/product_brand?post=542"},{"taxonomy":"product_cat","embeddable":true,"href":"https:\/\/cave-joly.ch\/de\/wp-json\/wp\/v2\/product_cat?post=542"},{"taxonomy":"product_tag","embeddable":true,"href":"https:\/\/cave-joly.ch\/de\/wp-json\/wp\/v2\/product_tag?post=542"}],"curies":[{"name":"wp","href":"https:\/\/api.w.org\/{rel}","templated":true}]}}