{"id":3579,"date":"2021-09-09T14:54:36","date_gmt":"2021-09-09T13:54:36","guid":{"rendered":"https:\/\/cave-joly.ch\/boutique\/lescargot-rouge-selection\/"},"modified":"2024-11-10T19:23:02","modified_gmt":"2024-11-10T18:23:02","slug":"lescargot-rouge-selection","status":"publish","type":"product","link":"https:\/\/cave-joly.ch\/en\/produit\/lescargot-rouge-selection\/","title":{"rendered":"L\u2019Escargot Or S\u00e9lection AOC Vaudois"},"content":{"rendered":"","protected":false},"excerpt":{"rendered":"<p>L&#8217;Escargot Or S\u00e9l\u00e9ction is a barrel-aged wine. This range focuses on the balance of grape varieties that are representative of the AOC Vaud terroir, while at the same time creating a modern wine. The proportions of grape varieties and the vinification process are specific to each range.<\/p>\n<p><strong>Grape variety:<\/strong> Gamaret, Pinot Noir, Divico<br \/>\n<strong>Special feature:<\/strong> Matured in oak casks<br \/>\n<strong>Character:<\/strong> The combination of Gamaret, Pinot Noir and Divico gives the blend remarkable complexity. You can expect a multitude of aromas and flavour nuances, from fruity and spicy to floral.<br \/>\n<strong>Recommended:<\/strong> Main courses, grills<br \/>\n<strong>Temperature:<\/strong> 14 to 18\u00b0C<br \/>\n<strong>Custody:<\/strong> 2 to 5 years<\/p>\n","protected":false},"featured_media":6152,"template":"","meta":[],"product_brand":[],"product_cat":[114],"product_tag":[],"class_list":{"0":"post-3579","1":"product","2":"type-product","3":"status-publish","4":"has-post-thumbnail","6":"product_cat-joly-collection","8":"first","9":"outofstock","10":"shipping-taxable","11":"purchasable","12":"product-type-simple"},"yoast_head":"<!-- This site is optimized with the Yoast SEO plugin v27.4 - https:\/\/yoast.com\/product\/yoast-seo-wordpress\/ -->\n<title>L\u2019Escargot Or S\u00e9lection AOC Vaudois - Cave Joly - Vignerons Encaveurs<\/title>\n<meta name=\"robots\" content=\"index, follow, max-snippet:-1, max-image-preview:large, max-video-preview:-1\" \/>\n<link rel=\"canonical\" href=\"https:\/\/cave-joly.ch\/en\/produit\/lescargot-rouge-selection\/\" \/>\n<meta property=\"og:locale\" content=\"en_US\" \/>\n<meta property=\"og:type\" content=\"article\" \/>\n<meta property=\"og:title\" content=\"L\u2019Escargot Or S\u00e9lection AOC Vaudois - Cave Joly - Vignerons Encaveurs\" \/>\n<meta property=\"og:description\" content=\"L&#039;Escargot Or S\u00e9l\u00e9ction is a barrel-aged wine. This range focuses on the balance of grape varieties that are representative of the AOC Vaud terroir, while at the same time creating a modern wine. The proportions of grape varieties and the vinification process are specific to each range.  Grape variety: Gamaret, Pinot Noir, Divico Special feature: Matured in oak casks Character: The combination of Gamaret, Pinot Noir and Divico gives the blend remarkable complexity. You can expect a multitude of aromas and flavour nuances, from fruity and spicy to floral. Recommended: Main courses, grills Temperature: 14 to 18\u00b0C Custody: 2 to 5 years\" \/>\n<meta property=\"og:url\" content=\"https:\/\/cave-joly.ch\/en\/produit\/lescargot-rouge-selection\/\" \/>\n<meta property=\"og:site_name\" content=\"Cave Joly - Vignerons Encaveurs\" \/>\n<meta property=\"article:publisher\" content=\"https:\/\/www.facebook.com\/cavejoly\" \/>\n<meta property=\"article:modified_time\" content=\"2024-11-10T18:23:02+00:00\" \/>\n<meta property=\"og:image\" content=\"https:\/\/cave-joly.ch\/wp-content\/uploads\/2021\/09\/BTL-ESCARGOT-OR.jpg\" \/>\n\t<meta property=\"og:image:width\" content=\"1080\" \/>\n\t<meta property=\"og:image:height\" content=\"1920\" \/>\n\t<meta property=\"og:image:type\" content=\"image\/jpeg\" \/>\n<meta name=\"twitter:card\" content=\"summary_large_image\" \/>\n<script type=\"application\/ld+json\" class=\"yoast-schema-graph\">{\"@context\":\"https:\\\/\\\/schema.org\",\"@graph\":[{\"@type\":\"WebPage\",\"@id\":\"https:\\\/\\\/cave-joly.ch\\\/en\\\/produit\\\/lescargot-rouge-selection\\\/\",\"url\":\"https:\\\/\\\/cave-joly.ch\\\/en\\\/produit\\\/lescargot-rouge-selection\\\/\",\"name\":\"L\u2019Escargot Or S\u00e9lection AOC Vaudois - Cave Joly - Vignerons Encaveurs\",\"isPartOf\":{\"@id\":\"https:\\\/\\\/cave-joly.ch\\\/#website\"},\"primaryImageOfPage\":{\"@id\":\"https:\\\/\\\/cave-joly.ch\\\/en\\\/produit\\\/lescargot-rouge-selection\\\/#primaryimage\"},\"image\":{\"@id\":\"https:\\\/\\\/cave-joly.ch\\\/en\\\/produit\\\/lescargot-rouge-selection\\\/#primaryimage\"},\"thumbnailUrl\":\"https:\\\/\\\/cave-joly.ch\\\/wp-content\\\/uploads\\\/2021\\\/09\\\/BTL-ESCARGOT-OR.jpg\",\"datePublished\":\"2021-09-09T13:54:36+00:00\",\"dateModified\":\"2024-11-10T18:23:02+00:00\",\"breadcrumb\":{\"@id\":\"https:\\\/\\\/cave-joly.ch\\\/en\\\/produit\\\/lescargot-rouge-selection\\\/#breadcrumb\"},\"inLanguage\":\"en-US\",\"potentialAction\":[{\"@type\":\"ReadAction\",\"target\":[\"https:\\\/\\\/cave-joly.ch\\\/en\\\/produit\\\/lescargot-rouge-selection\\\/\"]}]},{\"@type\":\"ImageObject\",\"inLanguage\":\"en-US\",\"@id\":\"https:\\\/\\\/cave-joly.ch\\\/en\\\/produit\\\/lescargot-rouge-selection\\\/#primaryimage\",\"url\":\"https:\\\/\\\/cave-joly.ch\\\/wp-content\\\/uploads\\\/2021\\\/09\\\/BTL-ESCARGOT-OR.jpg\",\"contentUrl\":\"https:\\\/\\\/cave-joly.ch\\\/wp-content\\\/uploads\\\/2021\\\/09\\\/BTL-ESCARGOT-OR.jpg\",\"width\":1080,\"height\":1920},{\"@type\":\"BreadcrumbList\",\"@id\":\"https:\\\/\\\/cave-joly.ch\\\/en\\\/produit\\\/lescargot-rouge-selection\\\/#breadcrumb\",\"itemListElement\":[{\"@type\":\"ListItem\",\"position\":1,\"name\":\"Home\",\"item\":\"https:\\\/\\\/cave-joly.ch\\\/en\\\/home\\\/\"},{\"@type\":\"ListItem\",\"position\":2,\"name\":\"Shop\",\"item\":\"https:\\\/\\\/cave-joly.ch\\\/en\\\/boutique\\\/\"},{\"@type\":\"ListItem\",\"position\":3,\"name\":\"L\u2019Escargot Or S\u00e9lection AOC Vaudois\"}]},{\"@type\":\"WebSite\",\"@id\":\"https:\\\/\\\/cave-joly.ch\\\/#website\",\"url\":\"https:\\\/\\\/cave-joly.ch\\\/\",\"name\":\"Cave Jacques & Aur\u00e9lia Joly - Vignerons \u00e0 Lavaux\",\"description\":\"\",\"publisher\":{\"@id\":\"https:\\\/\\\/cave-joly.ch\\\/#organization\"},\"potentialAction\":[{\"@type\":\"SearchAction\",\"target\":{\"@type\":\"EntryPoint\",\"urlTemplate\":\"https:\\\/\\\/cave-joly.ch\\\/?s={search_term_string}\"},\"query-input\":{\"@type\":\"PropertyValueSpecification\",\"valueRequired\":true,\"valueName\":\"search_term_string\"}}],\"inLanguage\":\"en-US\"},{\"@type\":\"Organization\",\"@id\":\"https:\\\/\\\/cave-joly.ch\\\/#organization\",\"name\":\"Cave Jacques & Aur\u00e9lia Joly, Vignerons \u00e0 Lavaux\",\"url\":\"https:\\\/\\\/cave-joly.ch\\\/\",\"logo\":{\"@type\":\"ImageObject\",\"inLanguage\":\"en-US\",\"@id\":\"https:\\\/\\\/cave-joly.ch\\\/#\\\/schema\\\/logo\\\/image\\\/\",\"url\":\"https:\\\/\\\/cave-joly.ch\\\/wp-content\\\/uploads\\\/2016\\\/01\\\/Logosite.png\",\"contentUrl\":\"https:\\\/\\\/cave-joly.ch\\\/wp-content\\\/uploads\\\/2016\\\/01\\\/Logosite.png\",\"width\":319,\"height\":240,\"caption\":\"Cave Jacques & Aur\u00e9lia Joly, Vignerons \u00e0 Lavaux\"},\"image\":{\"@id\":\"https:\\\/\\\/cave-joly.ch\\\/#\\\/schema\\\/logo\\\/image\\\/\"},\"sameAs\":[\"https:\\\/\\\/www.facebook.com\\\/cavejoly\",\"https:\\\/\\\/www.instagram.com\\\/cavejoly\\\/\"]}]}<\/script>\n<!-- \/ Yoast SEO plugin. -->","yoast_head_json":{"title":"L\u2019Escargot Or S\u00e9lection AOC Vaudois - Cave Joly - Vignerons Encaveurs","robots":{"index":"index","follow":"follow","max-snippet":"max-snippet:-1","max-image-preview":"max-image-preview:large","max-video-preview":"max-video-preview:-1"},"canonical":"https:\/\/cave-joly.ch\/en\/produit\/lescargot-rouge-selection\/","og_locale":"en_US","og_type":"article","og_title":"L\u2019Escargot Or S\u00e9lection AOC Vaudois - Cave Joly - Vignerons Encaveurs","og_description":"L'Escargot Or S\u00e9l\u00e9ction is a barrel-aged wine. This range focuses on the balance of grape varieties that are representative of the AOC Vaud terroir, while at the same time creating a modern wine. The proportions of grape varieties and the vinification process are specific to each range.  Grape variety: Gamaret, Pinot Noir, Divico Special feature: Matured in oak casks Character: The combination of Gamaret, Pinot Noir and Divico gives the blend remarkable complexity. You can expect a multitude of aromas and flavour nuances, from fruity and spicy to floral. Recommended: Main courses, grills Temperature: 14 to 18\u00b0C Custody: 2 to 5 years","og_url":"https:\/\/cave-joly.ch\/en\/produit\/lescargot-rouge-selection\/","og_site_name":"Cave Joly - Vignerons Encaveurs","article_publisher":"https:\/\/www.facebook.com\/cavejoly","article_modified_time":"2024-11-10T18:23:02+00:00","og_image":[{"width":1080,"height":1920,"url":"https:\/\/cave-joly.ch\/wp-content\/uploads\/2021\/09\/BTL-ESCARGOT-OR.jpg","type":"image\/jpeg"}],"twitter_card":"summary_large_image","schema":{"@context":"https:\/\/schema.org","@graph":[{"@type":"WebPage","@id":"https:\/\/cave-joly.ch\/en\/produit\/lescargot-rouge-selection\/","url":"https:\/\/cave-joly.ch\/en\/produit\/lescargot-rouge-selection\/","name":"L\u2019Escargot Or S\u00e9lection AOC Vaudois - Cave Joly - Vignerons Encaveurs","isPartOf":{"@id":"https:\/\/cave-joly.ch\/#website"},"primaryImageOfPage":{"@id":"https:\/\/cave-joly.ch\/en\/produit\/lescargot-rouge-selection\/#primaryimage"},"image":{"@id":"https:\/\/cave-joly.ch\/en\/produit\/lescargot-rouge-selection\/#primaryimage"},"thumbnailUrl":"https:\/\/cave-joly.ch\/wp-content\/uploads\/2021\/09\/BTL-ESCARGOT-OR.jpg","datePublished":"2021-09-09T13:54:36+00:00","dateModified":"2024-11-10T18:23:02+00:00","breadcrumb":{"@id":"https:\/\/cave-joly.ch\/en\/produit\/lescargot-rouge-selection\/#breadcrumb"},"inLanguage":"en-US","potentialAction":[{"@type":"ReadAction","target":["https:\/\/cave-joly.ch\/en\/produit\/lescargot-rouge-selection\/"]}]},{"@type":"ImageObject","inLanguage":"en-US","@id":"https:\/\/cave-joly.ch\/en\/produit\/lescargot-rouge-selection\/#primaryimage","url":"https:\/\/cave-joly.ch\/wp-content\/uploads\/2021\/09\/BTL-ESCARGOT-OR.jpg","contentUrl":"https:\/\/cave-joly.ch\/wp-content\/uploads\/2021\/09\/BTL-ESCARGOT-OR.jpg","width":1080,"height":1920},{"@type":"BreadcrumbList","@id":"https:\/\/cave-joly.ch\/en\/produit\/lescargot-rouge-selection\/#breadcrumb","itemListElement":[{"@type":"ListItem","position":1,"name":"Home","item":"https:\/\/cave-joly.ch\/en\/home\/"},{"@type":"ListItem","position":2,"name":"Shop","item":"https:\/\/cave-joly.ch\/en\/boutique\/"},{"@type":"ListItem","position":3,"name":"L\u2019Escargot Or S\u00e9lection AOC Vaudois"}]},{"@type":"WebSite","@id":"https:\/\/cave-joly.ch\/#website","url":"https:\/\/cave-joly.ch\/","name":"Cave Jacques & Aur\u00e9lia Joly - Vignerons \u00e0 Lavaux","description":"","publisher":{"@id":"https:\/\/cave-joly.ch\/#organization"},"potentialAction":[{"@type":"SearchAction","target":{"@type":"EntryPoint","urlTemplate":"https:\/\/cave-joly.ch\/?s={search_term_string}"},"query-input":{"@type":"PropertyValueSpecification","valueRequired":true,"valueName":"search_term_string"}}],"inLanguage":"en-US"},{"@type":"Organization","@id":"https:\/\/cave-joly.ch\/#organization","name":"Cave Jacques & Aur\u00e9lia Joly, Vignerons \u00e0 Lavaux","url":"https:\/\/cave-joly.ch\/","logo":{"@type":"ImageObject","inLanguage":"en-US","@id":"https:\/\/cave-joly.ch\/#\/schema\/logo\/image\/","url":"https:\/\/cave-joly.ch\/wp-content\/uploads\/2016\/01\/Logosite.png","contentUrl":"https:\/\/cave-joly.ch\/wp-content\/uploads\/2016\/01\/Logosite.png","width":319,"height":240,"caption":"Cave Jacques & Aur\u00e9lia Joly, Vignerons \u00e0 Lavaux"},"image":{"@id":"https:\/\/cave-joly.ch\/#\/schema\/logo\/image\/"},"sameAs":["https:\/\/www.facebook.com\/cavejoly","https:\/\/www.instagram.com\/cavejoly\/"]}]}},"tiered_pricing_type":"fixed","tiered_pricing_fixed_rules":[],"tiered_pricing_product_settings":{"layout":"default","base_unit_name":{"singular":null,"plural":null},"default_variation":null},"tiered_pricing_minimum_quantity":null,"tiered_pricing_roles_data":[],"tiered_pricing_percentage_rules":[],"tiered_pricing_maximum_quantity":null,"tiered_pricing_quantity_step":null,"_links":{"self":[{"href":"https:\/\/cave-joly.ch\/en\/wp-json\/wp\/v2\/product\/3579","targetHints":{"allow":["GET"]}}],"collection":[{"href":"https:\/\/cave-joly.ch\/en\/wp-json\/wp\/v2\/product"}],"about":[{"href":"https:\/\/cave-joly.ch\/en\/wp-json\/wp\/v2\/types\/product"}],"wp:featuredmedia":[{"embeddable":true,"href":"https:\/\/cave-joly.ch\/en\/wp-json\/wp\/v2\/media\/6152"}],"wp:attachment":[{"href":"https:\/\/cave-joly.ch\/en\/wp-json\/wp\/v2\/media?parent=3579"}],"wp:term":[{"taxonomy":"product_brand","embeddable":true,"href":"https:\/\/cave-joly.ch\/en\/wp-json\/wp\/v2\/product_brand?post=3579"},{"taxonomy":"product_cat","embeddable":true,"href":"https:\/\/cave-joly.ch\/en\/wp-json\/wp\/v2\/product_cat?post=3579"},{"taxonomy":"product_tag","embeddable":true,"href":"https:\/\/cave-joly.ch\/en\/wp-json\/wp\/v2\/product_tag?post=3579"}],"curies":[{"name":"wp","href":"https:\/\/api.w.org\/{rel}","templated":true}]}}