{"id":3941,"date":"2019-11-07T16:06:54","date_gmt":"2019-11-07T15:06:54","guid":{"rendered":"https:\/\/cave-joly.ch\/produit\/tarte-au-chasselas\/"},"modified":"2022-01-24T09:06:12","modified_gmt":"2022-01-24T08:06:12","slug":"tarte-au-chasselas","status":"publish","type":"product","link":"https:\/\/cave-joly.ch\/en\/produit\/tarte-au-chasselas\/","title":{"rendered":"Tarte au Chasselas"},"content":{"rendered":"","protected":false},"excerpt":{"rendered":"<p><strong>NOUS AVONS CR\u00c9\u00c9 UNE NOUVEAUT\u00c9 100% SUISSE, LA TARTE AU CHASSELAS AVEC UNE RECETTE D\u2019AUR\u00c9LIA.<\/strong><\/p>\n<p>Une excellente id\u00e9e pour remercier des clients, valoriser un partenariat, r\u00e9compenser vos collaborateurs, ou simplement pour vous, vos amis et famille.<\/p>\n<p>Inclus dans l\u2019envoi :<\/p>\n<ul>\n<li>Une bouteille de notre Chasselas<\/li>\n<li>M\u00e9lange de sucre et farine<\/li>\n<li>La recette d\u2019Aur\u00e9lia<\/li>\n<\/ul>\n","protected":false},"featured_media":1366,"template":"","meta":[],"product_brand":[],"product_cat":[115],"product_tag":[],"class_list":{"0":"post-3941","1":"product","2":"type-product","3":"status-publish","4":"has-post-thumbnail","6":"product_cat-discoveries","7":"product_shipping_class-paquets-plus-gros-que-bt-en","9":"first","10":"instock","11":"shipping-taxable","12":"purchasable","13":"product-type-simple"},"yoast_head":"<!-- This site is optimized with the Yoast SEO plugin v27.4 - https:\/\/yoast.com\/product\/yoast-seo-wordpress\/ -->\n<title>Tarte au Chasselas - Cave Joly - Vignerons Encaveurs<\/title>\n<meta name=\"robots\" content=\"index, follow, max-snippet:-1, max-image-preview:large, max-video-preview:-1\" \/>\n<link rel=\"canonical\" href=\"https:\/\/cave-joly.ch\/en\/produit\/tarte-au-chasselas\/\" \/>\n<meta property=\"og:locale\" content=\"en_US\" \/>\n<meta property=\"og:type\" content=\"article\" \/>\n<meta property=\"og:title\" content=\"Tarte au Chasselas - Cave Joly - Vignerons Encaveurs\" \/>\n<meta property=\"og:description\" content=\"NOUS AVONS CR\u00c9\u00c9 UNE NOUVEAUT\u00c9 100% SUISSE, LA TARTE AU CHASSELAS AVEC UNE RECETTE D\u2019AUR\u00c9LIA.  Une excellente id\u00e9e pour remercier des clients, valoriser un partenariat, r\u00e9compenser vos collaborateurs, ou simplement pour vous, vos amis et famille.  Inclus dans l\u2019envoi :   Une bouteille de notre Chasselas  M\u00e9lange de sucre et farine  La recette d\u2019Aur\u00e9lia\" \/>\n<meta property=\"og:url\" content=\"https:\/\/cave-joly.ch\/en\/produit\/tarte-au-chasselas\/\" \/>\n<meta property=\"og:site_name\" content=\"Cave Joly - Vignerons Encaveurs\" \/>\n<meta property=\"article:publisher\" content=\"https:\/\/www.facebook.com\/cavejoly\" \/>\n<meta property=\"article:modified_time\" content=\"2022-01-24T08:06:12+00:00\" \/>\n<meta property=\"og:image\" content=\"https:\/\/cave-joly.ch\/wp-content\/uploads\/2019\/11\/nu_1112-42_2019_davidbochud_rs.jpg\" \/>\n\t<meta property=\"og:image:width\" content=\"1920\" \/>\n\t<meta property=\"og:image:height\" content=\"1440\" \/>\n\t<meta property=\"og:image:type\" content=\"image\/jpeg\" \/>\n<meta name=\"twitter:card\" content=\"summary_large_image\" \/>\n<script type=\"application\/ld+json\" class=\"yoast-schema-graph\">{\"@context\":\"https:\\\/\\\/schema.org\",\"@graph\":[{\"@type\":\"WebPage\",\"@id\":\"https:\\\/\\\/cave-joly.ch\\\/en\\\/produit\\\/tarte-au-chasselas\\\/\",\"url\":\"https:\\\/\\\/cave-joly.ch\\\/en\\\/produit\\\/tarte-au-chasselas\\\/\",\"name\":\"Tarte au Chasselas - Cave Joly - Vignerons Encaveurs\",\"isPartOf\":{\"@id\":\"https:\\\/\\\/cave-joly.ch\\\/#website\"},\"primaryImageOfPage\":{\"@id\":\"https:\\\/\\\/cave-joly.ch\\\/en\\\/produit\\\/tarte-au-chasselas\\\/#primaryimage\"},\"image\":{\"@id\":\"https:\\\/\\\/cave-joly.ch\\\/en\\\/produit\\\/tarte-au-chasselas\\\/#primaryimage\"},\"thumbnailUrl\":\"https:\\\/\\\/cave-joly.ch\\\/wp-content\\\/uploads\\\/2019\\\/11\\\/nu_1112-42_2019_davidbochud_rs.jpg\",\"datePublished\":\"2019-11-07T15:06:54+00:00\",\"dateModified\":\"2022-01-24T08:06:12+00:00\",\"breadcrumb\":{\"@id\":\"https:\\\/\\\/cave-joly.ch\\\/en\\\/produit\\\/tarte-au-chasselas\\\/#breadcrumb\"},\"inLanguage\":\"en-US\",\"potentialAction\":[{\"@type\":\"ReadAction\",\"target\":[\"https:\\\/\\\/cave-joly.ch\\\/en\\\/produit\\\/tarte-au-chasselas\\\/\"]}]},{\"@type\":\"ImageObject\",\"inLanguage\":\"en-US\",\"@id\":\"https:\\\/\\\/cave-joly.ch\\\/en\\\/produit\\\/tarte-au-chasselas\\\/#primaryimage\",\"url\":\"https:\\\/\\\/cave-joly.ch\\\/wp-content\\\/uploads\\\/2019\\\/11\\\/nu_1112-42_2019_davidbochud_rs.jpg\",\"contentUrl\":\"https:\\\/\\\/cave-joly.ch\\\/wp-content\\\/uploads\\\/2019\\\/11\\\/nu_1112-42_2019_davidbochud_rs.jpg\",\"width\":1920,\"height\":1440},{\"@type\":\"BreadcrumbList\",\"@id\":\"https:\\\/\\\/cave-joly.ch\\\/en\\\/produit\\\/tarte-au-chasselas\\\/#breadcrumb\",\"itemListElement\":[{\"@type\":\"ListItem\",\"position\":1,\"name\":\"Home\",\"item\":\"https:\\\/\\\/cave-joly.ch\\\/en\\\/home\\\/\"},{\"@type\":\"ListItem\",\"position\":2,\"name\":\"Shop\",\"item\":\"https:\\\/\\\/cave-joly.ch\\\/en\\\/boutique\\\/\"},{\"@type\":\"ListItem\",\"position\":3,\"name\":\"Tarte au Chasselas\"}]},{\"@type\":\"WebSite\",\"@id\":\"https:\\\/\\\/cave-joly.ch\\\/#website\",\"url\":\"https:\\\/\\\/cave-joly.ch\\\/\",\"name\":\"Cave Jacques & Aur\u00e9lia Joly - Vignerons \u00e0 Lavaux\",\"description\":\"\",\"publisher\":{\"@id\":\"https:\\\/\\\/cave-joly.ch\\\/#organization\"},\"potentialAction\":[{\"@type\":\"SearchAction\",\"target\":{\"@type\":\"EntryPoint\",\"urlTemplate\":\"https:\\\/\\\/cave-joly.ch\\\/?s={search_term_string}\"},\"query-input\":{\"@type\":\"PropertyValueSpecification\",\"valueRequired\":true,\"valueName\":\"search_term_string\"}}],\"inLanguage\":\"en-US\"},{\"@type\":\"Organization\",\"@id\":\"https:\\\/\\\/cave-joly.ch\\\/#organization\",\"name\":\"Cave Jacques & Aur\u00e9lia Joly, Vignerons \u00e0 Lavaux\",\"url\":\"https:\\\/\\\/cave-joly.ch\\\/\",\"logo\":{\"@type\":\"ImageObject\",\"inLanguage\":\"en-US\",\"@id\":\"https:\\\/\\\/cave-joly.ch\\\/#\\\/schema\\\/logo\\\/image\\\/\",\"url\":\"https:\\\/\\\/cave-joly.ch\\\/wp-content\\\/uploads\\\/2016\\\/01\\\/Logosite.png\",\"contentUrl\":\"https:\\\/\\\/cave-joly.ch\\\/wp-content\\\/uploads\\\/2016\\\/01\\\/Logosite.png\",\"width\":319,\"height\":240,\"caption\":\"Cave Jacques & Aur\u00e9lia Joly, Vignerons \u00e0 Lavaux\"},\"image\":{\"@id\":\"https:\\\/\\\/cave-joly.ch\\\/#\\\/schema\\\/logo\\\/image\\\/\"},\"sameAs\":[\"https:\\\/\\\/www.facebook.com\\\/cavejoly\",\"https:\\\/\\\/www.instagram.com\\\/cavejoly\\\/\"]}]}<\/script>\n<!-- \/ Yoast SEO plugin. -->","yoast_head_json":{"title":"Tarte au Chasselas - Cave Joly - Vignerons Encaveurs","robots":{"index":"index","follow":"follow","max-snippet":"max-snippet:-1","max-image-preview":"max-image-preview:large","max-video-preview":"max-video-preview:-1"},"canonical":"https:\/\/cave-joly.ch\/en\/produit\/tarte-au-chasselas\/","og_locale":"en_US","og_type":"article","og_title":"Tarte au Chasselas - Cave Joly - Vignerons Encaveurs","og_description":"NOUS AVONS CR\u00c9\u00c9 UNE NOUVEAUT\u00c9 100% SUISSE, LA TARTE AU CHASSELAS AVEC UNE RECETTE D\u2019AUR\u00c9LIA.  Une excellente id\u00e9e pour remercier des clients, valoriser un partenariat, r\u00e9compenser vos collaborateurs, ou simplement pour vous, vos amis et famille.  Inclus dans l\u2019envoi :   Une bouteille de notre Chasselas  M\u00e9lange de sucre et farine  La recette d\u2019Aur\u00e9lia","og_url":"https:\/\/cave-joly.ch\/en\/produit\/tarte-au-chasselas\/","og_site_name":"Cave Joly - Vignerons Encaveurs","article_publisher":"https:\/\/www.facebook.com\/cavejoly","article_modified_time":"2022-01-24T08:06:12+00:00","og_image":[{"width":1920,"height":1440,"url":"https:\/\/cave-joly.ch\/wp-content\/uploads\/2019\/11\/nu_1112-42_2019_davidbochud_rs.jpg","type":"image\/jpeg"}],"twitter_card":"summary_large_image","schema":{"@context":"https:\/\/schema.org","@graph":[{"@type":"WebPage","@id":"https:\/\/cave-joly.ch\/en\/produit\/tarte-au-chasselas\/","url":"https:\/\/cave-joly.ch\/en\/produit\/tarte-au-chasselas\/","name":"Tarte au Chasselas - Cave Joly - Vignerons Encaveurs","isPartOf":{"@id":"https:\/\/cave-joly.ch\/#website"},"primaryImageOfPage":{"@id":"https:\/\/cave-joly.ch\/en\/produit\/tarte-au-chasselas\/#primaryimage"},"image":{"@id":"https:\/\/cave-joly.ch\/en\/produit\/tarte-au-chasselas\/#primaryimage"},"thumbnailUrl":"https:\/\/cave-joly.ch\/wp-content\/uploads\/2019\/11\/nu_1112-42_2019_davidbochud_rs.jpg","datePublished":"2019-11-07T15:06:54+00:00","dateModified":"2022-01-24T08:06:12+00:00","breadcrumb":{"@id":"https:\/\/cave-joly.ch\/en\/produit\/tarte-au-chasselas\/#breadcrumb"},"inLanguage":"en-US","potentialAction":[{"@type":"ReadAction","target":["https:\/\/cave-joly.ch\/en\/produit\/tarte-au-chasselas\/"]}]},{"@type":"ImageObject","inLanguage":"en-US","@id":"https:\/\/cave-joly.ch\/en\/produit\/tarte-au-chasselas\/#primaryimage","url":"https:\/\/cave-joly.ch\/wp-content\/uploads\/2019\/11\/nu_1112-42_2019_davidbochud_rs.jpg","contentUrl":"https:\/\/cave-joly.ch\/wp-content\/uploads\/2019\/11\/nu_1112-42_2019_davidbochud_rs.jpg","width":1920,"height":1440},{"@type":"BreadcrumbList","@id":"https:\/\/cave-joly.ch\/en\/produit\/tarte-au-chasselas\/#breadcrumb","itemListElement":[{"@type":"ListItem","position":1,"name":"Home","item":"https:\/\/cave-joly.ch\/en\/home\/"},{"@type":"ListItem","position":2,"name":"Shop","item":"https:\/\/cave-joly.ch\/en\/boutique\/"},{"@type":"ListItem","position":3,"name":"Tarte au Chasselas"}]},{"@type":"WebSite","@id":"https:\/\/cave-joly.ch\/#website","url":"https:\/\/cave-joly.ch\/","name":"Cave Jacques & Aur\u00e9lia Joly - Vignerons \u00e0 Lavaux","description":"","publisher":{"@id":"https:\/\/cave-joly.ch\/#organization"},"potentialAction":[{"@type":"SearchAction","target":{"@type":"EntryPoint","urlTemplate":"https:\/\/cave-joly.ch\/?s={search_term_string}"},"query-input":{"@type":"PropertyValueSpecification","valueRequired":true,"valueName":"search_term_string"}}],"inLanguage":"en-US"},{"@type":"Organization","@id":"https:\/\/cave-joly.ch\/#organization","name":"Cave Jacques & Aur\u00e9lia Joly, Vignerons \u00e0 Lavaux","url":"https:\/\/cave-joly.ch\/","logo":{"@type":"ImageObject","inLanguage":"en-US","@id":"https:\/\/cave-joly.ch\/#\/schema\/logo\/image\/","url":"https:\/\/cave-joly.ch\/wp-content\/uploads\/2016\/01\/Logosite.png","contentUrl":"https:\/\/cave-joly.ch\/wp-content\/uploads\/2016\/01\/Logosite.png","width":319,"height":240,"caption":"Cave Jacques & Aur\u00e9lia Joly, Vignerons \u00e0 Lavaux"},"image":{"@id":"https:\/\/cave-joly.ch\/#\/schema\/logo\/image\/"},"sameAs":["https:\/\/www.facebook.com\/cavejoly","https:\/\/www.instagram.com\/cavejoly\/"]}]}},"tiered_pricing_type":"fixed","tiered_pricing_fixed_rules":[],"tiered_pricing_product_settings":{"layout":"default","base_unit_name":{"singular":null,"plural":null},"default_variation":null},"tiered_pricing_minimum_quantity":null,"tiered_pricing_roles_data":[],"tiered_pricing_percentage_rules":[],"tiered_pricing_maximum_quantity":null,"tiered_pricing_quantity_step":null,"_links":{"self":[{"href":"https:\/\/cave-joly.ch\/en\/wp-json\/wp\/v2\/product\/3941","targetHints":{"allow":["GET"]}}],"collection":[{"href":"https:\/\/cave-joly.ch\/en\/wp-json\/wp\/v2\/product"}],"about":[{"href":"https:\/\/cave-joly.ch\/en\/wp-json\/wp\/v2\/types\/product"}],"wp:featuredmedia":[{"embeddable":true,"href":"https:\/\/cave-joly.ch\/en\/wp-json\/wp\/v2\/media\/1366"}],"wp:attachment":[{"href":"https:\/\/cave-joly.ch\/en\/wp-json\/wp\/v2\/media?parent=3941"}],"wp:term":[{"taxonomy":"product_brand","embeddable":true,"href":"https:\/\/cave-joly.ch\/en\/wp-json\/wp\/v2\/product_brand?post=3941"},{"taxonomy":"product_cat","embeddable":true,"href":"https:\/\/cave-joly.ch\/en\/wp-json\/wp\/v2\/product_cat?post=3941"},{"taxonomy":"product_tag","embeddable":true,"href":"https:\/\/cave-joly.ch\/en\/wp-json\/wp\/v2\/product_tag?post=3941"}],"curies":[{"name":"wp","href":"https:\/\/api.w.org\/{rel}","templated":true}]}}